{"id":999,"date":"2025-10-31T18:08:00","date_gmt":"2025-10-31T17:08:00","guid":{"rendered":"https:\/\/outfit.zikoway.pl\/?post_type=product&#038;p=999"},"modified":"2025-10-31T18:08:00","modified_gmt":"2025-10-31T17:08:00","slug":"koszulka-meska-top-kocham-gory","status":"publish","type":"product","link":"https:\/\/outfit.zikoway.pl\/?product=koszulka-meska-top-kocham-gory","title":{"rendered":"Koszulka m\u0119ska top &#8222;Kocham g\u00f3ry&#8221;"},"content":{"rendered":"<h3 data-start=\"121\" data-end=\"158\">\ud83c\udfd4\ufe0f M\u0119ski top <strong data-start=\"139\" data-end=\"156\">\u201eKocham G\u00f3ry\u201d<\/strong><\/h3>\n<p data-start=\"160\" data-end=\"393\">Lekki, przewiewny i wygodny \u2013 m\u0119ski top <strong data-start=\"200\" data-end=\"217\">\u201eKocham G\u00f3ry\u201d<\/strong> to idealny wyb\u00f3r na lato, trening lub g\u00f3rskie w\u0119dr\u00f3wki.<br data-start=\"273\" data-end=\"276\" \/>Wykonany z wysokiej jako\u015bci, oddychaj\u0105cej bawe\u0142ny, zapewnia maksymalny komfort i swobod\u0119 ruch\u00f3w nawet w upalne dni.<\/p>\n<p data-start=\"395\" data-end=\"513\">Klasyczny sportowy kr\u00f3j i wyrazisty nadruk <strong data-start=\"438\" data-end=\"455\">\u201eKocham G\u00f3ry\u201d<\/strong> podkre\u015blaj\u0105 pasj\u0119 do natury oraz aktywnego stylu \u017cycia.<\/p>\n","protected":false},"excerpt":{"rendered":"<p data-start=\"73\" data-end=\"221\"><strong data-start=\"73\" data-end=\"119\">M\u0119ski top \u201eKocham G\u00f3ry\u201d \u2013 lekki i wygodny.<\/strong><br data-start=\"119\" data-end=\"122\" \/>Oddychaj\u0105cy materia\u0142 i swobodny kr\u00f3j zapewniaj\u0105 komfort podczas treningu, w\u0119dr\u00f3wek i letnich dni.<\/p>\n","protected":false},"featured_media":1000,"comment_status":"open","ping_status":"closed","template":"","meta":{"site-sidebar-layout":"default","site-content-layout":"","ast-site-content-layout":"default","site-content-style":"default","site-sidebar-style":"default","ast-global-header-display":"","ast-banner-title-visibility":"","ast-main-header-display":"","ast-hfb-above-header-display":"","ast-hfb-below-header-display":"","ast-hfb-mobile-header-display":"","site-post-title":"","ast-breadcrumbs-content":"","ast-featured-img":"","footer-sml-layout":"","theme-transparent-header-meta":"default","adv-header-id-meta":"","stick-header-meta":"","header-above-stick-meta":"","header-main-stick-meta":"","header-below-stick-meta":"","astra-migrate-meta-layouts":"set","ast-page-background-enabled":"default","ast-page-background-meta":{"desktop":{"background-color":"var(--ast-global-color-5)","background-image":"","background-repeat":"repeat","background-position":"center center","background-size":"auto","background-attachment":"scroll","background-type":"","background-media":"","overlay-type":"","overlay-color":"","overlay-opacity":"","overlay-gradient":""},"tablet":{"background-color":"","background-image":"","background-repeat":"repeat","background-position":"center center","background-size":"auto","background-attachment":"scroll","background-type":"","background-media":"","overlay-type":"","overlay-color":"","overlay-opacity":"","overlay-gradient":""},"mobile":{"background-color":"","background-image":"","background-repeat":"repeat","background-position":"center center","background-size":"auto","background-attachment":"scroll","background-type":"","background-media":"","overlay-type":"","overlay-color":"","overlay-opacity":"","overlay-gradient":""}},"ast-content-background-meta":{"desktop":{"background-color":"var(--ast-global-color-4)","background-image":"","background-repeat":"repeat","background-position":"center center","background-size":"auto","background-attachment":"scroll","background-type":"","background-media":"","overlay-type":"","overlay-color":"","overlay-opacity":"","overlay-gradient":""},"tablet":{"background-color":"var(--ast-global-color-4)","background-image":"","background-repeat":"repeat","background-position":"center center","background-size":"auto","background-attachment":"scroll","background-type":"","background-media":"","overlay-type":"","overlay-color":"","overlay-opacity":"","overlay-gradient":""},"mobile":{"background-color":"var(--ast-global-color-4)","background-image":"","background-repeat":"repeat","background-position":"center center","background-size":"auto","background-attachment":"scroll","background-type":"","background-media":"","overlay-type":"","overlay-color":"","overlay-opacity":"","overlay-gradient":""}}},"product_brand":[],"product_cat":[43],"product_tag":[108,97,78,123,79,119,77],"class_list":{"0":"post-999","1":"product","2":"type-product","3":"status-publish","4":"has-post-thumbnail","6":"product_cat-topy-koszulki-odziez-meska","7":"product_tag-gory","8":"product_tag-kocham-gory","9":"product_tag-koszulka","10":"product_tag-koszulka-meska","11":"product_tag-koszulka-top","12":"product_tag-odziez-meska","13":"product_tag-top","14":"desktop-align-left","15":"tablet-align-left","16":"mobile-align-left","18":"first","19":"instock","20":"taxable","21":"shipping-taxable","22":"purchasable","23":"product-type-variable","24":"wvs-archive-product-wrapper"},"_links":{"self":[{"href":"https:\/\/outfit.zikoway.pl\/index.php?rest_route=\/wp\/v2\/product\/999","targetHints":{"allow":["GET"]}}],"collection":[{"href":"https:\/\/outfit.zikoway.pl\/index.php?rest_route=\/wp\/v2\/product"}],"about":[{"href":"https:\/\/outfit.zikoway.pl\/index.php?rest_route=\/wp\/v2\/types\/product"}],"replies":[{"embeddable":true,"href":"https:\/\/outfit.zikoway.pl\/index.php?rest_route=%2Fwp%2Fv2%2Fcomments&post=999"}],"wp:featuredmedia":[{"embeddable":true,"href":"https:\/\/outfit.zikoway.pl\/index.php?rest_route=\/wp\/v2\/media\/1000"}],"wp:attachment":[{"href":"https:\/\/outfit.zikoway.pl\/index.php?rest_route=%2Fwp%2Fv2%2Fmedia&parent=999"}],"wp:term":[{"taxonomy":"product_brand","embeddable":true,"href":"https:\/\/outfit.zikoway.pl\/index.php?rest_route=%2Fwp%2Fv2%2Fproduct_brand&post=999"},{"taxonomy":"product_cat","embeddable":true,"href":"https:\/\/outfit.zikoway.pl\/index.php?rest_route=%2Fwp%2Fv2%2Fproduct_cat&post=999"},{"taxonomy":"product_tag","embeddable":true,"href":"https:\/\/outfit.zikoway.pl\/index.php?rest_route=%2Fwp%2Fv2%2Fproduct_tag&post=999"}],"curies":[{"name":"wp","href":"https:\/\/api.w.org\/{rel}","templated":true}]}}