{"id":980,"date":"2025-10-31T17:57:11","date_gmt":"2025-10-31T16:57:11","guid":{"rendered":"https:\/\/outfit.zikoway.pl\/?post_type=product&#038;p=980"},"modified":"2025-10-31T17:57:11","modified_gmt":"2025-10-31T16:57:11","slug":"koszulka-polo-meska-kocham-gory","status":"publish","type":"product","link":"https:\/\/outfit.zikoway.pl\/?product=koszulka-polo-meska-kocham-gory","title":{"rendered":"Koszulka polo m\u0119ska &#8222;Kocham g\u00f3ry&#8221;"},"content":{"rendered":"<h3 data-start=\"131\" data-end=\"177\">\ud83d\udc55 M\u0119ska koszulka polo <strong data-start=\"158\" data-end=\"175\">\u201eKocham G\u00f3ry\u201d<\/strong><\/h3>\n<p data-start=\"179\" data-end=\"464\">Stylowa, elegancka i wygodna \u2013 m\u0119ska koszulka polo <strong data-start=\"230\" data-end=\"247\">\u201eKocham G\u00f3ry\u201d<\/strong> to idealny wyb\u00f3r dla m\u0119\u017cczyzn ceni\u0105cych klasyczny wygl\u0105d i komfort w codziennym noszeniu. \ud83c\udfd4\ufe0f<br data-start=\"341\" data-end=\"344\" \/>Wykonana z wysokiej jako\u015bci, mi\u0119kkiej bawe\u0142ny z dodatkiem elastanu, zapewnia wygod\u0119 i swobod\u0119 ruch\u00f3w przez ca\u0142y dzie\u0144.<\/p>\n<p data-start=\"466\" data-end=\"660\">Klasyczny ko\u0142nierzyk z kr\u00f3tkim zapi\u0119ciem na guziki oraz dopasowany kr\u00f3j nadaj\u0105 koszulce elegancki charakter, a wyrazisty nadruk <strong data-start=\"594\" data-end=\"611\">\u201eKocham G\u00f3ry\u201d<\/strong> subtelnie podkre\u015bla pasj\u0119 do przyg\u00f3d i natury.<\/p>\n","protected":false},"excerpt":{"rendered":"<p><strong data-start=\"81\" data-end=\"139\">M\u0119ska koszulka polo \u201eKocham G\u00f3ry\u201d \u2013 wygodna i stylowa.<\/strong><br data-start=\"139\" data-end=\"142\" \/>Mi\u0119kka bawe\u0142na, klasyczny ko\u0142nierzyk i subtelny nadruk sprawiaj\u0105, \u017ce koszulka idealnie nadaje si\u0119 na co dzie\u0144 i casualowe stylizacje.<\/p>\n","protected":false},"featured_media":981,"comment_status":"open","ping_status":"closed","template":"","meta":{"site-sidebar-layout":"default","site-content-layout":"","ast-site-content-layout":"default","site-content-style":"default","site-sidebar-style":"default","ast-global-header-display":"","ast-banner-title-visibility":"","ast-main-header-display":"","ast-hfb-above-header-display":"","ast-hfb-below-header-display":"","ast-hfb-mobile-header-display":"","site-post-title":"","ast-breadcrumbs-content":"","ast-featured-img":"","footer-sml-layout":"","theme-transparent-header-meta":"default","adv-header-id-meta":"","stick-header-meta":"","header-above-stick-meta":"","header-main-stick-meta":"","header-below-stick-meta":"","astra-migrate-meta-layouts":"set","ast-page-background-enabled":"default","ast-page-background-meta":{"desktop":{"background-color":"var(--ast-global-color-5)","background-image":"","background-repeat":"repeat","background-position":"center center","background-size":"auto","background-attachment":"scroll","background-type":"","background-media":"","overlay-type":"","overlay-color":"","overlay-opacity":"","overlay-gradient":""},"tablet":{"background-color":"","background-image":"","background-repeat":"repeat","background-position":"center center","background-size":"auto","background-attachment":"scroll","background-type":"","background-media":"","overlay-type":"","overlay-color":"","overlay-opacity":"","overlay-gradient":""},"mobile":{"background-color":"","background-image":"","background-repeat":"repeat","background-position":"center center","background-size":"auto","background-attachment":"scroll","background-type":"","background-media":"","overlay-type":"","overlay-color":"","overlay-opacity":"","overlay-gradient":""}},"ast-content-background-meta":{"desktop":{"background-color":"var(--ast-global-color-4)","background-image":"","background-repeat":"repeat","background-position":"center center","background-size":"auto","background-attachment":"scroll","background-type":"","background-media":"","overlay-type":"","overlay-color":"","overlay-opacity":"","overlay-gradient":""},"tablet":{"background-color":"var(--ast-global-color-4)","background-image":"","background-repeat":"repeat","background-position":"center center","background-size":"auto","background-attachment":"scroll","background-type":"","background-media":"","overlay-type":"","overlay-color":"","overlay-opacity":"","overlay-gradient":""},"mobile":{"background-color":"var(--ast-global-color-4)","background-image":"","background-repeat":"repeat","background-position":"center center","background-size":"auto","background-attachment":"scroll","background-type":"","background-media":"","overlay-type":"","overlay-color":"","overlay-opacity":"","overlay-gradient":""}}},"product_brand":[],"product_cat":[42],"product_tag":[108,97,78,123,119,124],"class_list":{"0":"post-980","1":"product","2":"type-product","3":"status-publish","4":"has-post-thumbnail","6":"product_cat-t-shirt-polo","7":"product_tag-gory","8":"product_tag-kocham-gory","9":"product_tag-koszulka","10":"product_tag-koszulka-meska","11":"product_tag-odziez-meska","12":"product_tag-polo","13":"desktop-align-left","14":"tablet-align-left","15":"mobile-align-left","17":"first","18":"instock","19":"taxable","20":"shipping-taxable","21":"purchasable","22":"product-type-variable","23":"wvs-archive-product-wrapper"},"_links":{"self":[{"href":"https:\/\/outfit.zikoway.pl\/index.php?rest_route=\/wp\/v2\/product\/980","targetHints":{"allow":["GET"]}}],"collection":[{"href":"https:\/\/outfit.zikoway.pl\/index.php?rest_route=\/wp\/v2\/product"}],"about":[{"href":"https:\/\/outfit.zikoway.pl\/index.php?rest_route=\/wp\/v2\/types\/product"}],"replies":[{"embeddable":true,"href":"https:\/\/outfit.zikoway.pl\/index.php?rest_route=%2Fwp%2Fv2%2Fcomments&post=980"}],"wp:featuredmedia":[{"embeddable":true,"href":"https:\/\/outfit.zikoway.pl\/index.php?rest_route=\/wp\/v2\/media\/981"}],"wp:attachment":[{"href":"https:\/\/outfit.zikoway.pl\/index.php?rest_route=%2Fwp%2Fv2%2Fmedia&parent=980"}],"wp:term":[{"taxonomy":"product_brand","embeddable":true,"href":"https:\/\/outfit.zikoway.pl\/index.php?rest_route=%2Fwp%2Fv2%2Fproduct_brand&post=980"},{"taxonomy":"product_cat","embeddable":true,"href":"https:\/\/outfit.zikoway.pl\/index.php?rest_route=%2Fwp%2Fv2%2Fproduct_cat&post=980"},{"taxonomy":"product_tag","embeddable":true,"href":"https:\/\/outfit.zikoway.pl\/index.php?rest_route=%2Fwp%2Fv2%2Fproduct_tag&post=980"}],"curies":[{"name":"wp","href":"https:\/\/api.w.org\/{rel}","templated":true}]}}