{"id":950,"date":"2025-10-31T17:45:32","date_gmt":"2025-10-31T16:45:32","guid":{"rendered":"https:\/\/outfit.zikoway.pl\/?post_type=product&#038;p=950"},"modified":"2025-10-31T17:45:32","modified_gmt":"2025-10-31T16:45:32","slug":"koszulka-meska-kocham-gory","status":"publish","type":"product","link":"https:\/\/outfit.zikoway.pl\/?product=koszulka-meska-kocham-gory","title":{"rendered":"Koszulka m\u0119ska &#8222;Kocham g\u00f3ry&#8221;"},"content":{"rendered":"<h3 data-start=\"121\" data-end=\"162\">\ud83d\udc55 M\u0119ska koszulka <strong data-start=\"143\" data-end=\"160\">\u201eKocham G\u00f3ry\u201d<\/strong><\/h3>\n<p data-start=\"164\" data-end=\"466\">Wygodna, stylowa i wytrzyma\u0142a \u2013 m\u0119ska koszulka <strong data-start=\"211\" data-end=\"228\">\u201eKocham G\u00f3ry\u201d<\/strong> to idealny wyb\u00f3r dla ka\u017cdego mi\u0142o\u015bnika przyg\u00f3d i aktywnego stylu \u017cycia. \ud83c\udfd4\ufe0f<br data-start=\"304\" data-end=\"307\" \/>Wykonana z wysokiej jako\u015bci, mi\u0119kkiej bawe\u0142ny, zapewnia komfort noszenia przez ca\u0142y dzie\u0144 \u2013 zar\u00f3wno podczas w\u0119dr\u00f3wek, spacer\u00f3w, jak i codziennych stylizacji.<\/p>\n<p data-start=\"468\" data-end=\"695\">Klasyczny kr\u00f3j z dopasowaniem do sylwetki oraz wyrazisty nadruk <strong data-start=\"532\" data-end=\"549\">\u201eKocham G\u00f3ry\u201d<\/strong> pozwalaj\u0105 podkre\u015bli\u0107 pasj\u0119 i indywidualny styl. Lekka i przewiewna, idealna na lato lub jako element warstwowych stylizacji w ch\u0142odniejsze dni.<\/p>\n","protected":false},"excerpt":{"rendered":"<p><strong data-start=\"76\" data-end=\"129\">M\u0119ska koszulka \u201eKocham G\u00f3ry\u201d \u2013 wygodna i stylowa.<\/strong><br data-start=\"129\" data-end=\"132\" \/>Mi\u0119kka bawe\u0142na i klasyczny kr\u00f3j zapewniaj\u0105 komfort podczas w\u0119dr\u00f3wek, spacer\u00f3w i codziennych stylizacji<\/p>\n","protected":false},"featured_media":951,"comment_status":"open","ping_status":"closed","template":"","meta":{"site-sidebar-layout":"default","site-content-layout":"","ast-site-content-layout":"default","site-content-style":"default","site-sidebar-style":"default","ast-global-header-display":"","ast-banner-title-visibility":"","ast-main-header-display":"","ast-hfb-above-header-display":"","ast-hfb-below-header-display":"","ast-hfb-mobile-header-display":"","site-post-title":"","ast-breadcrumbs-content":"","ast-featured-img":"","footer-sml-layout":"","theme-transparent-header-meta":"default","adv-header-id-meta":"","stick-header-meta":"","header-above-stick-meta":"","header-main-stick-meta":"","header-below-stick-meta":"","astra-migrate-meta-layouts":"set","ast-page-background-enabled":"default","ast-page-background-meta":{"desktop":{"background-color":"var(--ast-global-color-5)","background-image":"","background-repeat":"repeat","background-position":"center center","background-size":"auto","background-attachment":"scroll","background-type":"","background-media":"","overlay-type":"","overlay-color":"","overlay-opacity":"","overlay-gradient":""},"tablet":{"background-color":"","background-image":"","background-repeat":"repeat","background-position":"center center","background-size":"auto","background-attachment":"scroll","background-type":"","background-media":"","overlay-type":"","overlay-color":"","overlay-opacity":"","overlay-gradient":""},"mobile":{"background-color":"","background-image":"","background-repeat":"repeat","background-position":"center center","background-size":"auto","background-attachment":"scroll","background-type":"","background-media":"","overlay-type":"","overlay-color":"","overlay-opacity":"","overlay-gradient":""}},"ast-content-background-meta":{"desktop":{"background-color":"var(--ast-global-color-4)","background-image":"","background-repeat":"repeat","background-position":"center center","background-size":"auto","background-attachment":"scroll","background-type":"","background-media":"","overlay-type":"","overlay-color":"","overlay-opacity":"","overlay-gradient":""},"tablet":{"background-color":"var(--ast-global-color-4)","background-image":"","background-repeat":"repeat","background-position":"center center","background-size":"auto","background-attachment":"scroll","background-type":"","background-media":"","overlay-type":"","overlay-color":"","overlay-opacity":"","overlay-gradient":""},"mobile":{"background-color":"var(--ast-global-color-4)","background-image":"","background-repeat":"repeat","background-position":"center center","background-size":"auto","background-attachment":"scroll","background-type":"","background-media":"","overlay-type":"","overlay-color":"","overlay-opacity":"","overlay-gradient":""}}},"product_brand":[],"product_cat":[41],"product_tag":[108,97,78,123,119],"class_list":{"0":"post-950","1":"product","2":"type-product","3":"status-publish","4":"has-post-thumbnail","6":"product_cat-t-shirt","7":"product_tag-gory","8":"product_tag-kocham-gory","9":"product_tag-koszulka","10":"product_tag-koszulka-meska","11":"product_tag-odziez-meska","12":"desktop-align-left","13":"tablet-align-left","14":"mobile-align-left","16":"first","17":"instock","18":"taxable","19":"shipping-taxable","20":"purchasable","21":"product-type-variable","22":"wvs-archive-product-wrapper"},"_links":{"self":[{"href":"https:\/\/outfit.zikoway.pl\/index.php?rest_route=\/wp\/v2\/product\/950","targetHints":{"allow":["GET"]}}],"collection":[{"href":"https:\/\/outfit.zikoway.pl\/index.php?rest_route=\/wp\/v2\/product"}],"about":[{"href":"https:\/\/outfit.zikoway.pl\/index.php?rest_route=\/wp\/v2\/types\/product"}],"replies":[{"embeddable":true,"href":"https:\/\/outfit.zikoway.pl\/index.php?rest_route=%2Fwp%2Fv2%2Fcomments&post=950"}],"wp:featuredmedia":[{"embeddable":true,"href":"https:\/\/outfit.zikoway.pl\/index.php?rest_route=\/wp\/v2\/media\/951"}],"wp:attachment":[{"href":"https:\/\/outfit.zikoway.pl\/index.php?rest_route=%2Fwp%2Fv2%2Fmedia&parent=950"}],"wp:term":[{"taxonomy":"product_brand","embeddable":true,"href":"https:\/\/outfit.zikoway.pl\/index.php?rest_route=%2Fwp%2Fv2%2Fproduct_brand&post=950"},{"taxonomy":"product_cat","embeddable":true,"href":"https:\/\/outfit.zikoway.pl\/index.php?rest_route=%2Fwp%2Fv2%2Fproduct_cat&post=950"},{"taxonomy":"product_tag","embeddable":true,"href":"https:\/\/outfit.zikoway.pl\/index.php?rest_route=%2Fwp%2Fv2%2Fproduct_tag&post=950"}],"curies":[{"name":"wp","href":"https:\/\/api.w.org\/{rel}","templated":true}]}}