{"id":929,"date":"2025-10-31T17:28:44","date_gmt":"2025-10-31T16:28:44","guid":{"rendered":"https:\/\/outfit.zikoway.pl\/?post_type=product&#038;p=929"},"modified":"2025-10-31T17:33:37","modified_gmt":"2025-10-31T16:33:37","slug":"spodenki-kocham-gory","status":"publish","type":"product","link":"https:\/\/outfit.zikoway.pl\/?product=spodenki-kocham-gory","title":{"rendered":"Spodenki &#8222;Kocham g\u00f3ry&#8221;"},"content":{"rendered":"<h3 data-start=\"118\" data-end=\"153\">\ud83e\ude73 Spodenki <strong data-start=\"134\" data-end=\"151\">\u201eKocham G\u00f3ry\u201d<\/strong><\/h3>\n<p data-start=\"155\" data-end=\"418\">Wygodne, lekkie i stylowe \u2013 spodenki <strong data-start=\"192\" data-end=\"209\">\u201eKocham G\u00f3ry\u201d<\/strong> to idealny wyb\u00f3r dla mi\u0142o\u015bnik\u00f3w przyg\u00f3d i aktywnego stylu \u017cycia. \ud83c\udfd4\ufe0f<br data-start=\"278\" data-end=\"281\" \/>Wykonane z mi\u0119kkiego, oddychaj\u0105cego materia\u0142u, zapewniaj\u0105 komfort i swobod\u0119 ruch\u00f3w podczas w\u0119dr\u00f3wek, spacer\u00f3w czy codziennego noszenia.<\/p>\n<p data-start=\"420\" data-end=\"553\">Elastyczny pas z regulacj\u0105 gwarantuje idealne dopasowanie, a nadruk <strong data-start=\"488\" data-end=\"505\">\u201eKocham G\u00f3ry\u201d<\/strong> podkre\u015bla pasj\u0119 do natury i g\u00f3rskich przyg\u00f3d.<\/p>\n","protected":false},"excerpt":{"rendered":"<p><strong data-start=\"68\" data-end=\"123\">Spodenki \u201eKocham G\u00f3ry\u201d \u2013 lekkie, wygodne i stylowe.<\/strong><br data-start=\"123\" data-end=\"126\" \/>Mi\u0119kki materia\u0142 i elastyczny pas zapewniaj\u0105 komfort podczas w\u0119dr\u00f3wek, spacer\u00f3w i codziennego noszenia<\/p>\n","protected":false},"featured_media":936,"comment_status":"open","ping_status":"closed","template":"","meta":{"site-sidebar-layout":"default","site-content-layout":"","ast-site-content-layout":"default","site-content-style":"default","site-sidebar-style":"default","ast-global-header-display":"","ast-banner-title-visibility":"","ast-main-header-display":"","ast-hfb-above-header-display":"","ast-hfb-below-header-display":"","ast-hfb-mobile-header-display":"","site-post-title":"","ast-breadcrumbs-content":"","ast-featured-img":"","footer-sml-layout":"","theme-transparent-header-meta":"default","adv-header-id-meta":"","stick-header-meta":"","header-above-stick-meta":"","header-main-stick-meta":"","header-below-stick-meta":"","astra-migrate-meta-layouts":"set","ast-page-background-enabled":"default","ast-page-background-meta":{"desktop":{"background-color":"var(--ast-global-color-5)","background-image":"","background-repeat":"repeat","background-position":"center center","background-size":"auto","background-attachment":"scroll","background-type":"","background-media":"","overlay-type":"","overlay-color":"","overlay-opacity":"","overlay-gradient":""},"tablet":{"background-color":"","background-image":"","background-repeat":"repeat","background-position":"center center","background-size":"auto","background-attachment":"scroll","background-type":"","background-media":"","overlay-type":"","overlay-color":"","overlay-opacity":"","overlay-gradient":""},"mobile":{"background-color":"","background-image":"","background-repeat":"repeat","background-position":"center center","background-size":"auto","background-attachment":"scroll","background-type":"","background-media":"","overlay-type":"","overlay-color":"","overlay-opacity":"","overlay-gradient":""}},"ast-content-background-meta":{"desktop":{"background-color":"var(--ast-global-color-4)","background-image":"","background-repeat":"repeat","background-position":"center center","background-size":"auto","background-attachment":"scroll","background-type":"","background-media":"","overlay-type":"","overlay-color":"","overlay-opacity":"","overlay-gradient":""},"tablet":{"background-color":"var(--ast-global-color-4)","background-image":"","background-repeat":"repeat","background-position":"center center","background-size":"auto","background-attachment":"scroll","background-type":"","background-media":"","overlay-type":"","overlay-color":"","overlay-opacity":"","overlay-gradient":""},"mobile":{"background-color":"var(--ast-global-color-4)","background-image":"","background-repeat":"repeat","background-position":"center center","background-size":"auto","background-attachment":"scroll","background-type":"","background-media":"","overlay-type":"","overlay-color":"","overlay-opacity":"","overlay-gradient":""}}},"product_brand":[],"product_cat":[52],"product_tag":[108,97,119,83,114],"class_list":{"0":"post-929","1":"product","2":"type-product","3":"status-publish","4":"has-post-thumbnail","6":"product_cat-spodenki-spodnie-i-spodenki","7":"product_tag-gory","8":"product_tag-kocham-gory","9":"product_tag-odziez-meska","10":"product_tag-spodenki","11":"product_tag-spodnie","12":"desktop-align-left","13":"tablet-align-left","14":"mobile-align-left","16":"first","17":"instock","18":"taxable","19":"shipping-taxable","20":"purchasable","21":"product-type-variable","22":"wvs-archive-product-wrapper"},"_links":{"self":[{"href":"https:\/\/outfit.zikoway.pl\/index.php?rest_route=\/wp\/v2\/product\/929","targetHints":{"allow":["GET"]}}],"collection":[{"href":"https:\/\/outfit.zikoway.pl\/index.php?rest_route=\/wp\/v2\/product"}],"about":[{"href":"https:\/\/outfit.zikoway.pl\/index.php?rest_route=\/wp\/v2\/types\/product"}],"replies":[{"embeddable":true,"href":"https:\/\/outfit.zikoway.pl\/index.php?rest_route=%2Fwp%2Fv2%2Fcomments&post=929"}],"wp:featuredmedia":[{"embeddable":true,"href":"https:\/\/outfit.zikoway.pl\/index.php?rest_route=\/wp\/v2\/media\/936"}],"wp:attachment":[{"href":"https:\/\/outfit.zikoway.pl\/index.php?rest_route=%2Fwp%2Fv2%2Fmedia&parent=929"}],"wp:term":[{"taxonomy":"product_brand","embeddable":true,"href":"https:\/\/outfit.zikoway.pl\/index.php?rest_route=%2Fwp%2Fv2%2Fproduct_brand&post=929"},{"taxonomy":"product_cat","embeddable":true,"href":"https:\/\/outfit.zikoway.pl\/index.php?rest_route=%2Fwp%2Fv2%2Fproduct_cat&post=929"},{"taxonomy":"product_tag","embeddable":true,"href":"https:\/\/outfit.zikoway.pl\/index.php?rest_route=%2Fwp%2Fv2%2Fproduct_tag&post=929"}],"curies":[{"name":"wp","href":"https:\/\/api.w.org\/{rel}","templated":true}]}}