{"id":921,"date":"2025-10-31T17:21:27","date_gmt":"2025-10-31T16:21:27","guid":{"rendered":"https:\/\/outfit.zikoway.pl\/?post_type=product&#038;p=921"},"modified":"2025-10-31T17:21:28","modified_gmt":"2025-10-31T16:21:28","slug":"spodnie-dresowe-meskie-kocham-gory","status":"publish","type":"product","link":"https:\/\/outfit.zikoway.pl\/?product=spodnie-dresowe-meskie-kocham-gory","title":{"rendered":"Spodnie dresowe m\u0119skie &#8222;Kocham g\u00f3ry&#8221;"},"content":{"rendered":"<h3 data-start=\"134\" data-end=\"183\">\ud83d\udc56 M\u0119skie spodnie dresowe <strong data-start=\"164\" data-end=\"181\">\u201eKocham G\u00f3ry\u201d<\/strong><\/h3>\n<p data-start=\"185\" data-end=\"461\">Wygodne, stylowe i praktyczne \u2013 m\u0119skie spodnie dresowe <strong data-start=\"240\" data-end=\"257\">\u201eKocham G\u00f3ry\u201d<\/strong> to idealny wyb\u00f3r dla ka\u017cdego, kto ceni komfort i aktywny tryb \u017cycia. \ud83c\udfd4\ufe0f<br data-start=\"330\" data-end=\"333\" \/>Wykonane z mi\u0119kkiej, elastycznej dzianiny, zapewniaj\u0105 swobod\u0119 ruch\u00f3w podczas w\u0119dr\u00f3wek, trening\u00f3w, spacer\u00f3w lub relaksu w domu.<\/p>\n<p data-start=\"463\" data-end=\"634\">Elastyczny pas z regulacj\u0105 i \u015bci\u0105gacze przy nogawkach gwarantuj\u0105 idealne dopasowanie, a wyrazisty nadruk <strong data-start=\"568\" data-end=\"585\">\u201eKocham G\u00f3ry\u201d<\/strong> dodaje charakteru i podkre\u015bla pasj\u0119 do natury.<\/p>\n","protected":false},"excerpt":{"rendered":"<p><strong data-start=\"84\" data-end=\"145\">M\u0119skie spodnie dresowe \u201eKocham G\u00f3ry\u201d \u2013 wygodne i stylowe.<\/strong><br data-start=\"145\" data-end=\"148\" \/>Mi\u0119kka dzianina, regulowany pas i wyrazisty nadruk zapewniaj\u0105 komfort podczas codziennego noszenia i aktywno\u015bci na \u015bwie\u017cym powietrzu.<\/p>\n","protected":false},"featured_media":922,"comment_status":"open","ping_status":"closed","template":"","meta":{"site-sidebar-layout":"default","site-content-layout":"","ast-site-content-layout":"default","site-content-style":"default","site-sidebar-style":"default","ast-global-header-display":"","ast-banner-title-visibility":"","ast-main-header-display":"","ast-hfb-above-header-display":"","ast-hfb-below-header-display":"","ast-hfb-mobile-header-display":"","site-post-title":"","ast-breadcrumbs-content":"","ast-featured-img":"","footer-sml-layout":"","theme-transparent-header-meta":"default","adv-header-id-meta":"","stick-header-meta":"","header-above-stick-meta":"","header-main-stick-meta":"","header-below-stick-meta":"","astra-migrate-meta-layouts":"set","ast-page-background-enabled":"default","ast-page-background-meta":{"desktop":{"background-color":"var(--ast-global-color-5)","background-image":"","background-repeat":"repeat","background-position":"center center","background-size":"auto","background-attachment":"scroll","background-type":"","background-media":"","overlay-type":"","overlay-color":"","overlay-opacity":"","overlay-gradient":""},"tablet":{"background-color":"","background-image":"","background-repeat":"repeat","background-position":"center center","background-size":"auto","background-attachment":"scroll","background-type":"","background-media":"","overlay-type":"","overlay-color":"","overlay-opacity":"","overlay-gradient":""},"mobile":{"background-color":"","background-image":"","background-repeat":"repeat","background-position":"center center","background-size":"auto","background-attachment":"scroll","background-type":"","background-media":"","overlay-type":"","overlay-color":"","overlay-opacity":"","overlay-gradient":""}},"ast-content-background-meta":{"desktop":{"background-color":"var(--ast-global-color-4)","background-image":"","background-repeat":"repeat","background-position":"center center","background-size":"auto","background-attachment":"scroll","background-type":"","background-media":"","overlay-type":"","overlay-color":"","overlay-opacity":"","overlay-gradient":""},"tablet":{"background-color":"var(--ast-global-color-4)","background-image":"","background-repeat":"repeat","background-position":"center center","background-size":"auto","background-attachment":"scroll","background-type":"","background-media":"","overlay-type":"","overlay-color":"","overlay-opacity":"","overlay-gradient":""},"mobile":{"background-color":"var(--ast-global-color-4)","background-image":"","background-repeat":"repeat","background-position":"center center","background-size":"auto","background-attachment":"scroll","background-type":"","background-media":"","overlay-type":"","overlay-color":"","overlay-opacity":"","overlay-gradient":""}}},"product_brand":[],"product_cat":[51],"product_tag":[122,108,97,119,114,115],"class_list":{"0":"post-921","1":"product","2":"type-product","3":"status-publish","4":"has-post-thumbnail","6":"product_cat-spodnie-dresowe-spodnie-i-spodenki","7":"product_tag-dresy","8":"product_tag-gory","9":"product_tag-kocham-gory","10":"product_tag-odziez-meska","11":"product_tag-spodnie","12":"product_tag-spodnie-dresowe","13":"desktop-align-left","14":"tablet-align-left","15":"mobile-align-left","17":"first","18":"instock","19":"taxable","20":"shipping-taxable","21":"purchasable","22":"product-type-variable","23":"wvs-archive-product-wrapper"},"_links":{"self":[{"href":"https:\/\/outfit.zikoway.pl\/index.php?rest_route=\/wp\/v2\/product\/921","targetHints":{"allow":["GET"]}}],"collection":[{"href":"https:\/\/outfit.zikoway.pl\/index.php?rest_route=\/wp\/v2\/product"}],"about":[{"href":"https:\/\/outfit.zikoway.pl\/index.php?rest_route=\/wp\/v2\/types\/product"}],"replies":[{"embeddable":true,"href":"https:\/\/outfit.zikoway.pl\/index.php?rest_route=%2Fwp%2Fv2%2Fcomments&post=921"}],"wp:featuredmedia":[{"embeddable":true,"href":"https:\/\/outfit.zikoway.pl\/index.php?rest_route=\/wp\/v2\/media\/922"}],"wp:attachment":[{"href":"https:\/\/outfit.zikoway.pl\/index.php?rest_route=%2Fwp%2Fv2%2Fmedia&parent=921"}],"wp:term":[{"taxonomy":"product_brand","embeddable":true,"href":"https:\/\/outfit.zikoway.pl\/index.php?rest_route=%2Fwp%2Fv2%2Fproduct_brand&post=921"},{"taxonomy":"product_cat","embeddable":true,"href":"https:\/\/outfit.zikoway.pl\/index.php?rest_route=%2Fwp%2Fv2%2Fproduct_cat&post=921"},{"taxonomy":"product_tag","embeddable":true,"href":"https:\/\/outfit.zikoway.pl\/index.php?rest_route=%2Fwp%2Fv2%2Fproduct_tag&post=921"}],"curies":[{"name":"wp","href":"https:\/\/api.w.org\/{rel}","templated":true}]}}