{"id":912,"date":"2025-10-31T17:15:57","date_gmt":"2025-10-31T16:15:57","guid":{"rendered":"https:\/\/outfit.zikoway.pl\/?post_type=product&#038;p=912"},"modified":"2025-10-31T17:15:57","modified_gmt":"2025-10-31T16:15:57","slug":"bluza-meska-rozpinana-z-kapturem","status":"publish","type":"product","link":"https:\/\/outfit.zikoway.pl\/?product=bluza-meska-rozpinana-z-kapturem","title":{"rendered":"Bluza m\u0119ska rozpinana z kapturem"},"content":{"rendered":"<h3 data-start=\"145\" data-end=\"204\">\ud83d\udc55 M\u0119ska bluza rozpinana z kapturem <strong data-start=\"185\" data-end=\"202\">\u201eKocham G\u00f3ry\u201d<\/strong><\/h3>\n<p data-start=\"206\" data-end=\"497\">Stylowa, funkcjonalna i wygodna \u2013 m\u0119ska bluza rozpinana z kapturem <strong data-start=\"273\" data-end=\"290\">\u201eKocham G\u00f3ry\u201d<\/strong> to idealny wyb\u00f3r dla ka\u017cdego, kto ceni komfort i aktywny tryb \u017cycia. \ud83c\udfd4\ufe0f<br data-start=\"363\" data-end=\"366\" \/>Wykonana z mi\u0119kkiej, przyjemnej w dotyku dzianiny, zapewnia komfort i ciep\u0142o podczas spacer\u00f3w, w\u0119dr\u00f3wek i codziennych aktywno\u015bci.<\/p>\n<p data-start=\"499\" data-end=\"759\">Zamek b\u0142yskawiczny pozwala \u0142atwo regulowa\u0107 temperatur\u0119, a kaptur z regulacj\u0105 chroni przed wiatrem. Praktyczne kieszenie umo\u017cliwiaj\u0105 przechowywanie drobiazg\u00f3w lub ogrzanie d\u0142oni. Wyrazisty nadruk <strong data-start=\"694\" data-end=\"711\">\u201eKocham G\u00f3ry\u201d<\/strong> podkre\u015bla pasj\u0119 do natury i g\u00f3rskich przyg\u00f3d<\/p>\n","protected":false},"excerpt":{"rendered":"<p><strong data-start=\"95\" data-end=\"171\">M\u0119ska bluza rozpinana z kapturem \u201eKocham G\u00f3ry\u201d \u2013 wygodna i funkcjonalna.<\/strong><br data-start=\"171\" data-end=\"174\" \/>Mi\u0119kka dzianina, kaptur z regulacj\u0105 i praktyczne kieszenie sprawiaj\u0105, \u017ce bluza idealnie nadaje si\u0119 na w\u0119dr\u00f3wki, spacery i codzienne noszenie<\/p>\n","protected":false},"featured_media":913,"comment_status":"open","ping_status":"closed","template":"","meta":{"site-sidebar-layout":"default","site-content-layout":"","ast-site-content-layout":"default","site-content-style":"default","site-sidebar-style":"default","ast-global-header-display":"","ast-banner-title-visibility":"","ast-main-header-display":"","ast-hfb-above-header-display":"","ast-hfb-below-header-display":"","ast-hfb-mobile-header-display":"","site-post-title":"","ast-breadcrumbs-content":"","ast-featured-img":"","footer-sml-layout":"","theme-transparent-header-meta":"default","adv-header-id-meta":"","stick-header-meta":"","header-above-stick-meta":"","header-main-stick-meta":"","header-below-stick-meta":"","astra-migrate-meta-layouts":"set","ast-page-background-enabled":"default","ast-page-background-meta":{"desktop":{"background-color":"var(--ast-global-color-5)","background-image":"","background-repeat":"repeat","background-position":"center center","background-size":"auto","background-attachment":"scroll","background-type":"","background-media":"","overlay-type":"","overlay-color":"","overlay-opacity":"","overlay-gradient":""},"tablet":{"background-color":"","background-image":"","background-repeat":"repeat","background-position":"center center","background-size":"auto","background-attachment":"scroll","background-type":"","background-media":"","overlay-type":"","overlay-color":"","overlay-opacity":"","overlay-gradient":""},"mobile":{"background-color":"","background-image":"","background-repeat":"repeat","background-position":"center center","background-size":"auto","background-attachment":"scroll","background-type":"","background-media":"","overlay-type":"","overlay-color":"","overlay-opacity":"","overlay-gradient":""}},"ast-content-background-meta":{"desktop":{"background-color":"var(--ast-global-color-4)","background-image":"","background-repeat":"repeat","background-position":"center center","background-size":"auto","background-attachment":"scroll","background-type":"","background-media":"","overlay-type":"","overlay-color":"","overlay-opacity":"","overlay-gradient":""},"tablet":{"background-color":"var(--ast-global-color-4)","background-image":"","background-repeat":"repeat","background-position":"center center","background-size":"auto","background-attachment":"scroll","background-type":"","background-media":"","overlay-type":"","overlay-color":"","overlay-opacity":"","overlay-gradient":""},"mobile":{"background-color":"var(--ast-global-color-4)","background-image":"","background-repeat":"repeat","background-position":"center center","background-size":"auto","background-attachment":"scroll","background-type":"","background-media":"","overlay-type":"","overlay-color":"","overlay-opacity":"","overlay-gradient":""}}},"product_brand":[],"product_cat":[48],"product_tag":[74,121,118],"class_list":{"0":"post-912","1":"product","2":"type-product","3":"status-publish","4":"has-post-thumbnail","6":"product_cat-bluzy-rozpinane-z-kapturem-bluzy-i-bluzy-z-kapturem-odziez-meska","7":"product_tag-bluza","8":"product_tag-bluza-rozpinana-z-kapturem","9":"product_tag-bluza-z-kapturem","10":"desktop-align-left","11":"tablet-align-left","12":"mobile-align-left","14":"first","15":"instock","16":"taxable","17":"shipping-taxable","18":"purchasable","19":"product-type-variable","20":"wvs-archive-product-wrapper"},"_links":{"self":[{"href":"https:\/\/outfit.zikoway.pl\/index.php?rest_route=\/wp\/v2\/product\/912","targetHints":{"allow":["GET"]}}],"collection":[{"href":"https:\/\/outfit.zikoway.pl\/index.php?rest_route=\/wp\/v2\/product"}],"about":[{"href":"https:\/\/outfit.zikoway.pl\/index.php?rest_route=\/wp\/v2\/types\/product"}],"replies":[{"embeddable":true,"href":"https:\/\/outfit.zikoway.pl\/index.php?rest_route=%2Fwp%2Fv2%2Fcomments&post=912"}],"wp:featuredmedia":[{"embeddable":true,"href":"https:\/\/outfit.zikoway.pl\/index.php?rest_route=\/wp\/v2\/media\/913"}],"wp:attachment":[{"href":"https:\/\/outfit.zikoway.pl\/index.php?rest_route=%2Fwp%2Fv2%2Fmedia&parent=912"}],"wp:term":[{"taxonomy":"product_brand","embeddable":true,"href":"https:\/\/outfit.zikoway.pl\/index.php?rest_route=%2Fwp%2Fv2%2Fproduct_brand&post=912"},{"taxonomy":"product_cat","embeddable":true,"href":"https:\/\/outfit.zikoway.pl\/index.php?rest_route=%2Fwp%2Fv2%2Fproduct_cat&post=912"},{"taxonomy":"product_tag","embeddable":true,"href":"https:\/\/outfit.zikoway.pl\/index.php?rest_route=%2Fwp%2Fv2%2Fproduct_tag&post=912"}],"curies":[{"name":"wp","href":"https:\/\/api.w.org\/{rel}","templated":true}]}}