{"id":896,"date":"2025-10-31T17:02:44","date_gmt":"2025-10-31T16:02:44","guid":{"rendered":"https:\/\/outfit.zikoway.pl\/?post_type=product&#038;p=896"},"modified":"2025-10-31T17:03:12","modified_gmt":"2025-10-31T16:03:12","slug":"bluza-meska-bez-kaptura-kocham-gory","status":"publish","type":"product","link":"https:\/\/outfit.zikoway.pl\/?product=bluza-meska-bez-kaptura-kocham-gory","title":{"rendered":"Bluza m\u0119ska bez kaptura &#8222;Kocham g\u00f3ry&#8221;"},"content":{"rendered":"<h3 data-start=\"135\" data-end=\"185\">\ud83d\udc55 M\u0119ska bluza bez kaptura <strong data-start=\"166\" data-end=\"183\">\u201eKocham G\u00f3ry\u201d<\/strong><\/h3>\n<p data-start=\"187\" data-end=\"509\">Wygodna, stylowa i uniwersalna \u2013 m\u0119ska bluza bez kaptura <strong data-start=\"244\" data-end=\"261\">\u201eKocham G\u00f3ry\u201d<\/strong> to doskona\u0142y wyb\u00f3r dla ka\u017cdego, kto ceni komfort i swobod\u0119 ruch\u00f3w. \ud83c\udfd4\ufe0f<br data-start=\"332\" data-end=\"335\" \/>Wykonana z mi\u0119kkiej, przyjemnej w dotyku dzianiny, idealnie sprawdzi si\u0119 w codziennych stylizacjach, podczas spacer\u00f3w, w\u0119dr\u00f3wek czy lekkich aktywno\u015bci na \u015bwie\u017cym powietrzu.<\/p>\n<p data-start=\"511\" data-end=\"633\">Klasyczny kr\u00f3j zapewnia wygod\u0119, a wyrazisty nadruk <strong data-start=\"562\" data-end=\"579\">\u201eKocham G\u00f3ry\u201d<\/strong> pozwala pokaza\u0107 pasj\u0119 do natury i g\u00f3rskich przyg\u00f3d.<\/p>\n","protected":false},"excerpt":{"rendered":"<p><strong data-start=\"85\" data-end=\"147\">M\u0119ska bluza bez kaptura \u201eKocham G\u00f3ry\u201d \u2013 wygodna i stylowa.<\/strong><br data-start=\"147\" data-end=\"150\" \/>Mi\u0119kka dzianina i wyrazisty nadruk zapewniaj\u0105 komfort i podkre\u015blaj\u0105 pasj\u0119 do g\u00f3r w codziennych stylizacjach<\/p>\n","protected":false},"featured_media":897,"comment_status":"open","ping_status":"closed","template":"","meta":{"site-sidebar-layout":"default","site-content-layout":"","ast-site-content-layout":"default","site-content-style":"default","site-sidebar-style":"default","ast-global-header-display":"","ast-banner-title-visibility":"","ast-main-header-display":"","ast-hfb-above-header-display":"","ast-hfb-below-header-display":"","ast-hfb-mobile-header-display":"","site-post-title":"","ast-breadcrumbs-content":"","ast-featured-img":"","footer-sml-layout":"","theme-transparent-header-meta":"default","adv-header-id-meta":"","stick-header-meta":"","header-above-stick-meta":"","header-main-stick-meta":"","header-below-stick-meta":"","astra-migrate-meta-layouts":"set","ast-page-background-enabled":"default","ast-page-background-meta":{"desktop":{"background-color":"var(--ast-global-color-5)","background-image":"","background-repeat":"repeat","background-position":"center center","background-size":"auto","background-attachment":"scroll","background-type":"","background-media":"","overlay-type":"","overlay-color":"","overlay-opacity":"","overlay-gradient":""},"tablet":{"background-color":"","background-image":"","background-repeat":"repeat","background-position":"center center","background-size":"auto","background-attachment":"scroll","background-type":"","background-media":"","overlay-type":"","overlay-color":"","overlay-opacity":"","overlay-gradient":""},"mobile":{"background-color":"","background-image":"","background-repeat":"repeat","background-position":"center center","background-size":"auto","background-attachment":"scroll","background-type":"","background-media":"","overlay-type":"","overlay-color":"","overlay-opacity":"","overlay-gradient":""}},"ast-content-background-meta":{"desktop":{"background-color":"var(--ast-global-color-4)","background-image":"","background-repeat":"repeat","background-position":"center center","background-size":"auto","background-attachment":"scroll","background-type":"","background-media":"","overlay-type":"","overlay-color":"","overlay-opacity":"","overlay-gradient":""},"tablet":{"background-color":"var(--ast-global-color-4)","background-image":"","background-repeat":"repeat","background-position":"center center","background-size":"auto","background-attachment":"scroll","background-type":"","background-media":"","overlay-type":"","overlay-color":"","overlay-opacity":"","overlay-gradient":""},"mobile":{"background-color":"var(--ast-global-color-4)","background-image":"","background-repeat":"repeat","background-position":"center center","background-size":"auto","background-attachment":"scroll","background-type":"","background-media":"","overlay-type":"","overlay-color":"","overlay-opacity":"","overlay-gradient":""}}},"product_brand":[],"product_cat":[29],"product_tag":[74,120,117,108,97,119],"class_list":{"0":"post-896","1":"product","2":"type-product","3":"status-publish","4":"has-post-thumbnail","6":"product_cat-bluzy-bez-kaptura","7":"product_tag-bluza","8":"product_tag-bluza-bez-kaptura","9":"product_tag-bluza-meska","10":"product_tag-gory","11":"product_tag-kocham-gory","12":"product_tag-odziez-meska","13":"desktop-align-left","14":"tablet-align-left","15":"mobile-align-left","17":"first","18":"instock","19":"taxable","20":"shipping-taxable","21":"purchasable","22":"product-type-variable","23":"wvs-archive-product-wrapper"},"_links":{"self":[{"href":"https:\/\/outfit.zikoway.pl\/index.php?rest_route=\/wp\/v2\/product\/896","targetHints":{"allow":["GET"]}}],"collection":[{"href":"https:\/\/outfit.zikoway.pl\/index.php?rest_route=\/wp\/v2\/product"}],"about":[{"href":"https:\/\/outfit.zikoway.pl\/index.php?rest_route=\/wp\/v2\/types\/product"}],"replies":[{"embeddable":true,"href":"https:\/\/outfit.zikoway.pl\/index.php?rest_route=%2Fwp%2Fv2%2Fcomments&post=896"}],"wp:featuredmedia":[{"embeddable":true,"href":"https:\/\/outfit.zikoway.pl\/index.php?rest_route=\/wp\/v2\/media\/897"}],"wp:attachment":[{"href":"https:\/\/outfit.zikoway.pl\/index.php?rest_route=%2Fwp%2Fv2%2Fmedia&parent=896"}],"wp:term":[{"taxonomy":"product_brand","embeddable":true,"href":"https:\/\/outfit.zikoway.pl\/index.php?rest_route=%2Fwp%2Fv2%2Fproduct_brand&post=896"},{"taxonomy":"product_cat","embeddable":true,"href":"https:\/\/outfit.zikoway.pl\/index.php?rest_route=%2Fwp%2Fv2%2Fproduct_cat&post=896"},{"taxonomy":"product_tag","embeddable":true,"href":"https:\/\/outfit.zikoway.pl\/index.php?rest_route=%2Fwp%2Fv2%2Fproduct_tag&post=896"}],"curies":[{"name":"wp","href":"https:\/\/api.w.org\/{rel}","templated":true}]}}