{"id":886,"date":"2025-10-31T16:53:10","date_gmt":"2025-10-31T15:53:10","guid":{"rendered":"https:\/\/outfit.zikoway.pl\/?post_type=product&#038;p=886"},"modified":"2025-10-31T16:53:10","modified_gmt":"2025-10-31T15:53:10","slug":"bluza-z-kapturem-meska-kocham-gory","status":"publish","type":"product","link":"https:\/\/outfit.zikoway.pl\/?product=bluza-z-kapturem-meska-kocham-gory","title":{"rendered":"Bluza z kapturem m\u0119ska &#8222;Kocham g\u00f3ry&#8221;"},"content":{"rendered":"<h3 data-start=\"134\" data-end=\"183\">\ud83d\udc55 M\u0119ska bluza z kapturem <strong data-start=\"164\" data-end=\"181\">\u201eKocham G\u00f3ry\u201d<\/strong><\/h3>\n<p data-start=\"185\" data-end=\"478\">Stylowa, wygodna i funkcjonalna \u2013 m\u0119ska bluza z kapturem <strong data-start=\"242\" data-end=\"259\">\u201eKocham G\u00f3ry\u201d<\/strong> to idealny wyb\u00f3r dla ka\u017cdego, kto kocha aktywny tryb \u017cycia i g\u00f3rskie przygody. \ud83c\udfd4\ufe0f<br data-start=\"342\" data-end=\"345\" \/>Wykonana z mi\u0119kkiej, przyjemnej w dotyku dzianiny, zapewnia komfort i ciep\u0142o podczas spacer\u00f3w, w\u0119dr\u00f3wek czy codziennych aktywno\u015bci.<\/p>\n<p data-start=\"480\" data-end=\"685\">Kaptur z regulacj\u0105 chroni przed wiatrem, a praktyczna kiesze\u0144 typu kangur pozwala przechowa\u0107 drobiazgi lub ogrza\u0107 d\u0142onie. Wyrazisty nadruk <strong data-start=\"619\" data-end=\"636\">\u201eKocham G\u00f3ry\u201d<\/strong> dodaje charakteru i podkre\u015bla pasj\u0119 do natury<\/p>\n","protected":false},"excerpt":{"rendered":"<p><strong data-start=\"84\" data-end=\"145\">M\u0119ska bluza z kapturem \u201eKocham G\u00f3ry\u201d \u2013 wygodna i stylowa.<\/strong><br data-start=\"145\" data-end=\"148\" \/>Mi\u0119kka dzianina, kaptur z regulacj\u0105 i praktyczna kiesze\u0144 typu kangur sprawiaj\u0105, \u017ce bluza idealnie nadaje si\u0119 na w\u0119dr\u00f3wki, spacery i codzienne noszenie.<\/p>\n","protected":false},"featured_media":887,"comment_status":"open","ping_status":"closed","template":"","meta":{"site-sidebar-layout":"default","site-content-layout":"","ast-site-content-layout":"default","site-content-style":"default","site-sidebar-style":"default","ast-global-header-display":"","ast-banner-title-visibility":"","ast-main-header-display":"","ast-hfb-above-header-display":"","ast-hfb-below-header-display":"","ast-hfb-mobile-header-display":"","site-post-title":"","ast-breadcrumbs-content":"","ast-featured-img":"","footer-sml-layout":"","theme-transparent-header-meta":"default","adv-header-id-meta":"","stick-header-meta":"","header-above-stick-meta":"","header-main-stick-meta":"","header-below-stick-meta":"","astra-migrate-meta-layouts":"set","ast-page-background-enabled":"default","ast-page-background-meta":{"desktop":{"background-color":"var(--ast-global-color-5)","background-image":"","background-repeat":"repeat","background-position":"center center","background-size":"auto","background-attachment":"scroll","background-type":"","background-media":"","overlay-type":"","overlay-color":"","overlay-opacity":"","overlay-gradient":""},"tablet":{"background-color":"","background-image":"","background-repeat":"repeat","background-position":"center center","background-size":"auto","background-attachment":"scroll","background-type":"","background-media":"","overlay-type":"","overlay-color":"","overlay-opacity":"","overlay-gradient":""},"mobile":{"background-color":"","background-image":"","background-repeat":"repeat","background-position":"center center","background-size":"auto","background-attachment":"scroll","background-type":"","background-media":"","overlay-type":"","overlay-color":"","overlay-opacity":"","overlay-gradient":""}},"ast-content-background-meta":{"desktop":{"background-color":"var(--ast-global-color-4)","background-image":"","background-repeat":"repeat","background-position":"center center","background-size":"auto","background-attachment":"scroll","background-type":"","background-media":"","overlay-type":"","overlay-color":"","overlay-opacity":"","overlay-gradient":""},"tablet":{"background-color":"var(--ast-global-color-4)","background-image":"","background-repeat":"repeat","background-position":"center center","background-size":"auto","background-attachment":"scroll","background-type":"","background-media":"","overlay-type":"","overlay-color":"","overlay-opacity":"","overlay-gradient":""},"mobile":{"background-color":"var(--ast-global-color-4)","background-image":"","background-repeat":"repeat","background-position":"center center","background-size":"auto","background-attachment":"scroll","background-type":"","background-media":"","overlay-type":"","overlay-color":"","overlay-opacity":"","overlay-gradient":""}}},"product_brand":[],"product_cat":[46],"product_tag":[74,117,118,108,97,119],"class_list":{"0":"post-886","1":"product","2":"type-product","3":"status-publish","4":"has-post-thumbnail","6":"product_cat-bluza-za-kapturem","7":"product_tag-bluza","8":"product_tag-bluza-meska","9":"product_tag-bluza-z-kapturem","10":"product_tag-gory","11":"product_tag-kocham-gory","12":"product_tag-odziez-meska","13":"desktop-align-left","14":"tablet-align-left","15":"mobile-align-left","17":"first","18":"instock","19":"taxable","20":"shipping-taxable","21":"purchasable","22":"product-type-variable","23":"wvs-archive-product-wrapper"},"_links":{"self":[{"href":"https:\/\/outfit.zikoway.pl\/index.php?rest_route=\/wp\/v2\/product\/886","targetHints":{"allow":["GET"]}}],"collection":[{"href":"https:\/\/outfit.zikoway.pl\/index.php?rest_route=\/wp\/v2\/product"}],"about":[{"href":"https:\/\/outfit.zikoway.pl\/index.php?rest_route=\/wp\/v2\/types\/product"}],"replies":[{"embeddable":true,"href":"https:\/\/outfit.zikoway.pl\/index.php?rest_route=%2Fwp%2Fv2%2Fcomments&post=886"}],"wp:featuredmedia":[{"embeddable":true,"href":"https:\/\/outfit.zikoway.pl\/index.php?rest_route=\/wp\/v2\/media\/887"}],"wp:attachment":[{"href":"https:\/\/outfit.zikoway.pl\/index.php?rest_route=%2Fwp%2Fv2%2Fmedia&parent=886"}],"wp:term":[{"taxonomy":"product_brand","embeddable":true,"href":"https:\/\/outfit.zikoway.pl\/index.php?rest_route=%2Fwp%2Fv2%2Fproduct_brand&post=886"},{"taxonomy":"product_cat","embeddable":true,"href":"https:\/\/outfit.zikoway.pl\/index.php?rest_route=%2Fwp%2Fv2%2Fproduct_cat&post=886"},{"taxonomy":"product_tag","embeddable":true,"href":"https:\/\/outfit.zikoway.pl\/index.php?rest_route=%2Fwp%2Fv2%2Fproduct_tag&post=886"}],"curies":[{"name":"wp","href":"https:\/\/api.w.org\/{rel}","templated":true}]}}