{"id":880,"date":"2025-10-31T16:45:11","date_gmt":"2025-10-31T15:45:11","guid":{"rendered":"https:\/\/outfit.zikoway.pl\/?post_type=product&#038;p=880"},"modified":"2025-10-31T16:45:11","modified_gmt":"2025-10-31T15:45:11","slug":"legginsy-kocham-gory","status":"publish","type":"product","link":"https:\/\/outfit.zikoway.pl\/?product=legginsy-kocham-gory","title":{"rendered":"Legginsy &#8222;Kocham g\u00f3ry&#8221;"},"content":{"rendered":"<h3 data-start=\"123\" data-end=\"167\">\ud83c\udfd4\ufe0f Damskie legginsy <strong data-start=\"148\" data-end=\"165\">\u201eKocham G\u00f3ry\u201d<\/strong><\/h3>\n<p data-start=\"169\" data-end=\"487\">Wygodne, elastyczne i stylowe \u2013 damskie legginsy <strong data-start=\"218\" data-end=\"235\">\u201eKocham G\u00f3ry\u201d<\/strong> to must-have dla ka\u017cdej aktywnej kobiety, kt\u00f3ra kocha g\u00f3ry i ruch na \u015bwie\u017cym powietrzu. Wykonane z wysokiej jako\u015bci, rozci\u0105gliwej i oddychaj\u0105cej tkaniny, zapewniaj\u0105 pe\u0142n\u0105 swobod\u0119 ruch\u00f3w podczas w\u0119dr\u00f3wek, trening\u00f3w, spacer\u00f3w czy codziennego noszenia.<\/p>\n<p data-start=\"489\" data-end=\"633\">Elastyczny pas i dopasowany kr\u00f3j gwarantuj\u0105 komfort, a wyrazisty nadruk <strong data-start=\"561\" data-end=\"578\">\u201eKocham G\u00f3ry\u201d<\/strong> dodaje charakteru i pozwala wyrazi\u0107 pasj\u0119 do natury.<\/p>\n","protected":false},"excerpt":{"rendered":"<p><strong data-start=\"78\" data-end=\"136\">Damskie legginsy \u201eKocham G\u00f3ry\u201d \u2013 wygodne i elastyczne.<\/strong><br data-start=\"136\" data-end=\"139\" \/>Idealne na w\u0119dr\u00f3wki, treningi i codzienne stylizacje. Wyrazisty nadruk podkre\u015bla pasj\u0119 do g\u00f3r<\/p>\n","protected":false},"featured_media":881,"comment_status":"open","ping_status":"closed","template":"","meta":{"site-sidebar-layout":"default","site-content-layout":"","ast-site-content-layout":"default","site-content-style":"default","site-sidebar-style":"default","ast-global-header-display":"","ast-banner-title-visibility":"","ast-main-header-display":"","ast-hfb-above-header-display":"","ast-hfb-below-header-display":"","ast-hfb-mobile-header-display":"","site-post-title":"","ast-breadcrumbs-content":"","ast-featured-img":"","footer-sml-layout":"","theme-transparent-header-meta":"default","adv-header-id-meta":"","stick-header-meta":"","header-above-stick-meta":"","header-main-stick-meta":"","header-below-stick-meta":"","astra-migrate-meta-layouts":"set","ast-page-background-enabled":"default","ast-page-background-meta":{"desktop":{"background-color":"var(--ast-global-color-5)","background-image":"","background-repeat":"repeat","background-position":"center center","background-size":"auto","background-attachment":"scroll","background-type":"","background-media":"","overlay-type":"","overlay-color":"","overlay-opacity":"","overlay-gradient":""},"tablet":{"background-color":"","background-image":"","background-repeat":"repeat","background-position":"center center","background-size":"auto","background-attachment":"scroll","background-type":"","background-media":"","overlay-type":"","overlay-color":"","overlay-opacity":"","overlay-gradient":""},"mobile":{"background-color":"","background-image":"","background-repeat":"repeat","background-position":"center center","background-size":"auto","background-attachment":"scroll","background-type":"","background-media":"","overlay-type":"","overlay-color":"","overlay-opacity":"","overlay-gradient":""}},"ast-content-background-meta":{"desktop":{"background-color":"var(--ast-global-color-4)","background-image":"","background-repeat":"repeat","background-position":"center center","background-size":"auto","background-attachment":"scroll","background-type":"","background-media":"","overlay-type":"","overlay-color":"","overlay-opacity":"","overlay-gradient":""},"tablet":{"background-color":"var(--ast-global-color-4)","background-image":"","background-repeat":"repeat","background-position":"center center","background-size":"auto","background-attachment":"scroll","background-type":"","background-media":"","overlay-type":"","overlay-color":"","overlay-opacity":"","overlay-gradient":""},"mobile":{"background-color":"var(--ast-global-color-4)","background-image":"","background-repeat":"repeat","background-position":"center center","background-size":"auto","background-attachment":"scroll","background-type":"","background-media":"","overlay-type":"","overlay-color":"","overlay-opacity":"","overlay-gradient":""}}},"product_brand":[],"product_cat":[36],"product_tag":[108,97,82,116,110],"class_list":{"0":"post-880","1":"product","2":"type-product","3":"status-publish","4":"has-post-thumbnail","6":"product_cat-legginsy","7":"product_tag-gory","8":"product_tag-kocham-gory","9":"product_tag-legginsy","10":"product_tag-leginsy","11":"product_tag-odziez-damska","12":"desktop-align-left","13":"tablet-align-left","14":"mobile-align-left","16":"first","17":"instock","18":"taxable","19":"shipping-taxable","20":"purchasable","21":"product-type-variable","22":"wvs-archive-product-wrapper"},"_links":{"self":[{"href":"https:\/\/outfit.zikoway.pl\/index.php?rest_route=\/wp\/v2\/product\/880","targetHints":{"allow":["GET"]}}],"collection":[{"href":"https:\/\/outfit.zikoway.pl\/index.php?rest_route=\/wp\/v2\/product"}],"about":[{"href":"https:\/\/outfit.zikoway.pl\/index.php?rest_route=\/wp\/v2\/types\/product"}],"replies":[{"embeddable":true,"href":"https:\/\/outfit.zikoway.pl\/index.php?rest_route=%2Fwp%2Fv2%2Fcomments&post=880"}],"wp:featuredmedia":[{"embeddable":true,"href":"https:\/\/outfit.zikoway.pl\/index.php?rest_route=\/wp\/v2\/media\/881"}],"wp:attachment":[{"href":"https:\/\/outfit.zikoway.pl\/index.php?rest_route=%2Fwp%2Fv2%2Fmedia&parent=880"}],"wp:term":[{"taxonomy":"product_brand","embeddable":true,"href":"https:\/\/outfit.zikoway.pl\/index.php?rest_route=%2Fwp%2Fv2%2Fproduct_brand&post=880"},{"taxonomy":"product_cat","embeddable":true,"href":"https:\/\/outfit.zikoway.pl\/index.php?rest_route=%2Fwp%2Fv2%2Fproduct_cat&post=880"},{"taxonomy":"product_tag","embeddable":true,"href":"https:\/\/outfit.zikoway.pl\/index.php?rest_route=%2Fwp%2Fv2%2Fproduct_tag&post=880"}],"curies":[{"name":"wp","href":"https:\/\/api.w.org\/{rel}","templated":true}]}}