{"id":871,"date":"2025-10-31T16:35:42","date_gmt":"2025-10-31T15:35:42","guid":{"rendered":"https:\/\/outfit.zikoway.pl\/?post_type=product&#038;p=871"},"modified":"2025-10-31T16:35:42","modified_gmt":"2025-10-31T15:35:42","slug":"spodnie-dresowe-damskie-kocham-gory","status":"publish","type":"product","link":"https:\/\/outfit.zikoway.pl\/?product=spodnie-dresowe-damskie-kocham-gory","title":{"rendered":"Spodnie dresowe damskie &#8222;Kocham g\u00f3ry&#8221;"},"content":{"rendered":"<h3 data-start=\"135\" data-end=\"185\">\ud83d\udc56 Damskie spodnie dresowe <strong data-start=\"166\" data-end=\"183\">\u201eKocham G\u00f3ry\u201d<\/strong><\/h3>\n<p data-start=\"187\" data-end=\"462\">Wygodne, stylowe i praktyczne \u2013 damskie spodnie dresowe <strong data-start=\"243\" data-end=\"260\">\u201eKocham G\u00f3ry\u201d<\/strong> to idealny wyb\u00f3r dla kobiet ceni\u0105cych komfort i aktywny styl \u017cycia. \ud83c\udfd4\ufe0f<br data-start=\"332\" data-end=\"335\" \/>Wykonane z mi\u0119kkiej, elastycznej dzianiny, zapewniaj\u0105 swobod\u0119 ruch\u00f3w podczas w\u0119dr\u00f3wek, spacer\u00f3w, treningu lub relaksu w domu.<\/p>\n<p data-start=\"464\" data-end=\"634\">Elastyczny pas z regulacj\u0105 i \u015bci\u0105gacze przy nogawkach gwarantuj\u0105 idealne dopasowanie, a haft lub nadruk <strong data-start=\"568\" data-end=\"585\">\u201eKocham G\u00f3ry\u201d<\/strong> dodaje charakteru i podkre\u015bla pasj\u0119 do natury.<\/p>\n","protected":false},"excerpt":{"rendered":"<p><strong data-start=\"85\" data-end=\"147\">Damskie spodnie dresowe \u201eKocham G\u00f3ry\u201d \u2013 wygodne i stylowe.<\/strong><br data-start=\"147\" data-end=\"150\" \/>Mi\u0119kka, elastyczna dzianina, regulowany pas i wyrazisty nadruk gwarantuj\u0105 komfort podczas codziennego noszenia i aktywno\u015bci na \u015bwie\u017cym powietrzu<\/p>\n","protected":false},"featured_media":872,"comment_status":"open","ping_status":"closed","template":"","meta":{"site-sidebar-layout":"default","site-content-layout":"","ast-site-content-layout":"default","site-content-style":"default","site-sidebar-style":"default","ast-global-header-display":"","ast-banner-title-visibility":"","ast-main-header-display":"","ast-hfb-above-header-display":"","ast-hfb-below-header-display":"","ast-hfb-mobile-header-display":"","site-post-title":"","ast-breadcrumbs-content":"","ast-featured-img":"","footer-sml-layout":"","theme-transparent-header-meta":"default","adv-header-id-meta":"","stick-header-meta":"","header-above-stick-meta":"","header-main-stick-meta":"","header-below-stick-meta":"","astra-migrate-meta-layouts":"set","ast-page-background-enabled":"default","ast-page-background-meta":{"desktop":{"background-color":"var(--ast-global-color-5)","background-image":"","background-repeat":"repeat","background-position":"center center","background-size":"auto","background-attachment":"scroll","background-type":"","background-media":"","overlay-type":"","overlay-color":"","overlay-opacity":"","overlay-gradient":""},"tablet":{"background-color":"","background-image":"","background-repeat":"repeat","background-position":"center center","background-size":"auto","background-attachment":"scroll","background-type":"","background-media":"","overlay-type":"","overlay-color":"","overlay-opacity":"","overlay-gradient":""},"mobile":{"background-color":"","background-image":"","background-repeat":"repeat","background-position":"center center","background-size":"auto","background-attachment":"scroll","background-type":"","background-media":"","overlay-type":"","overlay-color":"","overlay-opacity":"","overlay-gradient":""}},"ast-content-background-meta":{"desktop":{"background-color":"var(--ast-global-color-4)","background-image":"","background-repeat":"repeat","background-position":"center center","background-size":"auto","background-attachment":"scroll","background-type":"","background-media":"","overlay-type":"","overlay-color":"","overlay-opacity":"","overlay-gradient":""},"tablet":{"background-color":"var(--ast-global-color-4)","background-image":"","background-repeat":"repeat","background-position":"center center","background-size":"auto","background-attachment":"scroll","background-type":"","background-media":"","overlay-type":"","overlay-color":"","overlay-opacity":"","overlay-gradient":""},"mobile":{"background-color":"var(--ast-global-color-4)","background-image":"","background-repeat":"repeat","background-position":"center center","background-size":"auto","background-attachment":"scroll","background-type":"","background-media":"","overlay-type":"","overlay-color":"","overlay-opacity":"","overlay-gradient":""}}},"product_brand":[],"product_cat":[34],"product_tag":[108,97,110,114,115],"class_list":{"0":"post-871","1":"product","2":"type-product","3":"status-publish","4":"has-post-thumbnail","6":"product_cat-spodnie-dresowe","7":"product_tag-gory","8":"product_tag-kocham-gory","9":"product_tag-odziez-damska","10":"product_tag-spodnie","11":"product_tag-spodnie-dresowe","12":"desktop-align-left","13":"tablet-align-left","14":"mobile-align-left","16":"first","17":"instock","18":"taxable","19":"shipping-taxable","20":"purchasable","21":"product-type-variable","22":"wvs-archive-product-wrapper"},"_links":{"self":[{"href":"https:\/\/outfit.zikoway.pl\/index.php?rest_route=\/wp\/v2\/product\/871","targetHints":{"allow":["GET"]}}],"collection":[{"href":"https:\/\/outfit.zikoway.pl\/index.php?rest_route=\/wp\/v2\/product"}],"about":[{"href":"https:\/\/outfit.zikoway.pl\/index.php?rest_route=\/wp\/v2\/types\/product"}],"replies":[{"embeddable":true,"href":"https:\/\/outfit.zikoway.pl\/index.php?rest_route=%2Fwp%2Fv2%2Fcomments&post=871"}],"wp:featuredmedia":[{"embeddable":true,"href":"https:\/\/outfit.zikoway.pl\/index.php?rest_route=\/wp\/v2\/media\/872"}],"wp:attachment":[{"href":"https:\/\/outfit.zikoway.pl\/index.php?rest_route=%2Fwp%2Fv2%2Fmedia&parent=871"}],"wp:term":[{"taxonomy":"product_brand","embeddable":true,"href":"https:\/\/outfit.zikoway.pl\/index.php?rest_route=%2Fwp%2Fv2%2Fproduct_brand&post=871"},{"taxonomy":"product_cat","embeddable":true,"href":"https:\/\/outfit.zikoway.pl\/index.php?rest_route=%2Fwp%2Fv2%2Fproduct_cat&post=871"},{"taxonomy":"product_tag","embeddable":true,"href":"https:\/\/outfit.zikoway.pl\/index.php?rest_route=%2Fwp%2Fv2%2Fproduct_tag&post=871"}],"curies":[{"name":"wp","href":"https:\/\/api.w.org\/{rel}","templated":true}]}}