{"id":849,"date":"2025-10-31T16:14:10","date_gmt":"2025-10-31T15:14:10","guid":{"rendered":"https:\/\/outfit.zikoway.pl\/?post_type=product&#038;p=849"},"modified":"2025-10-31T16:14:10","modified_gmt":"2025-10-31T15:14:10","slug":"sukienka-t-shirt-damska-kocham-gory","status":"publish","type":"product","link":"https:\/\/outfit.zikoway.pl\/?product=sukienka-t-shirt-damska-kocham-gory","title":{"rendered":"Sukienka T-shirt damska &#8222;Kocham g\u00f3ry&#8221;"},"content":{"rendered":"<h3 data-start=\"136\" data-end=\"186\">\ud83d\udc57 Sukienka T-shirt damska <strong data-start=\"167\" data-end=\"184\">\u201eKocham G\u00f3ry\u201d<\/strong><\/h3>\n<p data-start=\"188\" data-end=\"535\">Wygodna, stylowa i pe\u0142na luzu \u2013 sukienka T-shirt <strong data-start=\"237\" data-end=\"254\">\u201eKocham G\u00f3ry\u201d<\/strong> to idealny wyb\u00f3r dla kobiet, kt\u00f3re ceni\u0105 komfort i kochaj\u0105 natur\u0119. \ud83c\udfd4\ufe0f<br data-start=\"325\" data-end=\"328\" \/>Wykonana z mi\u0119kkiej, oddychaj\u0105cej bawe\u0142ny, zapewnia swobod\u0119 ruch\u00f3w i wygod\u0119 przez ca\u0142y dzie\u0144. Lu\u017any, prosty kr\u00f3j w stylu oversize doskonale sprawdza si\u0119 na co dzie\u0144, w podr\u00f3\u017cy lub podczas letnich spacer\u00f3w.<\/p>\n<p data-start=\"537\" data-end=\"654\">Wyrazisty nadruk <strong data-start=\"554\" data-end=\"571\">\u201eKocham G\u00f3ry\u201d<\/strong> dodaje charakteru i pozwala pokaza\u0107 swoj\u0105 pasj\u0119 do g\u00f3r w modny, subtelny spos\u00f3b.<\/p>\n","protected":false},"excerpt":{"rendered":"<p><strong data-start=\"85\" data-end=\"147\">Sukienka T-shirt damska \u201eKocham G\u00f3ry\u201d \u2013 wygodna i stylowa.<\/strong><br data-start=\"147\" data-end=\"150\" \/>Wykonana z mi\u0119kkiej, oddychaj\u0105cej bawe\u0142ny, z lu\u017anym krojem i wyrazistym nadrukiem. Idealna na lato, podr\u00f3\u017ce i codzienne stylizacje.<\/p>\n","protected":false},"featured_media":850,"comment_status":"open","ping_status":"closed","template":"","meta":{"site-sidebar-layout":"default","site-content-layout":"","ast-site-content-layout":"default","site-content-style":"default","site-sidebar-style":"default","ast-global-header-display":"","ast-banner-title-visibility":"","ast-main-header-display":"","ast-hfb-above-header-display":"","ast-hfb-below-header-display":"","ast-hfb-mobile-header-display":"","site-post-title":"","ast-breadcrumbs-content":"","ast-featured-img":"","footer-sml-layout":"","theme-transparent-header-meta":"default","adv-header-id-meta":"","stick-header-meta":"","header-above-stick-meta":"","header-main-stick-meta":"","header-below-stick-meta":"","astra-migrate-meta-layouts":"set","ast-page-background-enabled":"default","ast-page-background-meta":{"desktop":{"background-color":"var(--ast-global-color-5)","background-image":"","background-repeat":"repeat","background-position":"center center","background-size":"auto","background-attachment":"scroll","background-type":"","background-media":"","overlay-type":"","overlay-color":"","overlay-opacity":"","overlay-gradient":""},"tablet":{"background-color":"","background-image":"","background-repeat":"repeat","background-position":"center center","background-size":"auto","background-attachment":"scroll","background-type":"","background-media":"","overlay-type":"","overlay-color":"","overlay-opacity":"","overlay-gradient":""},"mobile":{"background-color":"","background-image":"","background-repeat":"repeat","background-position":"center center","background-size":"auto","background-attachment":"scroll","background-type":"","background-media":"","overlay-type":"","overlay-color":"","overlay-opacity":"","overlay-gradient":""}},"ast-content-background-meta":{"desktop":{"background-color":"var(--ast-global-color-4)","background-image":"","background-repeat":"repeat","background-position":"center center","background-size":"auto","background-attachment":"scroll","background-type":"","background-media":"","overlay-type":"","overlay-color":"","overlay-opacity":"","overlay-gradient":""},"tablet":{"background-color":"var(--ast-global-color-4)","background-image":"","background-repeat":"repeat","background-position":"center center","background-size":"auto","background-attachment":"scroll","background-type":"","background-media":"","overlay-type":"","overlay-color":"","overlay-opacity":"","overlay-gradient":""},"mobile":{"background-color":"var(--ast-global-color-4)","background-image":"","background-repeat":"repeat","background-position":"center center","background-size":"auto","background-attachment":"scroll","background-type":"","background-media":"","overlay-type":"","overlay-color":"","overlay-opacity":"","overlay-gradient":""}}},"product_brand":[],"product_cat":[25],"product_tag":[108,97,78,112,110,111,113],"class_list":{"0":"post-849","1":"product","2":"type-product","3":"status-publish","4":"has-post-thumbnail","6":"product_cat-sukienki-w-stylu-t-shirtu","7":"product_tag-gory","8":"product_tag-kocham-gory","9":"product_tag-koszulka","10":"product_tag-koszulka-damska","11":"product_tag-odziez-damska","12":"product_tag-sukienka","13":"product_tag-sukienka-t-shirt","14":"desktop-align-left","15":"tablet-align-left","16":"mobile-align-left","18":"first","19":"instock","20":"taxable","21":"shipping-taxable","22":"purchasable","23":"product-type-variable","24":"wvs-archive-product-wrapper"},"_links":{"self":[{"href":"https:\/\/outfit.zikoway.pl\/index.php?rest_route=\/wp\/v2\/product\/849","targetHints":{"allow":["GET"]}}],"collection":[{"href":"https:\/\/outfit.zikoway.pl\/index.php?rest_route=\/wp\/v2\/product"}],"about":[{"href":"https:\/\/outfit.zikoway.pl\/index.php?rest_route=\/wp\/v2\/types\/product"}],"replies":[{"embeddable":true,"href":"https:\/\/outfit.zikoway.pl\/index.php?rest_route=%2Fwp%2Fv2%2Fcomments&post=849"}],"wp:featuredmedia":[{"embeddable":true,"href":"https:\/\/outfit.zikoway.pl\/index.php?rest_route=\/wp\/v2\/media\/850"}],"wp:attachment":[{"href":"https:\/\/outfit.zikoway.pl\/index.php?rest_route=%2Fwp%2Fv2%2Fmedia&parent=849"}],"wp:term":[{"taxonomy":"product_brand","embeddable":true,"href":"https:\/\/outfit.zikoway.pl\/index.php?rest_route=%2Fwp%2Fv2%2Fproduct_brand&post=849"},{"taxonomy":"product_cat","embeddable":true,"href":"https:\/\/outfit.zikoway.pl\/index.php?rest_route=%2Fwp%2Fv2%2Fproduct_cat&post=849"},{"taxonomy":"product_tag","embeddable":true,"href":"https:\/\/outfit.zikoway.pl\/index.php?rest_route=%2Fwp%2Fv2%2Fproduct_tag&post=849"}],"curies":[{"name":"wp","href":"https:\/\/api.w.org\/{rel}","templated":true}]}}