{"id":837,"date":"2025-10-31T16:03:29","date_gmt":"2025-10-31T15:03:29","guid":{"rendered":"https:\/\/outfit.zikoway.pl\/?post_type=product&#038;p=837"},"modified":"2025-10-31T16:03:29","modified_gmt":"2025-10-31T15:03:29","slug":"koszulka-damska-top-kocham-gory","status":"publish","type":"product","link":"https:\/\/outfit.zikoway.pl\/?product=koszulka-damska-top-kocham-gory","title":{"rendered":"Koszulka damska top &#8222;Kocham g\u00f3ry&#8221;"},"content":{"rendered":"<h3 data-start=\"117\" data-end=\"154\">\ud83d\udc5a Damski top <strong data-start=\"135\" data-end=\"152\">\u201eKocham G\u00f3ry\u201d<\/strong><\/h3>\n<p data-start=\"156\" data-end=\"505\">Lekki, wygodny i stylowy top dla kobiet, kt\u00f3re kochaj\u0105 g\u00f3rskie przygody! \ud83c\udfd4\ufe0f<br data-start=\"232\" data-end=\"235\" \/>Wykonany z wysokiej jako\u015bci, oddychaj\u0105cej bawe\u0142ny z dodatkiem elastanu, zapewnia pe\u0142n\u0105 swobod\u0119 ruch\u00f3w i komfort noszenia nawet w najcieplejsze dni. Klasyczny kr\u00f3j bez r\u0119kaw\u00f3w pi\u0119knie podkre\u015bla sylwetk\u0119, a nadruk <strong data-start=\"447\" data-end=\"464\">\u201eKocham G\u00f3ry\u201d<\/strong> pozwala wyrazi\u0107 Twoj\u0105 pasj\u0119 do natury.<\/p>\n","protected":false},"excerpt":{"rendered":"<p><strong data-start=\"70\" data-end=\"126\">Damski top \u201eKocham G\u00f3ry\u201d \u2013 lekki, wygodny i stylowy.<\/strong><br data-start=\"126\" data-end=\"129\" \/>Wykonany z mi\u0119kkiej, elastycznej tkaniny, z kobiecym krojem i wyrazistym nadrukiem. Idealny na lato, g\u00f3rskie wyprawy i codzienne stylizacje.<\/p>\n","protected":false},"featured_media":838,"comment_status":"open","ping_status":"closed","template":"","meta":{"site-sidebar-layout":"default","site-content-layout":"","ast-site-content-layout":"default","site-content-style":"default","site-sidebar-style":"default","ast-global-header-display":"","ast-banner-title-visibility":"","ast-main-header-display":"","ast-hfb-above-header-display":"","ast-hfb-below-header-display":"","ast-hfb-mobile-header-display":"","site-post-title":"","ast-breadcrumbs-content":"","ast-featured-img":"","footer-sml-layout":"","theme-transparent-header-meta":"default","adv-header-id-meta":"","stick-header-meta":"","header-above-stick-meta":"","header-main-stick-meta":"","header-below-stick-meta":"","astra-migrate-meta-layouts":"set","ast-page-background-enabled":"default","ast-page-background-meta":{"desktop":{"background-color":"var(--ast-global-color-5)","background-image":"","background-repeat":"repeat","background-position":"center center","background-size":"auto","background-attachment":"scroll","background-type":"","background-media":"","overlay-type":"","overlay-color":"","overlay-opacity":"","overlay-gradient":""},"tablet":{"background-color":"","background-image":"","background-repeat":"repeat","background-position":"center center","background-size":"auto","background-attachment":"scroll","background-type":"","background-media":"","overlay-type":"","overlay-color":"","overlay-opacity":"","overlay-gradient":""},"mobile":{"background-color":"","background-image":"","background-repeat":"repeat","background-position":"center center","background-size":"auto","background-attachment":"scroll","background-type":"","background-media":"","overlay-type":"","overlay-color":"","overlay-opacity":"","overlay-gradient":""}},"ast-content-background-meta":{"desktop":{"background-color":"var(--ast-global-color-4)","background-image":"","background-repeat":"repeat","background-position":"center center","background-size":"auto","background-attachment":"scroll","background-type":"","background-media":"","overlay-type":"","overlay-color":"","overlay-opacity":"","overlay-gradient":""},"tablet":{"background-color":"var(--ast-global-color-4)","background-image":"","background-repeat":"repeat","background-position":"center center","background-size":"auto","background-attachment":"scroll","background-type":"","background-media":"","overlay-type":"","overlay-color":"","overlay-opacity":"","overlay-gradient":""},"mobile":{"background-color":"var(--ast-global-color-4)","background-image":"","background-repeat":"repeat","background-position":"center center","background-size":"auto","background-attachment":"scroll","background-type":"","background-media":"","overlay-type":"","overlay-color":"","overlay-opacity":"","overlay-gradient":""}}},"product_brand":[],"product_cat":[22],"product_tag":[108,97,78,112,79],"class_list":{"0":"post-837","1":"product","2":"type-product","3":"status-publish","4":"has-post-thumbnail","6":"product_cat-topy","7":"product_tag-gory","8":"product_tag-kocham-gory","9":"product_tag-koszulka","10":"product_tag-koszulka-damska","11":"product_tag-koszulka-top","12":"desktop-align-left","13":"tablet-align-left","14":"mobile-align-left","16":"first","17":"instock","18":"taxable","19":"shipping-taxable","20":"purchasable","21":"product-type-variable","22":"wvs-archive-product-wrapper"},"_links":{"self":[{"href":"https:\/\/outfit.zikoway.pl\/index.php?rest_route=\/wp\/v2\/product\/837","targetHints":{"allow":["GET"]}}],"collection":[{"href":"https:\/\/outfit.zikoway.pl\/index.php?rest_route=\/wp\/v2\/product"}],"about":[{"href":"https:\/\/outfit.zikoway.pl\/index.php?rest_route=\/wp\/v2\/types\/product"}],"replies":[{"embeddable":true,"href":"https:\/\/outfit.zikoway.pl\/index.php?rest_route=%2Fwp%2Fv2%2Fcomments&post=837"}],"wp:featuredmedia":[{"embeddable":true,"href":"https:\/\/outfit.zikoway.pl\/index.php?rest_route=\/wp\/v2\/media\/838"}],"wp:attachment":[{"href":"https:\/\/outfit.zikoway.pl\/index.php?rest_route=%2Fwp%2Fv2%2Fmedia&parent=837"}],"wp:term":[{"taxonomy":"product_brand","embeddable":true,"href":"https:\/\/outfit.zikoway.pl\/index.php?rest_route=%2Fwp%2Fv2%2Fproduct_brand&post=837"},{"taxonomy":"product_cat","embeddable":true,"href":"https:\/\/outfit.zikoway.pl\/index.php?rest_route=%2Fwp%2Fv2%2Fproduct_cat&post=837"},{"taxonomy":"product_tag","embeddable":true,"href":"https:\/\/outfit.zikoway.pl\/index.php?rest_route=%2Fwp%2Fv2%2Fproduct_tag&post=837"}],"curies":[{"name":"wp","href":"https:\/\/api.w.org\/{rel}","templated":true}]}}