{"id":780,"date":"2025-10-31T15:21:30","date_gmt":"2025-10-31T14:21:30","guid":{"rendered":"https:\/\/outfit.zikoway.pl\/?post_type=product&#038;p=780"},"modified":"2025-10-31T15:21:30","modified_gmt":"2025-10-31T14:21:30","slug":"bluza-damska-bez-kaptura-kocham-gory","status":"publish","type":"product","link":"https:\/\/outfit.zikoway.pl\/?product=bluza-damska-bez-kaptura-kocham-gory","title":{"rendered":"Bluza damska bez kaptura &#8222;kocham g\u00f3ry&#8221;"},"content":{"rendered":"<h3 data-start=\"117\" data-end=\"150\">\ud83d\udc5a Damska bluza bez kaptura<\/h3>\n<p data-start=\"152\" data-end=\"383\">Stylowa i komfortowa bluza damska bez kaptura, stworzona z my\u015bl\u0105 o wygodzie i codziennym u\u017cytkowaniu. Wykonana z mi\u0119kkiej, przyjemnej w dotyku dzianiny, idealnie sprawdzi si\u0119 w ch\u0142odniejsze dni w domu, pracy czy podczas spacer\u00f3w.<\/p>\n<p data-start=\"385\" data-end=\"588\">Klasyczny kr\u00f3j i lekko dopasowana sylwetka zapewniaj\u0105 komfort i elegancki wygl\u0105d. Prosty, minimalistyczny design sprawia, \u017ce bluza pasuje do wielu stylizacji i jest \u0142atwa w \u0142\u0105czeniu z innymi ubraniami.<\/p>\n","protected":false},"excerpt":{"rendered":"<p><strong data-start=\"68\" data-end=\"129\">Damska bluza bez kaptura \u2013 mi\u0119kka, wygodna i uniwersalna.<\/strong><br data-start=\"129\" data-end=\"132\" \/>Klasyczny kr\u00f3j i minimalistyczny design sprawiaj\u0105, \u017ce bluza \u015bwietnie sprawdzi si\u0119 na co dzie\u0144 i podczas lekkiej aktywno\u015bci.<\/p>\n","protected":false},"featured_media":781,"comment_status":"open","ping_status":"closed","template":"","meta":{"site-sidebar-layout":"default","site-content-layout":"","ast-site-content-layout":"default","site-content-style":"default","site-sidebar-style":"default","ast-global-header-display":"","ast-banner-title-visibility":"","ast-main-header-display":"","ast-hfb-above-header-display":"","ast-hfb-below-header-display":"","ast-hfb-mobile-header-display":"","site-post-title":"","ast-breadcrumbs-content":"","ast-featured-img":"","footer-sml-layout":"","theme-transparent-header-meta":"default","adv-header-id-meta":"","stick-header-meta":"","header-above-stick-meta":"","header-main-stick-meta":"","header-below-stick-meta":"","astra-migrate-meta-layouts":"set","ast-page-background-enabled":"default","ast-page-background-meta":{"desktop":{"background-color":"var(--ast-global-color-5)","background-image":"","background-repeat":"repeat","background-position":"center center","background-size":"auto","background-attachment":"scroll","background-type":"","background-media":"","overlay-type":"","overlay-color":"","overlay-opacity":"","overlay-gradient":""},"tablet":{"background-color":"","background-image":"","background-repeat":"repeat","background-position":"center center","background-size":"auto","background-attachment":"scroll","background-type":"","background-media":"","overlay-type":"","overlay-color":"","overlay-opacity":"","overlay-gradient":""},"mobile":{"background-color":"","background-image":"","background-repeat":"repeat","background-position":"center center","background-size":"auto","background-attachment":"scroll","background-type":"","background-media":"","overlay-type":"","overlay-color":"","overlay-opacity":"","overlay-gradient":""}},"ast-content-background-meta":{"desktop":{"background-color":"var(--ast-global-color-4)","background-image":"","background-repeat":"repeat","background-position":"center center","background-size":"auto","background-attachment":"scroll","background-type":"","background-media":"","overlay-type":"","overlay-color":"","overlay-opacity":"","overlay-gradient":""},"tablet":{"background-color":"var(--ast-global-color-4)","background-image":"","background-repeat":"repeat","background-position":"center center","background-size":"auto","background-attachment":"scroll","background-type":"","background-media":"","overlay-type":"","overlay-color":"","overlay-opacity":"","overlay-gradient":""},"mobile":{"background-color":"var(--ast-global-color-4)","background-image":"","background-repeat":"repeat","background-position":"center center","background-size":"auto","background-attachment":"scroll","background-type":"","background-media":"","overlay-type":"","overlay-color":"","overlay-opacity":"","overlay-gradient":""}}},"product_brand":[],"product_cat":[29],"product_tag":[74,109,108,97],"class_list":{"0":"post-780","1":"product","2":"type-product","3":"status-publish","4":"has-post-thumbnail","6":"product_cat-bluzy-bez-kaptura","7":"product_tag-bluza","8":"product_tag-bluza-damska","9":"product_tag-gory","10":"product_tag-kocham-gory","11":"desktop-align-left","12":"tablet-align-left","13":"mobile-align-left","15":"first","16":"instock","17":"taxable","18":"shipping-taxable","19":"purchasable","20":"product-type-variable","21":"wvs-archive-product-wrapper"},"_links":{"self":[{"href":"https:\/\/outfit.zikoway.pl\/index.php?rest_route=\/wp\/v2\/product\/780","targetHints":{"allow":["GET"]}}],"collection":[{"href":"https:\/\/outfit.zikoway.pl\/index.php?rest_route=\/wp\/v2\/product"}],"about":[{"href":"https:\/\/outfit.zikoway.pl\/index.php?rest_route=\/wp\/v2\/types\/product"}],"replies":[{"embeddable":true,"href":"https:\/\/outfit.zikoway.pl\/index.php?rest_route=%2Fwp%2Fv2%2Fcomments&post=780"}],"wp:featuredmedia":[{"embeddable":true,"href":"https:\/\/outfit.zikoway.pl\/index.php?rest_route=\/wp\/v2\/media\/781"}],"wp:attachment":[{"href":"https:\/\/outfit.zikoway.pl\/index.php?rest_route=%2Fwp%2Fv2%2Fmedia&parent=780"}],"wp:term":[{"taxonomy":"product_brand","embeddable":true,"href":"https:\/\/outfit.zikoway.pl\/index.php?rest_route=%2Fwp%2Fv2%2Fproduct_brand&post=780"},{"taxonomy":"product_cat","embeddable":true,"href":"https:\/\/outfit.zikoway.pl\/index.php?rest_route=%2Fwp%2Fv2%2Fproduct_cat&post=780"},{"taxonomy":"product_tag","embeddable":true,"href":"https:\/\/outfit.zikoway.pl\/index.php?rest_route=%2Fwp%2Fv2%2Fproduct_tag&post=780"}],"curies":[{"name":"wp","href":"https:\/\/api.w.org\/{rel}","templated":true}]}}