{"id":755,"date":"2025-10-31T15:10:57","date_gmt":"2025-10-31T14:10:57","guid":{"rendered":"https:\/\/outfit.zikoway.pl\/?post_type=product&#038;p=755"},"modified":"2025-10-31T15:10:57","modified_gmt":"2025-10-31T14:10:57","slug":"bluza-damska-z-kapturem-kocham-gory","status":"publish","type":"product","link":"https:\/\/outfit.zikoway.pl\/?product=bluza-damska-z-kapturem-kocham-gory","title":{"rendered":"Bluza Damska z kapturem &#8222;Kocham g\u00f3ry&#8221;"},"content":{"rendered":"<h3 data-start=\"121\" data-end=\"153\">\ud83d\udc5a Damska bluza z kapturem<\/h3>\n<p data-start=\"155\" data-end=\"404\">Stylowa i komfortowa bluza z kapturem stworzona z my\u015bl\u0105 o wygodzie i modnym wygl\u0105dzie. Wykonana z mi\u0119kkiej, przyjemnej w dotyku dzianiny, idealnie sprawdzi si\u0119 w ch\u0142odniejsze dni \u2013 w domu, na spacerze czy w trakcie aktywno\u015bci na \u015bwie\u017cym powietrzu.<\/p>\n<p data-start=\"406\" data-end=\"663\">Kaptur z regulacj\u0105 chroni przed wiatrem, a praktyczna kiesze\u0144 typu kangur pozwala przechowa\u0107 drobiazgi lub ogrza\u0107 d\u0142onie. Klasyczny kr\u00f3j i dopasowanie do sylwetki zapewniaj\u0105 komfort noszenia, a subtelny design sprawia, \u017ce bluza pasuje do wielu stylizacji.<\/p>\n","protected":false},"excerpt":{"rendered":"<p><strong data-start=\"63\" data-end=\"119\">Damska bluza z kapturem \u2013 mi\u0119kka, wygodna i stylowa.<\/strong><br data-start=\"119\" data-end=\"122\" \/>Kaptur z regulacj\u0105 i praktyczna kiesze\u0144 typu kangur sprawiaj\u0105, \u017ce bluza idealnie sprawdzi si\u0119 na co dzie\u0144 i podczas lekkiej aktywno\u015bci.<\/p>\n","protected":false},"featured_media":757,"comment_status":"open","ping_status":"closed","template":"","meta":{"site-sidebar-layout":"default","site-content-layout":"","ast-site-content-layout":"default","site-content-style":"default","site-sidebar-style":"default","ast-global-header-display":"","ast-banner-title-visibility":"","ast-main-header-display":"","ast-hfb-above-header-display":"","ast-hfb-below-header-display":"","ast-hfb-mobile-header-display":"","site-post-title":"","ast-breadcrumbs-content":"","ast-featured-img":"","footer-sml-layout":"","theme-transparent-header-meta":"default","adv-header-id-meta":"","stick-header-meta":"","header-above-stick-meta":"","header-main-stick-meta":"","header-below-stick-meta":"","astra-migrate-meta-layouts":"set","ast-page-background-enabled":"default","ast-page-background-meta":{"desktop":{"background-color":"var(--ast-global-color-5)","background-image":"","background-repeat":"repeat","background-position":"center center","background-size":"auto","background-attachment":"scroll","background-type":"","background-media":"","overlay-type":"","overlay-color":"","overlay-opacity":"","overlay-gradient":""},"tablet":{"background-color":"","background-image":"","background-repeat":"repeat","background-position":"center center","background-size":"auto","background-attachment":"scroll","background-type":"","background-media":"","overlay-type":"","overlay-color":"","overlay-opacity":"","overlay-gradient":""},"mobile":{"background-color":"","background-image":"","background-repeat":"repeat","background-position":"center center","background-size":"auto","background-attachment":"scroll","background-type":"","background-media":"","overlay-type":"","overlay-color":"","overlay-opacity":"","overlay-gradient":""}},"ast-content-background-meta":{"desktop":{"background-color":"var(--ast-global-color-4)","background-image":"","background-repeat":"repeat","background-position":"center center","background-size":"auto","background-attachment":"scroll","background-type":"","background-media":"","overlay-type":"","overlay-color":"","overlay-opacity":"","overlay-gradient":""},"tablet":{"background-color":"var(--ast-global-color-4)","background-image":"","background-repeat":"repeat","background-position":"center center","background-size":"auto","background-attachment":"scroll","background-type":"","background-media":"","overlay-type":"","overlay-color":"","overlay-opacity":"","overlay-gradient":""},"mobile":{"background-color":"var(--ast-global-color-4)","background-image":"","background-repeat":"repeat","background-position":"center center","background-size":"auto","background-attachment":"scroll","background-type":"","background-media":"","overlay-type":"","overlay-color":"","overlay-opacity":"","overlay-gradient":""}}},"product_brand":[],"product_cat":[28],"product_tag":[74,109,108,97,110],"class_list":{"0":"post-755","1":"product","2":"type-product","3":"status-publish","4":"has-post-thumbnail","6":"product_cat-bluzy-z-kapturem","7":"product_tag-bluza","8":"product_tag-bluza-damska","9":"product_tag-gory","10":"product_tag-kocham-gory","11":"product_tag-odziez-damska","12":"desktop-align-left","13":"tablet-align-left","14":"mobile-align-left","16":"first","17":"instock","18":"taxable","19":"shipping-taxable","20":"purchasable","21":"product-type-variable","22":"wvs-archive-product-wrapper"},"_links":{"self":[{"href":"https:\/\/outfit.zikoway.pl\/index.php?rest_route=\/wp\/v2\/product\/755","targetHints":{"allow":["GET"]}}],"collection":[{"href":"https:\/\/outfit.zikoway.pl\/index.php?rest_route=\/wp\/v2\/product"}],"about":[{"href":"https:\/\/outfit.zikoway.pl\/index.php?rest_route=\/wp\/v2\/types\/product"}],"replies":[{"embeddable":true,"href":"https:\/\/outfit.zikoway.pl\/index.php?rest_route=%2Fwp%2Fv2%2Fcomments&post=755"}],"wp:featuredmedia":[{"embeddable":true,"href":"https:\/\/outfit.zikoway.pl\/index.php?rest_route=\/wp\/v2\/media\/757"}],"wp:attachment":[{"href":"https:\/\/outfit.zikoway.pl\/index.php?rest_route=%2Fwp%2Fv2%2Fmedia&parent=755"}],"wp:term":[{"taxonomy":"product_brand","embeddable":true,"href":"https:\/\/outfit.zikoway.pl\/index.php?rest_route=%2Fwp%2Fv2%2Fproduct_brand&post=755"},{"taxonomy":"product_cat","embeddable":true,"href":"https:\/\/outfit.zikoway.pl\/index.php?rest_route=%2Fwp%2Fv2%2Fproduct_cat&post=755"},{"taxonomy":"product_tag","embeddable":true,"href":"https:\/\/outfit.zikoway.pl\/index.php?rest_route=%2Fwp%2Fv2%2Fproduct_tag&post=755"}],"curies":[{"name":"wp","href":"https:\/\/api.w.org\/{rel}","templated":true}]}}