{"id":750,"date":"2025-10-31T14:42:08","date_gmt":"2025-10-31T13:42:08","guid":{"rendered":"https:\/\/outfit.zikoway.pl\/?post_type=product&#038;p=750"},"modified":"2025-10-31T14:45:54","modified_gmt":"2025-10-31T13:45:54","slug":"plecak-kocham-gory","status":"publish","type":"product","link":"https:\/\/outfit.zikoway.pl\/?product=plecak-kocham-gory","title":{"rendered":"Plecak &#8222;Kocham g\u00f3ry&#8221;"},"content":{"rendered":"<h3 data-start=\"112\" data-end=\"145\">\ud83c\udf92 Plecak <strong data-start=\"126\" data-end=\"143\">\u201eKocham G\u00f3ry\u201d<\/strong><\/h3>\n<p data-start=\"147\" data-end=\"429\">Praktyczny, stylowy i wytrzyma\u0142y \u2013 plecak <strong data-start=\"189\" data-end=\"206\">\u201eKocham G\u00f3ry\u201d<\/strong> to idealny towarzysz ka\u017cdej wyprawy, spaceru czy codziennych aktywno\u015bci. Pojemna komora g\u0142\u00f3wna i dodatkowe kieszenie pozwalaj\u0105 wygodnie przechowa\u0107 wszystko, co potrzebne \u2013 od sprz\u0119tu turystycznego po codzienne drobiazgi.<\/p>\n<p data-start=\"431\" data-end=\"620\">Wykonany z solidnego, odpornego na przetarcia i wilgo\u0107 materia\u0142u, z regulowanymi, wygodnymi szelkami. Haftowane has\u0142o <strong data-start=\"549\" data-end=\"566\">\u201eKocham G\u00f3ry\u201d<\/strong> podkre\u015bla Twoj\u0105 pasj\u0119 do natury i g\u00f3rskich przyg\u00f3d.<\/p>\n","protected":false},"excerpt":{"rendered":"<p>Nic mi si\u0119 nie chce\u201d \u2013 poka\u017c sw\u00f3j chillowy nastr\u00f3j w stylowy spos\u00f3b.<\/p>\n","protected":false},"featured_media":753,"comment_status":"open","ping_status":"closed","template":"","meta":{"site-sidebar-layout":"default","site-content-layout":"","ast-site-content-layout":"default","site-content-style":"default","site-sidebar-style":"default","ast-global-header-display":"","ast-banner-title-visibility":"","ast-main-header-display":"","ast-hfb-above-header-display":"","ast-hfb-below-header-display":"","ast-hfb-mobile-header-display":"","site-post-title":"","ast-breadcrumbs-content":"","ast-featured-img":"","footer-sml-layout":"","theme-transparent-header-meta":"default","adv-header-id-meta":"","stick-header-meta":"","header-above-stick-meta":"","header-main-stick-meta":"","header-below-stick-meta":"","astra-migrate-meta-layouts":"set","ast-page-background-enabled":"default","ast-page-background-meta":{"desktop":{"background-color":"var(--ast-global-color-5)","background-image":"","background-repeat":"repeat","background-position":"center center","background-size":"auto","background-attachment":"scroll","background-type":"","background-media":"","overlay-type":"","overlay-color":"","overlay-opacity":"","overlay-gradient":""},"tablet":{"background-color":"","background-image":"","background-repeat":"repeat","background-position":"center center","background-size":"auto","background-attachment":"scroll","background-type":"","background-media":"","overlay-type":"","overlay-color":"","overlay-opacity":"","overlay-gradient":""},"mobile":{"background-color":"","background-image":"","background-repeat":"repeat","background-position":"center center","background-size":"auto","background-attachment":"scroll","background-type":"","background-media":"","overlay-type":"","overlay-color":"","overlay-opacity":"","overlay-gradient":""}},"ast-content-background-meta":{"desktop":{"background-color":"var(--ast-global-color-4)","background-image":"","background-repeat":"repeat","background-position":"center center","background-size":"auto","background-attachment":"scroll","background-type":"","background-media":"","overlay-type":"","overlay-color":"","overlay-opacity":"","overlay-gradient":""},"tablet":{"background-color":"var(--ast-global-color-4)","background-image":"","background-repeat":"repeat","background-position":"center center","background-size":"auto","background-attachment":"scroll","background-type":"","background-media":"","overlay-type":"","overlay-color":"","overlay-opacity":"","overlay-gradient":""},"mobile":{"background-color":"var(--ast-global-color-4)","background-image":"","background-repeat":"repeat","background-position":"center center","background-size":"auto","background-attachment":"scroll","background-type":"","background-media":"","overlay-type":"","overlay-color":"","overlay-opacity":"","overlay-gradient":""}}},"product_brand":[],"product_cat":[60],"product_tag":[96,108,97,102],"class_list":{"0":"post-750","1":"product","2":"type-product","3":"status-publish","4":"has-post-thumbnail","6":"product_cat-plecaki","7":"product_tag-akcesoria","8":"product_tag-gory","9":"product_tag-kocham-gory","10":"product_tag-plecak","11":"desktop-align-left","12":"tablet-align-left","13":"mobile-align-left","15":"first","16":"instock","17":"taxable","18":"shipping-taxable","19":"purchasable","20":"product-type-simple"},"_links":{"self":[{"href":"https:\/\/outfit.zikoway.pl\/index.php?rest_route=\/wp\/v2\/product\/750","targetHints":{"allow":["GET"]}}],"collection":[{"href":"https:\/\/outfit.zikoway.pl\/index.php?rest_route=\/wp\/v2\/product"}],"about":[{"href":"https:\/\/outfit.zikoway.pl\/index.php?rest_route=\/wp\/v2\/types\/product"}],"replies":[{"embeddable":true,"href":"https:\/\/outfit.zikoway.pl\/index.php?rest_route=%2Fwp%2Fv2%2Fcomments&post=750"}],"wp:featuredmedia":[{"embeddable":true,"href":"https:\/\/outfit.zikoway.pl\/index.php?rest_route=\/wp\/v2\/media\/753"}],"wp:attachment":[{"href":"https:\/\/outfit.zikoway.pl\/index.php?rest_route=%2Fwp%2Fv2%2Fmedia&parent=750"}],"wp:term":[{"taxonomy":"product_brand","embeddable":true,"href":"https:\/\/outfit.zikoway.pl\/index.php?rest_route=%2Fwp%2Fv2%2Fproduct_brand&post=750"},{"taxonomy":"product_cat","embeddable":true,"href":"https:\/\/outfit.zikoway.pl\/index.php?rest_route=%2Fwp%2Fv2%2Fproduct_cat&post=750"},{"taxonomy":"product_tag","embeddable":true,"href":"https:\/\/outfit.zikoway.pl\/index.php?rest_route=%2Fwp%2Fv2%2Fproduct_tag&post=750"}],"curies":[{"name":"wp","href":"https:\/\/api.w.org\/{rel}","templated":true}]}}