{"id":747,"date":"2025-10-31T14:38:39","date_gmt":"2025-10-31T13:38:39","guid":{"rendered":"https:\/\/outfit.zikoway.pl\/?post_type=product&#038;p=747"},"modified":"2025-10-31T14:38:39","modified_gmt":"2025-10-31T13:38:39","slug":"torba-na-biodra-kocham-gory","status":"publish","type":"product","link":"https:\/\/outfit.zikoway.pl\/?product=torba-na-biodra-kocham-gory","title":{"rendered":"Torba na biodra &#8222;Kocham g\u00f3ry&#8221;"},"content":{"rendered":"<h3 data-start=\"120\" data-end=\"162\">\ud83c\udf92 Torba na biodra <strong data-start=\"143\" data-end=\"160\">\u201eKocham G\u00f3ry\u201d<\/strong><\/h3>\n<p data-start=\"164\" data-end=\"434\">Praktyczna, stylowa i lekka \u2013 torba na biodra <strong data-start=\"210\" data-end=\"227\">\u201eKocham G\u00f3ry\u201d<\/strong> to idealny towarzysz ka\u017cdej wyprawy i codziennych aktywno\u015bci. Dzi\u0119ki kompaktowym wymiarom zmie\u015bcisz w niej wszystkie niezb\u0119dne drobiazgi \u2013 telefon, portfel, klucze czy przek\u0105ski \u2013 bez zb\u0119dnego obci\u0105\u017cenia.<\/p>\n<p data-start=\"436\" data-end=\"675\">Wykonana z wytrzyma\u0142ego materia\u0142u, odpornego na przetarcia i wilgo\u0107, z regulowanym paskiem, kt\u00f3ry zapewnia komfort noszenia na biodrze lub przez rami\u0119. Haftowane has\u0142o <strong data-start=\"604\" data-end=\"621\">\u201eKocham G\u00f3ry\u201d<\/strong> podkre\u015bla Twoj\u0105 pasj\u0119 do natury i g\u00f3rskich przyg\u00f3d.<\/p>\n","protected":false},"excerpt":{"rendered":"<p><strong data-start=\"68\" data-end=\"99\">Nerka \u201eNic mi si\u0119 nie chce\u201d<\/strong> \u2013 lekka, praktyczna i pe\u0142na luzu \ud83d\ude0e Idealna na codzienne wyj\u015bcia, z humorem pokazuje Tw\u00f3j chillowy nastr\u00f3j.<\/p>\n","protected":false},"featured_media":749,"comment_status":"open","ping_status":"closed","template":"","meta":{"site-sidebar-layout":"default","site-content-layout":"","ast-site-content-layout":"default","site-content-style":"default","site-sidebar-style":"default","ast-global-header-display":"","ast-banner-title-visibility":"","ast-main-header-display":"","ast-hfb-above-header-display":"","ast-hfb-below-header-display":"","ast-hfb-mobile-header-display":"","site-post-title":"","ast-breadcrumbs-content":"","ast-featured-img":"","footer-sml-layout":"","theme-transparent-header-meta":"default","adv-header-id-meta":"","stick-header-meta":"","header-above-stick-meta":"","header-main-stick-meta":"","header-below-stick-meta":"","astra-migrate-meta-layouts":"set","ast-page-background-enabled":"default","ast-page-background-meta":{"desktop":{"background-color":"var(--ast-global-color-5)","background-image":"","background-repeat":"repeat","background-position":"center center","background-size":"auto","background-attachment":"scroll","background-type":"","background-media":"","overlay-type":"","overlay-color":"","overlay-opacity":"","overlay-gradient":""},"tablet":{"background-color":"","background-image":"","background-repeat":"repeat","background-position":"center center","background-size":"auto","background-attachment":"scroll","background-type":"","background-media":"","overlay-type":"","overlay-color":"","overlay-opacity":"","overlay-gradient":""},"mobile":{"background-color":"","background-image":"","background-repeat":"repeat","background-position":"center center","background-size":"auto","background-attachment":"scroll","background-type":"","background-media":"","overlay-type":"","overlay-color":"","overlay-opacity":"","overlay-gradient":""}},"ast-content-background-meta":{"desktop":{"background-color":"var(--ast-global-color-4)","background-image":"","background-repeat":"repeat","background-position":"center center","background-size":"auto","background-attachment":"scroll","background-type":"","background-media":"","overlay-type":"","overlay-color":"","overlay-opacity":"","overlay-gradient":""},"tablet":{"background-color":"var(--ast-global-color-4)","background-image":"","background-repeat":"repeat","background-position":"center center","background-size":"auto","background-attachment":"scroll","background-type":"","background-media":"","overlay-type":"","overlay-color":"","overlay-opacity":"","overlay-gradient":""},"mobile":{"background-color":"var(--ast-global-color-4)","background-image":"","background-repeat":"repeat","background-position":"center center","background-size":"auto","background-attachment":"scroll","background-type":"","background-media":"","overlay-type":"","overlay-color":"","overlay-opacity":"","overlay-gradient":""}}},"product_brand":[],"product_cat":[61],"product_tag":[],"class_list":{"0":"post-747","1":"product","2":"type-product","3":"status-publish","4":"has-post-thumbnail","6":"product_cat-torby-na-biodra","7":"desktop-align-left","8":"tablet-align-left","9":"mobile-align-left","11":"first","12":"instock","13":"taxable","14":"shipping-taxable","15":"purchasable","16":"product-type-simple"},"_links":{"self":[{"href":"https:\/\/outfit.zikoway.pl\/index.php?rest_route=\/wp\/v2\/product\/747","targetHints":{"allow":["GET"]}}],"collection":[{"href":"https:\/\/outfit.zikoway.pl\/index.php?rest_route=\/wp\/v2\/product"}],"about":[{"href":"https:\/\/outfit.zikoway.pl\/index.php?rest_route=\/wp\/v2\/types\/product"}],"replies":[{"embeddable":true,"href":"https:\/\/outfit.zikoway.pl\/index.php?rest_route=%2Fwp%2Fv2%2Fcomments&post=747"}],"wp:featuredmedia":[{"embeddable":true,"href":"https:\/\/outfit.zikoway.pl\/index.php?rest_route=\/wp\/v2\/media\/749"}],"wp:attachment":[{"href":"https:\/\/outfit.zikoway.pl\/index.php?rest_route=%2Fwp%2Fv2%2Fmedia&parent=747"}],"wp:term":[{"taxonomy":"product_brand","embeddable":true,"href":"https:\/\/outfit.zikoway.pl\/index.php?rest_route=%2Fwp%2Fv2%2Fproduct_brand&post=747"},{"taxonomy":"product_cat","embeddable":true,"href":"https:\/\/outfit.zikoway.pl\/index.php?rest_route=%2Fwp%2Fv2%2Fproduct_cat&post=747"},{"taxonomy":"product_tag","embeddable":true,"href":"https:\/\/outfit.zikoway.pl\/index.php?rest_route=%2Fwp%2Fv2%2Fproduct_tag&post=747"}],"curies":[{"name":"wp","href":"https:\/\/api.w.org\/{rel}","templated":true}]}}