{"id":743,"date":"2025-10-31T14:15:12","date_gmt":"2025-10-31T13:15:12","guid":{"rendered":"https:\/\/outfit.zikoway.pl\/?post_type=product&#038;p=743"},"modified":"2025-10-31T14:15:12","modified_gmt":"2025-10-31T13:15:12","slug":"torba-crossbody-nic-mi-sie-nie-chce","status":"publish","type":"product","link":"https:\/\/outfit.zikoway.pl\/?product=torba-crossbody-nic-mi-sie-nie-chce","title":{"rendered":"Torba Crossbody &#8222;Nic mi si\u0119 nie chce&#8221;"},"content":{"rendered":"<p><strong data-start=\"112\" data-end=\"153\">Torba crossbody \u201eNic mi si\u0119 nie chce\u201d<\/strong><br data-start=\"153\" data-end=\"156\" \/>Stylowa torba dla tych, kt\u00f3rzy ceni\u0105 luz i wygod\u0119 \ud83d\ude0e Kompaktowa, praktyczna i lekka \u2013 idealna na codzienne wyj\u015bcia, spacer czy zakupy. Humorystyczny napis \u201eNic mi si\u0119 nie chce\u201d dodaje charakteru i pokazuje Tw\u00f3j chillowy nastr\u00f3j.<\/p>\n","protected":false},"excerpt":{"rendered":"<p>\ud83d\udc5c <em data-start=\"391\" data-end=\"467\">Minimalistyczny design, maksymalny luz \u2013 miej wszystko pod r\u0119k\u0105 z humorem!<\/em><\/p>\n","protected":false},"featured_media":744,"comment_status":"open","ping_status":"closed","template":"","meta":{"site-sidebar-layout":"default","site-content-layout":"","ast-site-content-layout":"default","site-content-style":"default","site-sidebar-style":"default","ast-global-header-display":"","ast-banner-title-visibility":"","ast-main-header-display":"","ast-hfb-above-header-display":"","ast-hfb-below-header-display":"","ast-hfb-mobile-header-display":"","site-post-title":"","ast-breadcrumbs-content":"","ast-featured-img":"","footer-sml-layout":"","theme-transparent-header-meta":"default","adv-header-id-meta":"","stick-header-meta":"","header-above-stick-meta":"","header-main-stick-meta":"","header-below-stick-meta":"","astra-migrate-meta-layouts":"set","ast-page-background-enabled":"default","ast-page-background-meta":{"desktop":{"background-color":"var(--ast-global-color-5)","background-image":"","background-repeat":"repeat","background-position":"center center","background-size":"auto","background-attachment":"scroll","background-type":"","background-media":"","overlay-type":"","overlay-color":"","overlay-opacity":"","overlay-gradient":""},"tablet":{"background-color":"","background-image":"","background-repeat":"repeat","background-position":"center center","background-size":"auto","background-attachment":"scroll","background-type":"","background-media":"","overlay-type":"","overlay-color":"","overlay-opacity":"","overlay-gradient":""},"mobile":{"background-color":"","background-image":"","background-repeat":"repeat","background-position":"center center","background-size":"auto","background-attachment":"scroll","background-type":"","background-media":"","overlay-type":"","overlay-color":"","overlay-opacity":"","overlay-gradient":""}},"ast-content-background-meta":{"desktop":{"background-color":"var(--ast-global-color-4)","background-image":"","background-repeat":"repeat","background-position":"center center","background-size":"auto","background-attachment":"scroll","background-type":"","background-media":"","overlay-type":"","overlay-color":"","overlay-opacity":"","overlay-gradient":""},"tablet":{"background-color":"var(--ast-global-color-4)","background-image":"","background-repeat":"repeat","background-position":"center center","background-size":"auto","background-attachment":"scroll","background-type":"","background-media":"","overlay-type":"","overlay-color":"","overlay-opacity":"","overlay-gradient":""},"mobile":{"background-color":"var(--ast-global-color-4)","background-image":"","background-repeat":"repeat","background-position":"center center","background-size":"auto","background-attachment":"scroll","background-type":"","background-media":"","overlay-type":"","overlay-color":"","overlay-opacity":"","overlay-gradient":""}}},"product_brand":[],"product_cat":[62],"product_tag":[103,105,94,102,106,104],"class_list":{"0":"post-743","1":"product","2":"type-product","3":"status-publish","4":"has-post-thumbnail","6":"product_cat-torby-typu-crossbody","7":"product_tag-kot","8":"product_tag-koty","9":"product_tag-nic-mi-sie-nie-chce","10":"product_tag-plecak","11":"product_tag-tobra-crossbody","12":"product_tag-zwierzeta","13":"desktop-align-left","14":"tablet-align-left","15":"mobile-align-left","17":"first","18":"instock","19":"taxable","20":"shipping-taxable","21":"purchasable","22":"product-type-simple"},"_links":{"self":[{"href":"https:\/\/outfit.zikoway.pl\/index.php?rest_route=\/wp\/v2\/product\/743","targetHints":{"allow":["GET"]}}],"collection":[{"href":"https:\/\/outfit.zikoway.pl\/index.php?rest_route=\/wp\/v2\/product"}],"about":[{"href":"https:\/\/outfit.zikoway.pl\/index.php?rest_route=\/wp\/v2\/types\/product"}],"replies":[{"embeddable":true,"href":"https:\/\/outfit.zikoway.pl\/index.php?rest_route=%2Fwp%2Fv2%2Fcomments&post=743"}],"wp:featuredmedia":[{"embeddable":true,"href":"https:\/\/outfit.zikoway.pl\/index.php?rest_route=\/wp\/v2\/media\/744"}],"wp:attachment":[{"href":"https:\/\/outfit.zikoway.pl\/index.php?rest_route=%2Fwp%2Fv2%2Fmedia&parent=743"}],"wp:term":[{"taxonomy":"product_brand","embeddable":true,"href":"https:\/\/outfit.zikoway.pl\/index.php?rest_route=%2Fwp%2Fv2%2Fproduct_brand&post=743"},{"taxonomy":"product_cat","embeddable":true,"href":"https:\/\/outfit.zikoway.pl\/index.php?rest_route=%2Fwp%2Fv2%2Fproduct_cat&post=743"},{"taxonomy":"product_tag","embeddable":true,"href":"https:\/\/outfit.zikoway.pl\/index.php?rest_route=%2Fwp%2Fv2%2Fproduct_tag&post=743"}],"curies":[{"name":"wp","href":"https:\/\/api.w.org\/{rel}","templated":true}]}}