{"id":730,"date":"2025-10-31T13:49:52","date_gmt":"2025-10-31T12:49:52","guid":{"rendered":"https:\/\/outfit.zikoway.pl\/?post_type=product&#038;p=730"},"modified":"2025-10-31T13:49:52","modified_gmt":"2025-10-31T12:49:52","slug":"czapka-z-daszkiem-kocham-gory","status":"publish","type":"product","link":"https:\/\/outfit.zikoway.pl\/?product=czapka-z-daszkiem-kocham-gory","title":{"rendered":"Czapka z daszkiem &#8222;kocham g\u00f3ry&#8221;"},"content":{"rendered":"<h3 data-start=\"123\" data-end=\"165\">\ud83e\udde2 Czapka z daszkiem <strong data-start=\"148\" data-end=\"165\">\u201eKocham G\u00f3ry\u201d<\/strong><\/h3>\n<p data-start=\"167\" data-end=\"505\">Stylowa czapka z daszkiem dla wszystkich mi\u0142o\u015bnik\u00f3w g\u00f3r! \ud83c\udfd4\ufe0f<br data-start=\"227\" data-end=\"230\" \/>Wykonana z wysokiej jako\u015bci, oddychaj\u0105cej bawe\u0142ny, zapewnia komfort i ochron\u0119 przed s\u0142o\u0144cem podczas ka\u017cdej przygody. Klasyczny fason z regulowanym zapi\u0119ciem z ty\u0142u gwarantuje idealne dopasowanie, a haft <strong data-start=\"433\" data-end=\"450\">\u201eKocham G\u00f3ry\u201d<\/strong> dodaje charakteru i podkre\u015bla Twoj\u0105 pasj\u0119 do natury.<\/p>\n","protected":false},"excerpt":{"rendered":"<p data-start=\"106\" data-end=\"284\"><strong data-start=\"106\" data-end=\"150\">Stylowa czapka z daszkiem \u201eKocham G\u00f3ry\u201d.<\/strong><br data-start=\"150\" data-end=\"153\" \/>Wykonana z wysokiej jako\u015bci bawe\u0142ny, z regulowanym zapi\u0119ciem i trwa\u0142ym haftem. Idealna na w\u0119dr\u00f3wki, podr\u00f3\u017ce i codzienne noszenie.<\/p>\n","protected":false},"featured_media":734,"comment_status":"open","ping_status":"closed","template":"","meta":{"site-sidebar-layout":"default","site-content-layout":"","ast-site-content-layout":"default","site-content-style":"default","site-sidebar-style":"default","ast-global-header-display":"","ast-banner-title-visibility":"","ast-main-header-display":"","ast-hfb-above-header-display":"","ast-hfb-below-header-display":"","ast-hfb-mobile-header-display":"","site-post-title":"","ast-breadcrumbs-content":"","ast-featured-img":"","footer-sml-layout":"","theme-transparent-header-meta":"default","adv-header-id-meta":"","stick-header-meta":"","header-above-stick-meta":"","header-main-stick-meta":"","header-below-stick-meta":"","astra-migrate-meta-layouts":"set","ast-page-background-enabled":"default","ast-page-background-meta":{"desktop":{"background-color":"var(--ast-global-color-5)","background-image":"","background-repeat":"repeat","background-position":"center center","background-size":"auto","background-attachment":"scroll","background-type":"","background-media":"","overlay-type":"","overlay-color":"","overlay-opacity":"","overlay-gradient":""},"tablet":{"background-color":"","background-image":"","background-repeat":"repeat","background-position":"center center","background-size":"auto","background-attachment":"scroll","background-type":"","background-media":"","overlay-type":"","overlay-color":"","overlay-opacity":"","overlay-gradient":""},"mobile":{"background-color":"","background-image":"","background-repeat":"repeat","background-position":"center center","background-size":"auto","background-attachment":"scroll","background-type":"","background-media":"","overlay-type":"","overlay-color":"","overlay-opacity":"","overlay-gradient":""}},"ast-content-background-meta":{"desktop":{"background-color":"var(--ast-global-color-4)","background-image":"","background-repeat":"repeat","background-position":"center center","background-size":"auto","background-attachment":"scroll","background-type":"","background-media":"","overlay-type":"","overlay-color":"","overlay-opacity":"","overlay-gradient":""},"tablet":{"background-color":"var(--ast-global-color-4)","background-image":"","background-repeat":"repeat","background-position":"center center","background-size":"auto","background-attachment":"scroll","background-type":"","background-media":"","overlay-type":"","overlay-color":"","overlay-opacity":"","overlay-gradient":""},"mobile":{"background-color":"var(--ast-global-color-4)","background-image":"","background-repeat":"repeat","background-position":"center center","background-size":"auto","background-attachment":"scroll","background-type":"","background-media":"","overlay-type":"","overlay-color":"","overlay-opacity":"","overlay-gradient":""}}},"product_brand":[],"product_cat":[57],"product_tag":[96,84,85,97,98],"class_list":{"0":"post-730","1":"product","2":"type-product","3":"status-publish","4":"has-post-thumbnail","6":"product_cat-z-daszkiem","7":"product_tag-akcesoria","8":"product_tag-czapka","9":"product_tag-czapka-z-daszkiem","10":"product_tag-kocham-gory","11":"product_tag-zima","12":"desktop-align-left","13":"tablet-align-left","14":"mobile-align-left","16":"first","17":"instock","18":"taxable","19":"shipping-taxable","20":"purchasable","21":"product-type-variable","22":"wvs-archive-product-wrapper"},"_links":{"self":[{"href":"https:\/\/outfit.zikoway.pl\/index.php?rest_route=\/wp\/v2\/product\/730","targetHints":{"allow":["GET"]}}],"collection":[{"href":"https:\/\/outfit.zikoway.pl\/index.php?rest_route=\/wp\/v2\/product"}],"about":[{"href":"https:\/\/outfit.zikoway.pl\/index.php?rest_route=\/wp\/v2\/types\/product"}],"replies":[{"embeddable":true,"href":"https:\/\/outfit.zikoway.pl\/index.php?rest_route=%2Fwp%2Fv2%2Fcomments&post=730"}],"wp:featuredmedia":[{"embeddable":true,"href":"https:\/\/outfit.zikoway.pl\/index.php?rest_route=\/wp\/v2\/media\/734"}],"wp:attachment":[{"href":"https:\/\/outfit.zikoway.pl\/index.php?rest_route=%2Fwp%2Fv2%2Fmedia&parent=730"}],"wp:term":[{"taxonomy":"product_brand","embeddable":true,"href":"https:\/\/outfit.zikoway.pl\/index.php?rest_route=%2Fwp%2Fv2%2Fproduct_brand&post=730"},{"taxonomy":"product_cat","embeddable":true,"href":"https:\/\/outfit.zikoway.pl\/index.php?rest_route=%2Fwp%2Fv2%2Fproduct_cat&post=730"},{"taxonomy":"product_tag","embeddable":true,"href":"https:\/\/outfit.zikoway.pl\/index.php?rest_route=%2Fwp%2Fv2%2Fproduct_tag&post=730"}],"curies":[{"name":"wp","href":"https:\/\/api.w.org\/{rel}","templated":true}]}}