{"id":728,"date":"2025-10-31T13:39:54","date_gmt":"2025-10-31T12:39:54","guid":{"rendered":"https:\/\/outfit.zikoway.pl\/?post_type=product&#038;p=728"},"modified":"2025-10-31T13:39:54","modified_gmt":"2025-10-31T12:39:54","slug":"czapka-zimowa-kocham-gory","status":"publish","type":"product","link":"https:\/\/outfit.zikoway.pl\/?product=czapka-zimowa-kocham-gory","title":{"rendered":"Czapka zimowa &#8222;Kocham g\u00f3ry&#8221;"},"content":{"rendered":"<h3 data-start=\"203\" data-end=\"241\">\ud83e\udde2 Czapka zimowa <strong data-start=\"224\" data-end=\"241\">\u201eKocham G\u00f3ry\u201d<\/strong><\/h3>\n<p data-start=\"243\" data-end=\"570\">Stylowa i ciep\u0142a czapka zimowa dla wszystkich, kt\u00f3rzy maj\u0105 g\u00f3ry w sercu! \u2744\ufe0f<br data-start=\"318\" data-end=\"321\" \/>Wykonana z wysokiej jako\u015bci, mi\u0119kkiej dzianiny akrylowej, doskonale chroni przed ch\u0142odem i wiatrem. Klasyczny kr\u00f3j z wywini\u0119ciem zapewnia wygodne dopasowanie, a haftowane has\u0142o <strong data-start=\"498\" data-end=\"515\">\u201eKocham G\u00f3ry\u201d<\/strong> dodaje charakteru i podkre\u015bla Twoj\u0105 pasj\u0119 do natury.<\/p>\n","protected":false},"excerpt":{"rendered":"<p><strong data-start=\"123\" data-end=\"181\">Ciep\u0142a i stylowa czapka zimowa z haftem \u201eKocham G\u00f3ry\u201d.<\/strong><br data-start=\"181\" data-end=\"184\" \/>Wykonana z mi\u0119kkiej, elastycznej dzianiny akrylowej, doskonale chroni przed zimnem.<br data-start=\"267\" data-end=\"270\" \/>Idealna na g\u00f3rskie wyprawy, spacery i codzienne noszenie<\/p>\n","protected":false},"featured_media":729,"comment_status":"open","ping_status":"closed","template":"","meta":{"site-sidebar-layout":"default","site-content-layout":"","ast-site-content-layout":"default","site-content-style":"default","site-sidebar-style":"default","ast-global-header-display":"","ast-banner-title-visibility":"","ast-main-header-display":"","ast-hfb-above-header-display":"","ast-hfb-below-header-display":"","ast-hfb-mobile-header-display":"","site-post-title":"","ast-breadcrumbs-content":"","ast-featured-img":"","footer-sml-layout":"","theme-transparent-header-meta":"default","adv-header-id-meta":"","stick-header-meta":"","header-above-stick-meta":"","header-main-stick-meta":"","header-below-stick-meta":"","astra-migrate-meta-layouts":"set","ast-page-background-enabled":"default","ast-page-background-meta":{"desktop":{"background-color":"var(--ast-global-color-5)","background-image":"","background-repeat":"repeat","background-position":"center center","background-size":"auto","background-attachment":"scroll","background-type":"","background-media":"","overlay-type":"","overlay-color":"","overlay-opacity":"","overlay-gradient":""},"tablet":{"background-color":"","background-image":"","background-repeat":"repeat","background-position":"center center","background-size":"auto","background-attachment":"scroll","background-type":"","background-media":"","overlay-type":"","overlay-color":"","overlay-opacity":"","overlay-gradient":""},"mobile":{"background-color":"","background-image":"","background-repeat":"repeat","background-position":"center center","background-size":"auto","background-attachment":"scroll","background-type":"","background-media":"","overlay-type":"","overlay-color":"","overlay-opacity":"","overlay-gradient":""}},"ast-content-background-meta":{"desktop":{"background-color":"var(--ast-global-color-4)","background-image":"","background-repeat":"repeat","background-position":"center center","background-size":"auto","background-attachment":"scroll","background-type":"","background-media":"","overlay-type":"","overlay-color":"","overlay-opacity":"","overlay-gradient":""},"tablet":{"background-color":"var(--ast-global-color-4)","background-image":"","background-repeat":"repeat","background-position":"center center","background-size":"auto","background-attachment":"scroll","background-type":"","background-media":"","overlay-type":"","overlay-color":"","overlay-opacity":"","overlay-gradient":""},"mobile":{"background-color":"var(--ast-global-color-4)","background-image":"","background-repeat":"repeat","background-position":"center center","background-size":"auto","background-attachment":"scroll","background-type":"","background-media":"","overlay-type":"","overlay-color":"","overlay-opacity":"","overlay-gradient":""}}},"product_brand":[],"product_cat":[58],"product_tag":[96,84,97,98],"class_list":{"0":"post-728","1":"product","2":"type-product","3":"status-publish","4":"has-post-thumbnail","6":"product_cat-zimowe","7":"product_tag-akcesoria","8":"product_tag-czapka","9":"product_tag-kocham-gory","10":"product_tag-zima","11":"desktop-align-left","12":"tablet-align-left","13":"mobile-align-left","15":"first","16":"instock","17":"taxable","18":"shipping-taxable","19":"purchasable","20":"product-type-simple"},"_links":{"self":[{"href":"https:\/\/outfit.zikoway.pl\/index.php?rest_route=\/wp\/v2\/product\/728","targetHints":{"allow":["GET"]}}],"collection":[{"href":"https:\/\/outfit.zikoway.pl\/index.php?rest_route=\/wp\/v2\/product"}],"about":[{"href":"https:\/\/outfit.zikoway.pl\/index.php?rest_route=\/wp\/v2\/types\/product"}],"replies":[{"embeddable":true,"href":"https:\/\/outfit.zikoway.pl\/index.php?rest_route=%2Fwp%2Fv2%2Fcomments&post=728"}],"wp:featuredmedia":[{"embeddable":true,"href":"https:\/\/outfit.zikoway.pl\/index.php?rest_route=\/wp\/v2\/media\/729"}],"wp:attachment":[{"href":"https:\/\/outfit.zikoway.pl\/index.php?rest_route=%2Fwp%2Fv2%2Fmedia&parent=728"}],"wp:term":[{"taxonomy":"product_brand","embeddable":true,"href":"https:\/\/outfit.zikoway.pl\/index.php?rest_route=%2Fwp%2Fv2%2Fproduct_brand&post=728"},{"taxonomy":"product_cat","embeddable":true,"href":"https:\/\/outfit.zikoway.pl\/index.php?rest_route=%2Fwp%2Fv2%2Fproduct_cat&post=728"},{"taxonomy":"product_tag","embeddable":true,"href":"https:\/\/outfit.zikoway.pl\/index.php?rest_route=%2Fwp%2Fv2%2Fproduct_tag&post=728"}],"curies":[{"name":"wp","href":"https:\/\/api.w.org\/{rel}","templated":true}]}}