{"id":401,"date":"2025-10-19T17:47:29","date_gmt":"2025-10-19T15:47:29","guid":{"rendered":"https:\/\/outfit.zikoway.pl\/?post_type=product&#038;p=401"},"modified":"2025-11-04T11:58:45","modified_gmt":"2025-11-04T10:58:45","slug":"torba-na-biodro-nerka-lata-90","status":"publish","type":"product","link":"https:\/\/outfit.zikoway.pl\/?product=torba-na-biodro-nerka-lata-90","title":{"rendered":"Torba na biodro (nerka) lata 90"},"content":{"rendered":"<p data-start=\"72\" data-end=\"389\"><strong data-start=\"72\" data-end=\"99\">Torba na biodro (nerka)<\/strong> to idealne po\u0142\u0105czenie wygody, stylu i praktyczno\u015bci. Sprawdzi si\u0119 w ka\u017cdej sytuacji: na spacerze, koncercie, wycieczce, rowerze, zakupach czy podczas codziennych obowi\u0105zk\u00f3w. Dzi\u0119ki regulowanemu paskowi mo\u017cesz nosi\u0107 j\u0105 klasycznie na biodrach albo modnie \u2013 przez rami\u0119, jak mini listonoszk\u0119.<\/p>\n<p data-start=\"391\" data-end=\"681\">Mimo kompaktowych wymiar\u00f3w jest zaskakuj\u0105co pojemna. Bez problemu zmie\u015bcisz w niej telefon, portfel, klucze, s\u0142uchawki i inne drobiazgi, kt\u00f3re chcesz mie\u0107 zawsze przy sobie. Wygodne zamki zapewniaj\u0105 szybki dost\u0119p do zawarto\u015bci, a solidne materia\u0142y gwarantuj\u0105 trwa\u0142o\u015b\u0107 i komfort u\u017cytkowania.<\/p>\n","protected":false},"excerpt":{"rendered":"<p><strong data-start=\"54\" data-end=\"84\">Praktyczna torba na biodro<\/strong> \u2013 idealna na co dzie\u0144, festiwal, wycieczk\u0119 lub rower. Pomie\u015bci telefon, klucze i drobiazgi, a dzi\u0119ki regulowanemu paskowi mo\u017cna nosi\u0107 j\u0105 na biodrach lub przez rami\u0119. Lekka, wygodna i zawsze pod r\u0119k\u0105.<\/p>\n","protected":false},"featured_media":1493,"comment_status":"open","ping_status":"closed","template":"","meta":{"site-sidebar-layout":"default","site-content-layout":"","ast-site-content-layout":"default","site-content-style":"default","site-sidebar-style":"default","ast-global-header-display":"","ast-banner-title-visibility":"","ast-main-header-display":"","ast-hfb-above-header-display":"","ast-hfb-below-header-display":"","ast-hfb-mobile-header-display":"","site-post-title":"","ast-breadcrumbs-content":"","ast-featured-img":"","footer-sml-layout":"","theme-transparent-header-meta":"default","adv-header-id-meta":"","stick-header-meta":"","header-above-stick-meta":"","header-main-stick-meta":"","header-below-stick-meta":"","astra-migrate-meta-layouts":"set","ast-page-background-enabled":"default","ast-page-background-meta":{"desktop":{"background-color":"var(--ast-global-color-5)","background-image":"","background-repeat":"repeat","background-position":"center center","background-size":"auto","background-attachment":"scroll","background-type":"","background-media":"","overlay-type":"","overlay-color":"","overlay-opacity":"","overlay-gradient":""},"tablet":{"background-color":"","background-image":"","background-repeat":"repeat","background-position":"center center","background-size":"auto","background-attachment":"scroll","background-type":"","background-media":"","overlay-type":"","overlay-color":"","overlay-opacity":"","overlay-gradient":""},"mobile":{"background-color":"","background-image":"","background-repeat":"repeat","background-position":"center center","background-size":"auto","background-attachment":"scroll","background-type":"","background-media":"","overlay-type":"","overlay-color":"","overlay-opacity":"","overlay-gradient":""}},"ast-content-background-meta":{"desktop":{"background-color":"var(--ast-global-color-4)","background-image":"","background-repeat":"repeat","background-position":"center center","background-size":"auto","background-attachment":"scroll","background-type":"","background-media":"","overlay-type":"","overlay-color":"","overlay-opacity":"","overlay-gradient":""},"tablet":{"background-color":"var(--ast-global-color-4)","background-image":"","background-repeat":"repeat","background-position":"center center","background-size":"auto","background-attachment":"scroll","background-type":"","background-media":"","overlay-type":"","overlay-color":"","overlay-opacity":"","overlay-gradient":""},"mobile":{"background-color":"var(--ast-global-color-4)","background-image":"","background-repeat":"repeat","background-position":"center center","background-size":"auto","background-attachment":"scroll","background-type":"","background-media":"","overlay-type":"","overlay-color":"","overlay-opacity":"","overlay-gradient":""}}},"product_brand":[],"product_cat":[61],"product_tag":[96,75,86],"class_list":{"0":"post-401","1":"product","2":"type-product","3":"status-publish","4":"has-post-thumbnail","6":"product_cat-torby-na-biodra","7":"product_tag-akcesoria","8":"product_tag-lata90","9":"product_tag-torba","10":"desktop-align-left","11":"tablet-align-left","12":"mobile-align-left","14":"first","15":"instock","16":"taxable","17":"shipping-taxable","18":"purchasable","19":"product-type-simple"},"_links":{"self":[{"href":"https:\/\/outfit.zikoway.pl\/index.php?rest_route=\/wp\/v2\/product\/401","targetHints":{"allow":["GET"]}}],"collection":[{"href":"https:\/\/outfit.zikoway.pl\/index.php?rest_route=\/wp\/v2\/product"}],"about":[{"href":"https:\/\/outfit.zikoway.pl\/index.php?rest_route=\/wp\/v2\/types\/product"}],"replies":[{"embeddable":true,"href":"https:\/\/outfit.zikoway.pl\/index.php?rest_route=%2Fwp%2Fv2%2Fcomments&post=401"}],"wp:featuredmedia":[{"embeddable":true,"href":"https:\/\/outfit.zikoway.pl\/index.php?rest_route=\/wp\/v2\/media\/1493"}],"wp:attachment":[{"href":"https:\/\/outfit.zikoway.pl\/index.php?rest_route=%2Fwp%2Fv2%2Fmedia&parent=401"}],"wp:term":[{"taxonomy":"product_brand","embeddable":true,"href":"https:\/\/outfit.zikoway.pl\/index.php?rest_route=%2Fwp%2Fv2%2Fproduct_brand&post=401"},{"taxonomy":"product_cat","embeddable":true,"href":"https:\/\/outfit.zikoway.pl\/index.php?rest_route=%2Fwp%2Fv2%2Fproduct_cat&post=401"},{"taxonomy":"product_tag","embeddable":true,"href":"https:\/\/outfit.zikoway.pl\/index.php?rest_route=%2Fwp%2Fv2%2Fproduct_tag&post=401"}],"curies":[{"name":"wp","href":"https:\/\/api.w.org\/{rel}","templated":true}]}}