{"id":387,"date":"2025-10-19T17:32:21","date_gmt":"2025-10-19T15:32:21","guid":{"rendered":"https:\/\/outfit.zikoway.pl\/?post_type=product&#038;p=387"},"modified":"2025-11-04T12:22:03","modified_gmt":"2025-11-04T11:22:03","slug":"czapka-z-daszkiem-lata-90","status":"publish","type":"product","link":"https:\/\/outfit.zikoway.pl\/?product=czapka-z-daszkiem-lata-90","title":{"rendered":"Czapka z daszkiem lata 90"},"content":{"rendered":"<p data-start=\"62\" data-end=\"328\"><strong data-start=\"62\" data-end=\"99\">Czapka z daszkiem \u201eMuzyka lat 90\u201d<\/strong> to idealny wyb\u00f3r dla os\u00f3b, kt\u00f3re kochaj\u0105 retro klimat, kasety, walkmany, oldschoolowe bity i kolorow\u0105 popkultur\u0119. Oryginalny nadruk w stylu lat 90 przyci\u0105ga wzrok i dodaje ka\u017cdej stylizacji wyj\u0105tkowego, vintage\u2019owego charakteru.<\/p>\n<p data-start=\"330\" data-end=\"602\">Czapka jest lekka, przewiewna i wygodna, dzi\u0119ki czemu \u015bwietnie sprawdza si\u0119 na co dzie\u0144 \u2014 na wakacjach, podczas spacer\u00f3w, festiwali, koncert\u00f3w czy w drodze do szko\u0142y. Usztywniany daszek chroni przed s\u0142o\u0144cem, a regulowane zapi\u0119cie pozwala dopasowa\u0107 rozmiar do ka\u017cdej g\u0142owy.<\/p>\n","protected":false},"excerpt":{"rendered":"<p><strong data-start=\"58\" data-end=\"95\">Czapka z daszkiem \u201eMuzyka lat 90\u201d<\/strong> to stylowy, retro dodatek dla fan\u00f3w kaset, walkman\u00f3w i kultowych hit\u00f3w. Lekka, wygodna i regulowana, idealna na codzie\u0144, koncerty i festiwale.<\/p>\n","protected":false},"featured_media":1498,"comment_status":"open","ping_status":"closed","template":"","meta":{"site-sidebar-layout":"default","site-content-layout":"","ast-site-content-layout":"default","site-content-style":"default","site-sidebar-style":"default","ast-global-header-display":"","ast-banner-title-visibility":"","ast-main-header-display":"","ast-hfb-above-header-display":"","ast-hfb-below-header-display":"","ast-hfb-mobile-header-display":"","site-post-title":"","ast-breadcrumbs-content":"","ast-featured-img":"","footer-sml-layout":"","theme-transparent-header-meta":"default","adv-header-id-meta":"","stick-header-meta":"","header-above-stick-meta":"","header-main-stick-meta":"","header-below-stick-meta":"","astra-migrate-meta-layouts":"set","ast-page-background-enabled":"default","ast-page-background-meta":{"desktop":{"background-color":"var(--ast-global-color-5)","background-image":"","background-repeat":"repeat","background-position":"center center","background-size":"auto","background-attachment":"scroll","background-type":"","background-media":"","overlay-type":"","overlay-color":"","overlay-opacity":"","overlay-gradient":""},"tablet":{"background-color":"","background-image":"","background-repeat":"repeat","background-position":"center center","background-size":"auto","background-attachment":"scroll","background-type":"","background-media":"","overlay-type":"","overlay-color":"","overlay-opacity":"","overlay-gradient":""},"mobile":{"background-color":"","background-image":"","background-repeat":"repeat","background-position":"center center","background-size":"auto","background-attachment":"scroll","background-type":"","background-media":"","overlay-type":"","overlay-color":"","overlay-opacity":"","overlay-gradient":""}},"ast-content-background-meta":{"desktop":{"background-color":"var(--ast-global-color-4)","background-image":"","background-repeat":"repeat","background-position":"center center","background-size":"auto","background-attachment":"scroll","background-type":"","background-media":"","overlay-type":"","overlay-color":"","overlay-opacity":"","overlay-gradient":""},"tablet":{"background-color":"var(--ast-global-color-4)","background-image":"","background-repeat":"repeat","background-position":"center center","background-size":"auto","background-attachment":"scroll","background-type":"","background-media":"","overlay-type":"","overlay-color":"","overlay-opacity":"","overlay-gradient":""},"mobile":{"background-color":"var(--ast-global-color-4)","background-image":"","background-repeat":"repeat","background-position":"center center","background-size":"auto","background-attachment":"scroll","background-type":"","background-media":"","overlay-type":"","overlay-color":"","overlay-opacity":"","overlay-gradient":""}}},"product_brand":[],"product_cat":[57],"product_tag":[80,84,85,75,76],"class_list":{"0":"post-387","1":"product","2":"type-product","3":"status-publish","4":"has-post-thumbnail","6":"product_cat-z-daszkiem","7":"product_tag-ciuchy","8":"product_tag-czapka","9":"product_tag-czapka-z-daszkiem","10":"product_tag-lata90","11":"product_tag-muzyka","12":"desktop-align-left","13":"tablet-align-left","14":"mobile-align-left","16":"first","17":"instock","18":"taxable","19":"shipping-taxable","20":"purchasable","21":"product-type-simple"},"_links":{"self":[{"href":"https:\/\/outfit.zikoway.pl\/index.php?rest_route=\/wp\/v2\/product\/387","targetHints":{"allow":["GET"]}}],"collection":[{"href":"https:\/\/outfit.zikoway.pl\/index.php?rest_route=\/wp\/v2\/product"}],"about":[{"href":"https:\/\/outfit.zikoway.pl\/index.php?rest_route=\/wp\/v2\/types\/product"}],"replies":[{"embeddable":true,"href":"https:\/\/outfit.zikoway.pl\/index.php?rest_route=%2Fwp%2Fv2%2Fcomments&post=387"}],"wp:featuredmedia":[{"embeddable":true,"href":"https:\/\/outfit.zikoway.pl\/index.php?rest_route=\/wp\/v2\/media\/1498"}],"wp:attachment":[{"href":"https:\/\/outfit.zikoway.pl\/index.php?rest_route=%2Fwp%2Fv2%2Fmedia&parent=387"}],"wp:term":[{"taxonomy":"product_brand","embeddable":true,"href":"https:\/\/outfit.zikoway.pl\/index.php?rest_route=%2Fwp%2Fv2%2Fproduct_brand&post=387"},{"taxonomy":"product_cat","embeddable":true,"href":"https:\/\/outfit.zikoway.pl\/index.php?rest_route=%2Fwp%2Fv2%2Fproduct_cat&post=387"},{"taxonomy":"product_tag","embeddable":true,"href":"https:\/\/outfit.zikoway.pl\/index.php?rest_route=%2Fwp%2Fv2%2Fproduct_tag&post=387"}],"curies":[{"name":"wp","href":"https:\/\/api.w.org\/{rel}","templated":true}]}}