{"id":37,"date":"2025-10-19T15:54:26","date_gmt":"2025-10-19T13:54:26","guid":{"rendered":"https:\/\/outfit.zikoway.pl\/?post_type=product&#038;p=37"},"modified":"2025-11-05T10:21:32","modified_gmt":"2025-11-05T09:21:32","slug":"bluza-damska-z-kapturem-lata-90","status":"publish","type":"product","link":"https:\/\/outfit.zikoway.pl\/?product=bluza-damska-z-kapturem-lata-90","title":{"rendered":"Bluza damska z kapturem lata 90"},"content":{"rendered":"<p data-start=\"81\" data-end=\"385\"><strong data-start=\"81\" data-end=\"124\">Damska bluza z kapturem \u201eMuzyka lat 90\u201d<\/strong> to idealny wyb\u00f3r dla fanek retro klimat\u00f3w, kaset, walkman\u00f3w i kultowych hit\u00f3w sprzed lat. Wykonana z mi\u0119kkiego, przyjemnego w dotyku materia\u0142u, zapewnia wygod\u0119 przez ca\u0142y dzie\u0144. Kaptur chroni przed ch\u0142odem, a pojemna kiesze\u0144 typu kangurka dodaje praktyczno\u015bci.<\/p>\n<p data-start=\"387\" data-end=\"583\">Kolorowy nadruk inspirowany muzyk\u0105 lat 90 sprawia, \u017ce bluza wyr\u00f3\u017cnia si\u0119 z t\u0142umu i dodaje ka\u017cdej stylizacji wyj\u0105tkowego charakteru \u2014 idealna na co dzie\u0144, koncerty, festiwale i miejskie stylizacje<\/p>\n","protected":false},"excerpt":{"rendered":"<p><strong data-start=\"66\" data-end=\"109\">Damska bluza z kapturem \u201eMuzyka lat 90\u201d<\/strong> \u2013 mi\u0119kka, wygodna i stylowa, z kolorowym nadrukiem inspirowanym kasetami, walkmanami i kultow\u0105 muzyk\u0105 lat 90. Idealna na co dzie\u0144, koncerty i festiwale.<\/p>\n","protected":false},"featured_media":1515,"comment_status":"open","ping_status":"closed","template":"","meta":{"site-sidebar-layout":"default","site-content-layout":"","ast-site-content-layout":"default","site-content-style":"default","site-sidebar-style":"default","ast-global-header-display":"","ast-banner-title-visibility":"","ast-main-header-display":"","ast-hfb-above-header-display":"","ast-hfb-below-header-display":"","ast-hfb-mobile-header-display":"","site-post-title":"","ast-breadcrumbs-content":"","ast-featured-img":"","footer-sml-layout":"","theme-transparent-header-meta":"default","adv-header-id-meta":"","stick-header-meta":"","header-above-stick-meta":"","header-main-stick-meta":"","header-below-stick-meta":"","astra-migrate-meta-layouts":"set","ast-page-background-enabled":"default","ast-page-background-meta":{"desktop":{"background-color":"var(--ast-global-color-5)","background-image":"","background-repeat":"repeat","background-position":"center center","background-size":"auto","background-attachment":"scroll","background-type":"","background-media":"","overlay-type":"","overlay-color":"","overlay-opacity":"","overlay-gradient":""},"tablet":{"background-color":"","background-image":"","background-repeat":"repeat","background-position":"center center","background-size":"auto","background-attachment":"scroll","background-type":"","background-media":"","overlay-type":"","overlay-color":"","overlay-opacity":"","overlay-gradient":""},"mobile":{"background-color":"","background-image":"","background-repeat":"repeat","background-position":"center center","background-size":"auto","background-attachment":"scroll","background-type":"","background-media":"","overlay-type":"","overlay-color":"","overlay-opacity":"","overlay-gradient":""}},"ast-content-background-meta":{"desktop":{"background-color":"var(--ast-global-color-4)","background-image":"","background-repeat":"repeat","background-position":"center center","background-size":"auto","background-attachment":"scroll","background-type":"","background-media":"","overlay-type":"","overlay-color":"","overlay-opacity":"","overlay-gradient":""},"tablet":{"background-color":"var(--ast-global-color-4)","background-image":"","background-repeat":"repeat","background-position":"center center","background-size":"auto","background-attachment":"scroll","background-type":"","background-media":"","overlay-type":"","overlay-color":"","overlay-opacity":"","overlay-gradient":""},"mobile":{"background-color":"var(--ast-global-color-4)","background-image":"","background-repeat":"repeat","background-position":"center center","background-size":"auto","background-attachment":"scroll","background-type":"","background-media":"","overlay-type":"","overlay-color":"","overlay-opacity":"","overlay-gradient":""}}},"product_brand":[],"product_cat":[28],"product_tag":[74,80,75,76],"class_list":{"0":"post-37","1":"product","2":"type-product","3":"status-publish","4":"has-post-thumbnail","6":"product_cat-bluzy-z-kapturem","7":"product_tag-bluza","8":"product_tag-ciuchy","9":"product_tag-lata90","10":"product_tag-muzyka","11":"desktop-align-left","12":"tablet-align-left","13":"mobile-align-left","15":"first","16":"instock","17":"taxable","18":"shipping-taxable","19":"purchasable","20":"product-type-variable","21":"wvs-archive-product-wrapper"},"_links":{"self":[{"href":"https:\/\/outfit.zikoway.pl\/index.php?rest_route=\/wp\/v2\/product\/37","targetHints":{"allow":["GET"]}}],"collection":[{"href":"https:\/\/outfit.zikoway.pl\/index.php?rest_route=\/wp\/v2\/product"}],"about":[{"href":"https:\/\/outfit.zikoway.pl\/index.php?rest_route=\/wp\/v2\/types\/product"}],"replies":[{"embeddable":true,"href":"https:\/\/outfit.zikoway.pl\/index.php?rest_route=%2Fwp%2Fv2%2Fcomments&post=37"}],"wp:featuredmedia":[{"embeddable":true,"href":"https:\/\/outfit.zikoway.pl\/index.php?rest_route=\/wp\/v2\/media\/1515"}],"wp:attachment":[{"href":"https:\/\/outfit.zikoway.pl\/index.php?rest_route=%2Fwp%2Fv2%2Fmedia&parent=37"}],"wp:term":[{"taxonomy":"product_brand","embeddable":true,"href":"https:\/\/outfit.zikoway.pl\/index.php?rest_route=%2Fwp%2Fv2%2Fproduct_brand&post=37"},{"taxonomy":"product_cat","embeddable":true,"href":"https:\/\/outfit.zikoway.pl\/index.php?rest_route=%2Fwp%2Fv2%2Fproduct_cat&post=37"},{"taxonomy":"product_tag","embeddable":true,"href":"https:\/\/outfit.zikoway.pl\/index.php?rest_route=%2Fwp%2Fv2%2Fproduct_tag&post=37"}],"curies":[{"name":"wp","href":"https:\/\/api.w.org\/{rel}","templated":true}]}}