{"id":262,"date":"2025-10-19T16:10:43","date_gmt":"2025-10-19T14:10:43","guid":{"rendered":"https:\/\/outfit.zikoway.pl\/?post_type=product&#038;p=262"},"modified":"2025-11-04T13:03:18","modified_gmt":"2025-11-04T12:03:18","slug":"sukienka-bluzowa-damska-lata-90","status":"publish","type":"product","link":"https:\/\/outfit.zikoway.pl\/?product=sukienka-bluzowa-damska-lata-90","title":{"rendered":"Sukienka bluzowa damska lata 90"},"content":{"rendered":"<p data-start=\"166\" data-end=\"220\"><strong data-start=\"166\" data-end=\"220\">Sukienka bluzowa z muzyczn\u0105 grafik\u0105 \u2013 styl lat 90.<\/strong><\/p>\n<p data-start=\"222\" data-end=\"471\">Poczuj klimat lat 90. w najlepszym wydaniu! Sukienka bluzowa z inspirowan\u0105 muzyk\u0105 grafik\u0105 to idealne po\u0142\u0105czenie wygody i stylu vintage. Lu\u017any, oversize\u2019owy kr\u00f3j i mi\u0119kka, przyjemna w dotyku bawe\u0142na sprawiaj\u0105, \u017ce nosi si\u0119 j\u0105 z czyst\u0105 przyjemno\u015bci\u0105.<\/p>\n<p data-start=\"473\" data-end=\"673\">Na przodzie \u2013 wyrazista grafika nawi\u0105zuj\u0105ca do muzycznych ikon i kultury lat 90., kt\u00f3ra przyci\u0105ga wzrok i dodaje charakteru. \u015awietnie wygl\u0105da w zestawie z trampkami, martensami lub ci\u0119\u017ckimi botkami.<\/p>\n<p data-start=\"675\" data-end=\"787\">Idealna na co dzie\u0144, koncert, festiwal albo po prostu wtedy, gdy chcesz doda\u0107 swojemu lookowi nut\u0119 retro luzu.<\/p>\n","protected":false},"excerpt":{"rendered":"<p>Sukienka bluzowa z muzyczn\u0105 grafik\u0105 w stylu lat 90. \u2013 wygodna, oversize\u2019owa i pe\u0142na retro klimatu. Idealna do sneakers\u00f3w lub ci\u0119\u017ckich but\u00f3w, na co dzie\u0144 i koncerty<\/p>\n","protected":false},"featured_media":1511,"comment_status":"open","ping_status":"closed","template":"","meta":{"site-sidebar-layout":"default","site-content-layout":"","ast-site-content-layout":"default","site-content-style":"default","site-sidebar-style":"default","ast-global-header-display":"","ast-banner-title-visibility":"","ast-main-header-display":"","ast-hfb-above-header-display":"","ast-hfb-below-header-display":"","ast-hfb-mobile-header-display":"","site-post-title":"","ast-breadcrumbs-content":"","ast-featured-img":"","footer-sml-layout":"","theme-transparent-header-meta":"default","adv-header-id-meta":"","stick-header-meta":"","header-above-stick-meta":"","header-main-stick-meta":"","header-below-stick-meta":"","astra-migrate-meta-layouts":"set","ast-page-background-enabled":"default","ast-page-background-meta":{"desktop":{"background-color":"var(--ast-global-color-5)","background-image":"","background-repeat":"repeat","background-position":"center center","background-size":"auto","background-attachment":"scroll","background-type":"","background-media":"","overlay-type":"","overlay-color":"","overlay-opacity":"","overlay-gradient":""},"tablet":{"background-color":"","background-image":"","background-repeat":"repeat","background-position":"center center","background-size":"auto","background-attachment":"scroll","background-type":"","background-media":"","overlay-type":"","overlay-color":"","overlay-opacity":"","overlay-gradient":""},"mobile":{"background-color":"","background-image":"","background-repeat":"repeat","background-position":"center center","background-size":"auto","background-attachment":"scroll","background-type":"","background-media":"","overlay-type":"","overlay-color":"","overlay-opacity":"","overlay-gradient":""}},"ast-content-background-meta":{"desktop":{"background-color":"var(--ast-global-color-4)","background-image":"","background-repeat":"repeat","background-position":"center center","background-size":"auto","background-attachment":"scroll","background-type":"","background-media":"","overlay-type":"","overlay-color":"","overlay-opacity":"","overlay-gradient":""},"tablet":{"background-color":"var(--ast-global-color-4)","background-image":"","background-repeat":"repeat","background-position":"center center","background-size":"auto","background-attachment":"scroll","background-type":"","background-media":"","overlay-type":"","overlay-color":"","overlay-opacity":"","overlay-gradient":""},"mobile":{"background-color":"var(--ast-global-color-4)","background-image":"","background-repeat":"repeat","background-position":"center center","background-size":"auto","background-attachment":"scroll","background-type":"","background-media":"","overlay-type":"","overlay-color":"","overlay-opacity":"","overlay-gradient":""}}},"product_brand":[],"product_cat":[31],"product_tag":[74,80,75,76],"class_list":{"0":"post-262","1":"product","2":"type-product","3":"status-publish","4":"has-post-thumbnail","6":"product_cat-sukienki-dresowe-z-kapturem","7":"product_tag-bluza","8":"product_tag-ciuchy","9":"product_tag-lata90","10":"product_tag-muzyka","11":"desktop-align-left","12":"tablet-align-left","13":"mobile-align-left","15":"first","16":"instock","17":"taxable","18":"shipping-taxable","19":"purchasable","20":"product-type-variable","21":"wvs-archive-product-wrapper"},"_links":{"self":[{"href":"https:\/\/outfit.zikoway.pl\/index.php?rest_route=\/wp\/v2\/product\/262","targetHints":{"allow":["GET"]}}],"collection":[{"href":"https:\/\/outfit.zikoway.pl\/index.php?rest_route=\/wp\/v2\/product"}],"about":[{"href":"https:\/\/outfit.zikoway.pl\/index.php?rest_route=\/wp\/v2\/types\/product"}],"replies":[{"embeddable":true,"href":"https:\/\/outfit.zikoway.pl\/index.php?rest_route=%2Fwp%2Fv2%2Fcomments&post=262"}],"wp:featuredmedia":[{"embeddable":true,"href":"https:\/\/outfit.zikoway.pl\/index.php?rest_route=\/wp\/v2\/media\/1511"}],"wp:attachment":[{"href":"https:\/\/outfit.zikoway.pl\/index.php?rest_route=%2Fwp%2Fv2%2Fmedia&parent=262"}],"wp:term":[{"taxonomy":"product_brand","embeddable":true,"href":"https:\/\/outfit.zikoway.pl\/index.php?rest_route=%2Fwp%2Fv2%2Fproduct_brand&post=262"},{"taxonomy":"product_cat","embeddable":true,"href":"https:\/\/outfit.zikoway.pl\/index.php?rest_route=%2Fwp%2Fv2%2Fproduct_cat&post=262"},{"taxonomy":"product_tag","embeddable":true,"href":"https:\/\/outfit.zikoway.pl\/index.php?rest_route=%2Fwp%2Fv2%2Fproduct_tag&post=262"}],"curies":[{"name":"wp","href":"https:\/\/api.w.org\/{rel}","templated":true}]}}