{"id":1264,"date":"2025-11-02T17:48:14","date_gmt":"2025-11-02T16:48:14","guid":{"rendered":"https:\/\/outfit.zikoway.pl\/?post_type=product&#038;p=1264"},"modified":"2025-11-02T17:48:14","modified_gmt":"2025-11-02T16:48:14","slug":"koszulka-meska-top-nie-chce-mi-sie","status":"publish","type":"product","link":"https:\/\/outfit.zikoway.pl\/?product=koszulka-meska-top-nie-chce-mi-sie","title":{"rendered":"Koszulka m\u0119ska top &#8222;Nie chce mi si\u0119&#8221;"},"content":{"rendered":"<h3 data-start=\"62\" data-end=\"106\">\ud83d\udca4 M\u0119ski top <strong data-start=\"79\" data-end=\"104\">\u201eNic mi si\u0119 nie chce\u201d<\/strong><\/h3>\n<p data-start=\"108\" data-end=\"350\">Lekki i wygodny top stworzony z my\u015bl\u0105 o maksymalnym komforcie w ciep\u0142e dni lub podczas aktywno\u015bci.<br data-start=\"206\" data-end=\"209\" \/>Wykonany z oddychaj\u0105cego materia\u0142u, zapewnia swobod\u0119 ruch\u00f3w i przewiewno\u015b\u0107. Nadruk <strong data-start=\"292\" data-end=\"317\">\u201eNic mi si\u0119 nie chce\u201d<\/strong> dodaje mu charakteru i humoru.<\/p>\n","protected":false},"excerpt":{"rendered":"<p><strong data-start=\"79\" data-end=\"147\">M\u0119ski top \u201eNic mi si\u0119 nie chce\u201d \u2013 lekki, przewiewny i z humorem.<\/strong><br data-start=\"147\" data-end=\"150\" \/>Idealny na lato i aktywne dni, zapewnia pe\u0142en komfort i swobod\u0119 ruch\u00f3w. \ud83d\udcaa\ud83d\ude34<\/p>\n","protected":false},"featured_media":1265,"comment_status":"open","ping_status":"closed","template":"","meta":{"site-sidebar-layout":"default","site-content-layout":"","ast-site-content-layout":"default","site-content-style":"default","site-sidebar-style":"default","ast-global-header-display":"","ast-banner-title-visibility":"","ast-main-header-display":"","ast-hfb-above-header-display":"","ast-hfb-below-header-display":"","ast-hfb-mobile-header-display":"","site-post-title":"","ast-breadcrumbs-content":"","ast-featured-img":"","footer-sml-layout":"","theme-transparent-header-meta":"default","adv-header-id-meta":"","stick-header-meta":"","header-above-stick-meta":"","header-main-stick-meta":"","header-below-stick-meta":"","astra-migrate-meta-layouts":"set","ast-page-background-enabled":"default","ast-page-background-meta":{"desktop":{"background-color":"var(--ast-global-color-5)","background-image":"","background-repeat":"repeat","background-position":"center center","background-size":"auto","background-attachment":"scroll","background-type":"","background-media":"","overlay-type":"","overlay-color":"","overlay-opacity":"","overlay-gradient":""},"tablet":{"background-color":"","background-image":"","background-repeat":"repeat","background-position":"center center","background-size":"auto","background-attachment":"scroll","background-type":"","background-media":"","overlay-type":"","overlay-color":"","overlay-opacity":"","overlay-gradient":""},"mobile":{"background-color":"","background-image":"","background-repeat":"repeat","background-position":"center center","background-size":"auto","background-attachment":"scroll","background-type":"","background-media":"","overlay-type":"","overlay-color":"","overlay-opacity":"","overlay-gradient":""}},"ast-content-background-meta":{"desktop":{"background-color":"var(--ast-global-color-4)","background-image":"","background-repeat":"repeat","background-position":"center center","background-size":"auto","background-attachment":"scroll","background-type":"","background-media":"","overlay-type":"","overlay-color":"","overlay-opacity":"","overlay-gradient":""},"tablet":{"background-color":"var(--ast-global-color-4)","background-image":"","background-repeat":"repeat","background-position":"center center","background-size":"auto","background-attachment":"scroll","background-type":"","background-media":"","overlay-type":"","overlay-color":"","overlay-opacity":"","overlay-gradient":""},"mobile":{"background-color":"var(--ast-global-color-4)","background-image":"","background-repeat":"repeat","background-position":"center center","background-size":"auto","background-attachment":"scroll","background-type":"","background-media":"","overlay-type":"","overlay-color":"","overlay-opacity":"","overlay-gradient":""}}},"product_brand":[],"product_cat":[43],"product_tag":[78,123,79,103,105,94,119],"class_list":{"0":"post-1264","1":"product","2":"type-product","3":"status-publish","4":"has-post-thumbnail","6":"product_cat-topy-koszulki-odziez-meska","7":"product_tag-koszulka","8":"product_tag-koszulka-meska","9":"product_tag-koszulka-top","10":"product_tag-kot","11":"product_tag-koty","12":"product_tag-nic-mi-sie-nie-chce","13":"product_tag-odziez-meska","14":"desktop-align-left","15":"tablet-align-left","16":"mobile-align-left","18":"first","19":"instock","20":"taxable","21":"shipping-taxable","22":"purchasable","23":"product-type-variable","24":"wvs-archive-product-wrapper"},"_links":{"self":[{"href":"https:\/\/outfit.zikoway.pl\/index.php?rest_route=\/wp\/v2\/product\/1264","targetHints":{"allow":["GET"]}}],"collection":[{"href":"https:\/\/outfit.zikoway.pl\/index.php?rest_route=\/wp\/v2\/product"}],"about":[{"href":"https:\/\/outfit.zikoway.pl\/index.php?rest_route=\/wp\/v2\/types\/product"}],"replies":[{"embeddable":true,"href":"https:\/\/outfit.zikoway.pl\/index.php?rest_route=%2Fwp%2Fv2%2Fcomments&post=1264"}],"wp:featuredmedia":[{"embeddable":true,"href":"https:\/\/outfit.zikoway.pl\/index.php?rest_route=\/wp\/v2\/media\/1265"}],"wp:attachment":[{"href":"https:\/\/outfit.zikoway.pl\/index.php?rest_route=%2Fwp%2Fv2%2Fmedia&parent=1264"}],"wp:term":[{"taxonomy":"product_brand","embeddable":true,"href":"https:\/\/outfit.zikoway.pl\/index.php?rest_route=%2Fwp%2Fv2%2Fproduct_brand&post=1264"},{"taxonomy":"product_cat","embeddable":true,"href":"https:\/\/outfit.zikoway.pl\/index.php?rest_route=%2Fwp%2Fv2%2Fproduct_cat&post=1264"},{"taxonomy":"product_tag","embeddable":true,"href":"https:\/\/outfit.zikoway.pl\/index.php?rest_route=%2Fwp%2Fv2%2Fproduct_tag&post=1264"}],"curies":[{"name":"wp","href":"https:\/\/api.w.org\/{rel}","templated":true}]}}