{"id":1243,"date":"2025-11-02T17:39:08","date_gmt":"2025-11-02T16:39:08","guid":{"rendered":"https:\/\/outfit.zikoway.pl\/?post_type=product&#038;p=1243"},"modified":"2025-11-02T17:39:08","modified_gmt":"2025-11-02T16:39:08","slug":"koszulka-meska-polo-nic-mi-sie-nie-chce","status":"publish","type":"product","link":"https:\/\/outfit.zikoway.pl\/?product=koszulka-meska-polo-nic-mi-sie-nie-chce","title":{"rendered":"Koszulka m\u0119ska polo &#8222;Nic mi si\u0119 nie chce&#8221;"},"content":{"rendered":"<h3 data-start=\"97\" data-end=\"151\">\ud83d\ude0e M\u0119ska koszulka polo <strong data-start=\"124\" data-end=\"149\">\u201eNic mi si\u0119 nie chce\u201d<\/strong><\/h3>\n<p data-start=\"153\" data-end=\"437\">Stylowa, wygodna i z przymru\u017ceniem oka \u2013 m\u0119ska koszulka polo <strong data-start=\"214\" data-end=\"239\">\u201eNic mi si\u0119 nie chce\u201d<\/strong> to idealne po\u0142\u0105czenie klasy i luzu.<br data-start=\"275\" data-end=\"278\" \/>Wykonana z wysokiej jako\u015bci, oddychaj\u0105cej bawe\u0142ny, zapewnia komfort przez ca\u0142y dzie\u0144, a subtelny nadruk <strong data-start=\"382\" data-end=\"407\">\u201eNic mi si\u0119 nie chce\u201d<\/strong> dodaje charakteru i humoru.<\/p>\n<p data-start=\"439\" data-end=\"600\">Ko\u0142nierzyk i zapi\u0119cie na guziki nadaj\u0105 jej elegancki wygl\u0105d, dzi\u0119ki czemu \u015bwietnie sprawdzi si\u0119 zar\u00f3wno na co dzie\u0144, jak i w bardziej casualowych stylizacjach.<\/p>\n","protected":false},"excerpt":{"rendered":"<p><strong data-start=\"88\" data-end=\"156\">M\u0119ska koszulka polo \u201eNic mi si\u0119 nie chce\u201d \u2013 styl i luz w jednym.<\/strong><br data-start=\"156\" data-end=\"159\" \/>Wykonana z mi\u0119kkiej, oddychaj\u0105cej bawe\u0142ny, \u0142\u0105czy elegancj\u0119 z wygod\u0105 i humorem. \ud83d\ude0e<\/p>\n","protected":false},"featured_media":1244,"comment_status":"open","ping_status":"closed","template":"","meta":{"site-sidebar-layout":"default","site-content-layout":"","ast-site-content-layout":"default","site-content-style":"default","site-sidebar-style":"default","ast-global-header-display":"","ast-banner-title-visibility":"","ast-main-header-display":"","ast-hfb-above-header-display":"","ast-hfb-below-header-display":"","ast-hfb-mobile-header-display":"","site-post-title":"","ast-breadcrumbs-content":"","ast-featured-img":"","footer-sml-layout":"","theme-transparent-header-meta":"default","adv-header-id-meta":"","stick-header-meta":"","header-above-stick-meta":"","header-main-stick-meta":"","header-below-stick-meta":"","astra-migrate-meta-layouts":"set","ast-page-background-enabled":"default","ast-page-background-meta":{"desktop":{"background-color":"var(--ast-global-color-5)","background-image":"","background-repeat":"repeat","background-position":"center center","background-size":"auto","background-attachment":"scroll","background-type":"","background-media":"","overlay-type":"","overlay-color":"","overlay-opacity":"","overlay-gradient":""},"tablet":{"background-color":"","background-image":"","background-repeat":"repeat","background-position":"center center","background-size":"auto","background-attachment":"scroll","background-type":"","background-media":"","overlay-type":"","overlay-color":"","overlay-opacity":"","overlay-gradient":""},"mobile":{"background-color":"","background-image":"","background-repeat":"repeat","background-position":"center center","background-size":"auto","background-attachment":"scroll","background-type":"","background-media":"","overlay-type":"","overlay-color":"","overlay-opacity":"","overlay-gradient":""}},"ast-content-background-meta":{"desktop":{"background-color":"var(--ast-global-color-4)","background-image":"","background-repeat":"repeat","background-position":"center center","background-size":"auto","background-attachment":"scroll","background-type":"","background-media":"","overlay-type":"","overlay-color":"","overlay-opacity":"","overlay-gradient":""},"tablet":{"background-color":"var(--ast-global-color-4)","background-image":"","background-repeat":"repeat","background-position":"center center","background-size":"auto","background-attachment":"scroll","background-type":"","background-media":"","overlay-type":"","overlay-color":"","overlay-opacity":"","overlay-gradient":""},"mobile":{"background-color":"var(--ast-global-color-4)","background-image":"","background-repeat":"repeat","background-position":"center center","background-size":"auto","background-attachment":"scroll","background-type":"","background-media":"","overlay-type":"","overlay-color":"","overlay-opacity":"","overlay-gradient":""}}},"product_brand":[],"product_cat":[42],"product_tag":[78,103,105,94,119],"class_list":{"0":"post-1243","1":"product","2":"type-product","3":"status-publish","4":"has-post-thumbnail","6":"product_cat-t-shirt-polo","7":"product_tag-koszulka","8":"product_tag-kot","9":"product_tag-koty","10":"product_tag-nic-mi-sie-nie-chce","11":"product_tag-odziez-meska","12":"desktop-align-left","13":"tablet-align-left","14":"mobile-align-left","16":"first","17":"instock","18":"taxable","19":"shipping-taxable","20":"purchasable","21":"product-type-variable","22":"wvs-archive-product-wrapper"},"_links":{"self":[{"href":"https:\/\/outfit.zikoway.pl\/index.php?rest_route=\/wp\/v2\/product\/1243","targetHints":{"allow":["GET"]}}],"collection":[{"href":"https:\/\/outfit.zikoway.pl\/index.php?rest_route=\/wp\/v2\/product"}],"about":[{"href":"https:\/\/outfit.zikoway.pl\/index.php?rest_route=\/wp\/v2\/types\/product"}],"replies":[{"embeddable":true,"href":"https:\/\/outfit.zikoway.pl\/index.php?rest_route=%2Fwp%2Fv2%2Fcomments&post=1243"}],"wp:featuredmedia":[{"embeddable":true,"href":"https:\/\/outfit.zikoway.pl\/index.php?rest_route=\/wp\/v2\/media\/1244"}],"wp:attachment":[{"href":"https:\/\/outfit.zikoway.pl\/index.php?rest_route=%2Fwp%2Fv2%2Fmedia&parent=1243"}],"wp:term":[{"taxonomy":"product_brand","embeddable":true,"href":"https:\/\/outfit.zikoway.pl\/index.php?rest_route=%2Fwp%2Fv2%2Fproduct_brand&post=1243"},{"taxonomy":"product_cat","embeddable":true,"href":"https:\/\/outfit.zikoway.pl\/index.php?rest_route=%2Fwp%2Fv2%2Fproduct_cat&post=1243"},{"taxonomy":"product_tag","embeddable":true,"href":"https:\/\/outfit.zikoway.pl\/index.php?rest_route=%2Fwp%2Fv2%2Fproduct_tag&post=1243"}],"curies":[{"name":"wp","href":"https:\/\/api.w.org\/{rel}","templated":true}]}}