{"id":1199,"date":"2025-11-02T17:08:19","date_gmt":"2025-11-02T16:08:19","guid":{"rendered":"https:\/\/outfit.zikoway.pl\/?post_type=product&#038;p=1199"},"modified":"2025-11-02T17:08:19","modified_gmt":"2025-11-02T16:08:19","slug":"kapielowki-meskie-nic-mi-sie-nie-chce","status":"publish","type":"product","link":"https:\/\/outfit.zikoway.pl\/?product=kapielowki-meskie-nic-mi-sie-nie-chce","title":{"rendered":"K\u0105piel\u00f3wki m\u0119skie &#8222;Nic mi si\u0119 nie chce&#8221;"},"content":{"rendered":"<h3 data-start=\"90\" data-end=\"142\">\ud83d\ude0e M\u0119skie k\u0105piel\u00f3wki <strong data-start=\"115\" data-end=\"140\">\u201eNic mi si\u0119 nie chce\u201d<\/strong><\/h3>\n<p data-start=\"144\" data-end=\"394\">Lekkie, wygodne i z odrobin\u0105 humoru \u2013 m\u0119skie k\u0105piel\u00f3wki <strong data-start=\"200\" data-end=\"225\">\u201eNic mi si\u0119 nie chce\u201d<\/strong> to idealny wyb\u00f3r na pla\u017c\u0119, basen czy letni relaks nad wod\u0105.<br data-start=\"285\" data-end=\"288\" \/>Wykonane z szybkoschn\u0105cego materia\u0142u, zapewniaj\u0105 komfort i swobod\u0119 ruch\u00f3w podczas p\u0142ywania i wypoczynku.<\/p>\n<p data-start=\"396\" data-end=\"516\">Elastyczny pas ze sznurkiem umo\u017cliwia dopasowanie, a nadruk <strong data-start=\"456\" data-end=\"481\">\u201eNic mi si\u0119 nie chce\u201d<\/strong> dodaje stylu i pozytywnego luzu.<\/p>\n","protected":false},"excerpt":{"rendered":"<p><strong data-start=\"89\" data-end=\"163\">M\u0119skie k\u0105piel\u00f3wki \u201eNic mi si\u0119 nie chce\u201d \u2013 lekkie, wygodne i z humorem.<\/strong><br data-start=\"163\" data-end=\"166\" \/>Szybkoschn\u0105cy materia\u0142 i elastyczny pas zapewniaj\u0105 komfort podczas pla\u017cowania i letniego relaksu. \ud83c\udfd6\ufe0f<\/p>\n","protected":false},"featured_media":1200,"comment_status":"open","ping_status":"closed","template":"","meta":{"site-sidebar-layout":"default","site-content-layout":"","ast-site-content-layout":"default","site-content-style":"default","site-sidebar-style":"default","ast-global-header-display":"","ast-banner-title-visibility":"","ast-main-header-display":"","ast-hfb-above-header-display":"","ast-hfb-below-header-display":"","ast-hfb-mobile-header-display":"","site-post-title":"","ast-breadcrumbs-content":"","ast-featured-img":"","footer-sml-layout":"","theme-transparent-header-meta":"default","adv-header-id-meta":"","stick-header-meta":"","header-above-stick-meta":"","header-main-stick-meta":"","header-below-stick-meta":"","astra-migrate-meta-layouts":"set","ast-page-background-enabled":"default","ast-page-background-meta":{"desktop":{"background-color":"var(--ast-global-color-5)","background-image":"","background-repeat":"repeat","background-position":"center center","background-size":"auto","background-attachment":"scroll","background-type":"","background-media":"","overlay-type":"","overlay-color":"","overlay-opacity":"","overlay-gradient":""},"tablet":{"background-color":"","background-image":"","background-repeat":"repeat","background-position":"center center","background-size":"auto","background-attachment":"scroll","background-type":"","background-media":"","overlay-type":"","overlay-color":"","overlay-opacity":"","overlay-gradient":""},"mobile":{"background-color":"","background-image":"","background-repeat":"repeat","background-position":"center center","background-size":"auto","background-attachment":"scroll","background-type":"","background-media":"","overlay-type":"","overlay-color":"","overlay-opacity":"","overlay-gradient":""}},"ast-content-background-meta":{"desktop":{"background-color":"var(--ast-global-color-4)","background-image":"","background-repeat":"repeat","background-position":"center center","background-size":"auto","background-attachment":"scroll","background-type":"","background-media":"","overlay-type":"","overlay-color":"","overlay-opacity":"","overlay-gradient":""},"tablet":{"background-color":"var(--ast-global-color-4)","background-image":"","background-repeat":"repeat","background-position":"center center","background-size":"auto","background-attachment":"scroll","background-type":"","background-media":"","overlay-type":"","overlay-color":"","overlay-opacity":"","overlay-gradient":""},"mobile":{"background-color":"var(--ast-global-color-4)","background-image":"","background-repeat":"repeat","background-position":"center center","background-size":"auto","background-attachment":"scroll","background-type":"","background-media":"","overlay-type":"","overlay-color":"","overlay-opacity":"","overlay-gradient":""}}},"product_brand":[],"product_cat":[52],"product_tag":[103,105,94,119,83],"class_list":{"0":"post-1199","1":"product","2":"type-product","3":"status-publish","4":"has-post-thumbnail","6":"product_cat-spodenki-spodnie-i-spodenki","7":"product_tag-kot","8":"product_tag-koty","9":"product_tag-nic-mi-sie-nie-chce","10":"product_tag-odziez-meska","11":"product_tag-spodenki","12":"desktop-align-left","13":"tablet-align-left","14":"mobile-align-left","16":"first","17":"instock","18":"taxable","19":"shipping-taxable","20":"purchasable","21":"product-type-variable","22":"wvs-archive-product-wrapper"},"_links":{"self":[{"href":"https:\/\/outfit.zikoway.pl\/index.php?rest_route=\/wp\/v2\/product\/1199","targetHints":{"allow":["GET"]}}],"collection":[{"href":"https:\/\/outfit.zikoway.pl\/index.php?rest_route=\/wp\/v2\/product"}],"about":[{"href":"https:\/\/outfit.zikoway.pl\/index.php?rest_route=\/wp\/v2\/types\/product"}],"replies":[{"embeddable":true,"href":"https:\/\/outfit.zikoway.pl\/index.php?rest_route=%2Fwp%2Fv2%2Fcomments&post=1199"}],"wp:featuredmedia":[{"embeddable":true,"href":"https:\/\/outfit.zikoway.pl\/index.php?rest_route=\/wp\/v2\/media\/1200"}],"wp:attachment":[{"href":"https:\/\/outfit.zikoway.pl\/index.php?rest_route=%2Fwp%2Fv2%2Fmedia&parent=1199"}],"wp:term":[{"taxonomy":"product_brand","embeddable":true,"href":"https:\/\/outfit.zikoway.pl\/index.php?rest_route=%2Fwp%2Fv2%2Fproduct_brand&post=1199"},{"taxonomy":"product_cat","embeddable":true,"href":"https:\/\/outfit.zikoway.pl\/index.php?rest_route=%2Fwp%2Fv2%2Fproduct_cat&post=1199"},{"taxonomy":"product_tag","embeddable":true,"href":"https:\/\/outfit.zikoway.pl\/index.php?rest_route=%2Fwp%2Fv2%2Fproduct_tag&post=1199"}],"curies":[{"name":"wp","href":"https:\/\/api.w.org\/{rel}","templated":true}]}}