{"id":1190,"date":"2025-11-02T16:53:15","date_gmt":"2025-11-02T15:53:15","guid":{"rendered":"https:\/\/outfit.zikoway.pl\/?post_type=product&#038;p=1190"},"modified":"2025-11-02T16:53:15","modified_gmt":"2025-11-02T15:53:15","slug":"spodnie-meskie-dresowe-nic-mi-sie-nie-chce","status":"publish","type":"product","link":"https:\/\/outfit.zikoway.pl\/?product=spodnie-meskie-dresowe-nic-mi-sie-nie-chce","title":{"rendered":"Spodnie m\u0119skie dresowe &#8222;Nic mi si\u0119 nie chce&#8221;"},"content":{"rendered":"<h3 data-start=\"90\" data-end=\"137\">\ud83d\ude34 M\u0119skie dresy <strong data-start=\"110\" data-end=\"135\">\u201eNic mi si\u0119 nie chce\u201d<\/strong><\/h3>\n<p data-start=\"139\" data-end=\"374\">Komfort, styl i luz \u2013 m\u0119skie dresy <strong data-start=\"174\" data-end=\"199\">\u201eNic mi si\u0119 nie chce\u201d<\/strong> to idealny wyb\u00f3r na leniwe dni, relaks w domu czy spacer po mie\u015bcie.<br data-start=\"268\" data-end=\"271\" \/>Wykonane z mi\u0119kkiej, elastycznej dzianiny, zapewniaj\u0105 pe\u0142n\u0105 swobod\u0119 ruch\u00f3w i wygod\u0119 przez ca\u0142y dzie\u0144.<\/p>\n<p data-start=\"376\" data-end=\"517\">Elastyczny pas oraz \u015bci\u0105gacze przy nogawkach gwarantuj\u0105 idealne dopasowanie, a nadruk <strong data-start=\"462\" data-end=\"487\">\u201eNic mi si\u0119 nie chce\u201d<\/strong> dodaje humoru i charakteru.<\/p>\n","protected":false},"excerpt":{"rendered":"<p><strong data-start=\"85\" data-end=\"147\">M\u0119skie dresy \u201eNic mi si\u0119 nie chce\u201d \u2013 wygodne i pe\u0142ne luzu.<\/strong><br data-start=\"147\" data-end=\"150\" \/>Mi\u0119kka, elastyczna dzianina i humorystyczny nadruk zapewniaj\u0105 komfort podczas relaksu i codziennych aktywno\u015bci. \ud83d\ude34<\/p>\n","protected":false},"featured_media":1191,"comment_status":"open","ping_status":"closed","template":"","meta":{"site-sidebar-layout":"default","site-content-layout":"","ast-site-content-layout":"default","site-content-style":"default","site-sidebar-style":"default","ast-global-header-display":"","ast-banner-title-visibility":"","ast-main-header-display":"","ast-hfb-above-header-display":"","ast-hfb-below-header-display":"","ast-hfb-mobile-header-display":"","site-post-title":"","ast-breadcrumbs-content":"","ast-featured-img":"","footer-sml-layout":"","theme-transparent-header-meta":"default","adv-header-id-meta":"","stick-header-meta":"","header-above-stick-meta":"","header-main-stick-meta":"","header-below-stick-meta":"","astra-migrate-meta-layouts":"set","ast-page-background-enabled":"default","ast-page-background-meta":{"desktop":{"background-color":"var(--ast-global-color-5)","background-image":"","background-repeat":"repeat","background-position":"center center","background-size":"auto","background-attachment":"scroll","background-type":"","background-media":"","overlay-type":"","overlay-color":"","overlay-opacity":"","overlay-gradient":""},"tablet":{"background-color":"","background-image":"","background-repeat":"repeat","background-position":"center center","background-size":"auto","background-attachment":"scroll","background-type":"","background-media":"","overlay-type":"","overlay-color":"","overlay-opacity":"","overlay-gradient":""},"mobile":{"background-color":"","background-image":"","background-repeat":"repeat","background-position":"center center","background-size":"auto","background-attachment":"scroll","background-type":"","background-media":"","overlay-type":"","overlay-color":"","overlay-opacity":"","overlay-gradient":""}},"ast-content-background-meta":{"desktop":{"background-color":"var(--ast-global-color-4)","background-image":"","background-repeat":"repeat","background-position":"center center","background-size":"auto","background-attachment":"scroll","background-type":"","background-media":"","overlay-type":"","overlay-color":"","overlay-opacity":"","overlay-gradient":""},"tablet":{"background-color":"var(--ast-global-color-4)","background-image":"","background-repeat":"repeat","background-position":"center center","background-size":"auto","background-attachment":"scroll","background-type":"","background-media":"","overlay-type":"","overlay-color":"","overlay-opacity":"","overlay-gradient":""},"mobile":{"background-color":"var(--ast-global-color-4)","background-image":"","background-repeat":"repeat","background-position":"center center","background-size":"auto","background-attachment":"scroll","background-type":"","background-media":"","overlay-type":"","overlay-color":"","overlay-opacity":"","overlay-gradient":""}}},"product_brand":[],"product_cat":[51],"product_tag":[103,105,94,119,114,115],"class_list":{"0":"post-1190","1":"product","2":"type-product","3":"status-publish","4":"has-post-thumbnail","6":"product_cat-spodnie-dresowe-spodnie-i-spodenki","7":"product_tag-kot","8":"product_tag-koty","9":"product_tag-nic-mi-sie-nie-chce","10":"product_tag-odziez-meska","11":"product_tag-spodnie","12":"product_tag-spodnie-dresowe","13":"desktop-align-left","14":"tablet-align-left","15":"mobile-align-left","17":"first","18":"instock","19":"taxable","20":"shipping-taxable","21":"purchasable","22":"product-type-variable","23":"wvs-archive-product-wrapper"},"_links":{"self":[{"href":"https:\/\/outfit.zikoway.pl\/index.php?rest_route=\/wp\/v2\/product\/1190","targetHints":{"allow":["GET"]}}],"collection":[{"href":"https:\/\/outfit.zikoway.pl\/index.php?rest_route=\/wp\/v2\/product"}],"about":[{"href":"https:\/\/outfit.zikoway.pl\/index.php?rest_route=\/wp\/v2\/types\/product"}],"replies":[{"embeddable":true,"href":"https:\/\/outfit.zikoway.pl\/index.php?rest_route=%2Fwp%2Fv2%2Fcomments&post=1190"}],"wp:featuredmedia":[{"embeddable":true,"href":"https:\/\/outfit.zikoway.pl\/index.php?rest_route=\/wp\/v2\/media\/1191"}],"wp:attachment":[{"href":"https:\/\/outfit.zikoway.pl\/index.php?rest_route=%2Fwp%2Fv2%2Fmedia&parent=1190"}],"wp:term":[{"taxonomy":"product_brand","embeddable":true,"href":"https:\/\/outfit.zikoway.pl\/index.php?rest_route=%2Fwp%2Fv2%2Fproduct_brand&post=1190"},{"taxonomy":"product_cat","embeddable":true,"href":"https:\/\/outfit.zikoway.pl\/index.php?rest_route=%2Fwp%2Fv2%2Fproduct_cat&post=1190"},{"taxonomy":"product_tag","embeddable":true,"href":"https:\/\/outfit.zikoway.pl\/index.php?rest_route=%2Fwp%2Fv2%2Fproduct_tag&post=1190"}],"curies":[{"name":"wp","href":"https:\/\/api.w.org\/{rel}","templated":true}]}}