{"id":1183,"date":"2025-11-01T12:18:40","date_gmt":"2025-11-01T11:18:40","guid":{"rendered":"https:\/\/outfit.zikoway.pl\/?post_type=product&#038;p=1183"},"modified":"2025-11-01T12:18:40","modified_gmt":"2025-11-01T11:18:40","slug":"bluza-meska-rozpinana-z-kapturem-nic-mi-sie-nie-chce","status":"publish","type":"product","link":"https:\/\/outfit.zikoway.pl\/?product=bluza-meska-rozpinana-z-kapturem-nic-mi-sie-nie-chce","title":{"rendered":"Bluza m\u0119ska rozpinana z kapturem &#8222;Nic mi si\u0119 nie chce&#8221;"},"content":{"rendered":"<h3 data-start=\"111\" data-end=\"178\">\ud83d\ude34 M\u0119ska bluza rozpinana z kapturem <strong data-start=\"151\" data-end=\"176\">\u201eNic mi si\u0119 nie chce\u201d<\/strong><\/h3>\n<p data-start=\"180\" data-end=\"446\">Wygodna, funkcjonalna i pe\u0142na luzu \u2013 m\u0119ska bluza rozpinana z kapturem <strong data-start=\"250\" data-end=\"275\">\u201eNic mi si\u0119 nie chce\u201d<\/strong> to idealny wyb\u00f3r na codzienne noszenie, leniwe dni i casualowe wyj\u015bcia.<br data-start=\"347\" data-end=\"350\" \/>Wykonana z mi\u0119kkiej, przyjemnej w dotyku dzianiny, zapewnia komfort i ciep\u0142o przez ca\u0142y dzie\u0144.<\/p>\n<p data-start=\"448\" data-end=\"673\">Zamek b\u0142yskawiczny umo\u017cliwia \u0142atwe regulowanie temperatury, a kaptur z regulacj\u0105 oraz praktyczne kieszenie dodaj\u0105 wygody i funkcjonalno\u015bci. Wyrazisty nadruk <strong data-start=\"605\" data-end=\"630\">\u201eNic mi si\u0119 nie chce\u201d<\/strong> podkre\u015bla humorystyczny charakter bluzy.<\/p>\n","protected":false},"excerpt":{"rendered":"<p><strong data-start=\"106\" data-end=\"190\">M\u0119ska bluza rozpinana z kapturem \u201eNic mi si\u0119 nie chce\u201d \u2013 wygodna i funkcjonalna.<\/strong><br data-start=\"190\" data-end=\"193\" \/>Mi\u0119kka dzianina, kaptur z regulacj\u0105 i praktyczne kieszenie zapewniaj\u0105 komfort podczas codziennych aktywno\u015bci i leniwych dni. \ud83d\ude34<\/p>\n","protected":false},"featured_media":1184,"comment_status":"open","ping_status":"closed","template":"","meta":{"site-sidebar-layout":"default","site-content-layout":"","ast-site-content-layout":"default","site-content-style":"default","site-sidebar-style":"default","ast-global-header-display":"","ast-banner-title-visibility":"","ast-main-header-display":"","ast-hfb-above-header-display":"","ast-hfb-below-header-display":"","ast-hfb-mobile-header-display":"","site-post-title":"","ast-breadcrumbs-content":"","ast-featured-img":"","footer-sml-layout":"","theme-transparent-header-meta":"default","adv-header-id-meta":"","stick-header-meta":"","header-above-stick-meta":"","header-main-stick-meta":"","header-below-stick-meta":"","astra-migrate-meta-layouts":"set","ast-page-background-enabled":"default","ast-page-background-meta":{"desktop":{"background-color":"var(--ast-global-color-5)","background-image":"","background-repeat":"repeat","background-position":"center center","background-size":"auto","background-attachment":"scroll","background-type":"","background-media":"","overlay-type":"","overlay-color":"","overlay-opacity":"","overlay-gradient":""},"tablet":{"background-color":"","background-image":"","background-repeat":"repeat","background-position":"center center","background-size":"auto","background-attachment":"scroll","background-type":"","background-media":"","overlay-type":"","overlay-color":"","overlay-opacity":"","overlay-gradient":""},"mobile":{"background-color":"","background-image":"","background-repeat":"repeat","background-position":"center center","background-size":"auto","background-attachment":"scroll","background-type":"","background-media":"","overlay-type":"","overlay-color":"","overlay-opacity":"","overlay-gradient":""}},"ast-content-background-meta":{"desktop":{"background-color":"var(--ast-global-color-4)","background-image":"","background-repeat":"repeat","background-position":"center center","background-size":"auto","background-attachment":"scroll","background-type":"","background-media":"","overlay-type":"","overlay-color":"","overlay-opacity":"","overlay-gradient":""},"tablet":{"background-color":"var(--ast-global-color-4)","background-image":"","background-repeat":"repeat","background-position":"center center","background-size":"auto","background-attachment":"scroll","background-type":"","background-media":"","overlay-type":"","overlay-color":"","overlay-opacity":"","overlay-gradient":""},"mobile":{"background-color":"var(--ast-global-color-4)","background-image":"","background-repeat":"repeat","background-position":"center center","background-size":"auto","background-attachment":"scroll","background-type":"","background-media":"","overlay-type":"","overlay-color":"","overlay-opacity":"","overlay-gradient":""}}},"product_brand":[],"product_cat":[48],"product_tag":[74,121,103,105,94,119],"class_list":{"0":"post-1183","1":"product","2":"type-product","3":"status-publish","4":"has-post-thumbnail","6":"product_cat-bluzy-rozpinane-z-kapturem-bluzy-i-bluzy-z-kapturem-odziez-meska","7":"product_tag-bluza","8":"product_tag-bluza-rozpinana-z-kapturem","9":"product_tag-kot","10":"product_tag-koty","11":"product_tag-nic-mi-sie-nie-chce","12":"product_tag-odziez-meska","13":"desktop-align-left","14":"tablet-align-left","15":"mobile-align-left","17":"first","18":"instock","19":"taxable","20":"shipping-taxable","21":"purchasable","22":"product-type-variable","23":"wvs-archive-product-wrapper"},"_links":{"self":[{"href":"https:\/\/outfit.zikoway.pl\/index.php?rest_route=\/wp\/v2\/product\/1183","targetHints":{"allow":["GET"]}}],"collection":[{"href":"https:\/\/outfit.zikoway.pl\/index.php?rest_route=\/wp\/v2\/product"}],"about":[{"href":"https:\/\/outfit.zikoway.pl\/index.php?rest_route=\/wp\/v2\/types\/product"}],"replies":[{"embeddable":true,"href":"https:\/\/outfit.zikoway.pl\/index.php?rest_route=%2Fwp%2Fv2%2Fcomments&post=1183"}],"wp:featuredmedia":[{"embeddable":true,"href":"https:\/\/outfit.zikoway.pl\/index.php?rest_route=\/wp\/v2\/media\/1184"}],"wp:attachment":[{"href":"https:\/\/outfit.zikoway.pl\/index.php?rest_route=%2Fwp%2Fv2%2Fmedia&parent=1183"}],"wp:term":[{"taxonomy":"product_brand","embeddable":true,"href":"https:\/\/outfit.zikoway.pl\/index.php?rest_route=%2Fwp%2Fv2%2Fproduct_brand&post=1183"},{"taxonomy":"product_cat","embeddable":true,"href":"https:\/\/outfit.zikoway.pl\/index.php?rest_route=%2Fwp%2Fv2%2Fproduct_cat&post=1183"},{"taxonomy":"product_tag","embeddable":true,"href":"https:\/\/outfit.zikoway.pl\/index.php?rest_route=%2Fwp%2Fv2%2Fproduct_tag&post=1183"}],"curies":[{"name":"wp","href":"https:\/\/api.w.org\/{rel}","templated":true}]}}