{"id":1161,"date":"2025-11-01T12:08:55","date_gmt":"2025-11-01T11:08:55","guid":{"rendered":"https:\/\/outfit.zikoway.pl\/?post_type=product&#038;p=1161"},"modified":"2025-11-01T12:08:55","modified_gmt":"2025-11-01T11:08:55","slug":"bluza-meska-bez-kaptura-nic-mi-sie-nie-chce","status":"publish","type":"product","link":"https:\/\/outfit.zikoway.pl\/?product=bluza-meska-bez-kaptura-nic-mi-sie-nie-chce","title":{"rendered":"Bluza m\u0119ska bez kaptura &#8222;Nic mi si\u0119 nie chce&#8221;"},"content":{"rendered":"<h3 data-start=\"96\" data-end=\"154\">\ud83d\ude34 M\u0119ska bluza bez kaptura <strong data-start=\"127\" data-end=\"152\">\u201eNic mi si\u0119 nie chce\u201d<\/strong><\/h3>\n<p data-start=\"156\" data-end=\"380\">Mi\u0119kka, wygodna i pe\u0142na luzu \u2013 m\u0119ska bluza <strong data-start=\"199\" data-end=\"224\">\u201eNic mi si\u0119 nie chce\u201d<\/strong> to idealny wyb\u00f3r na codzienne noszenie, spacery czy relaks w domu.<br data-start=\"291\" data-end=\"294\" \/>Wykonana z przyjemnej w dotyku dzianiny, zapewnia komfort i ciep\u0142o przez ca\u0142y dzie\u0144.<\/p>\n<p data-start=\"382\" data-end=\"507\">Klasyczny kr\u00f3j i wyrazisty nadruk <strong data-start=\"416\" data-end=\"441\">\u201eNic mi si\u0119 nie chce\u201d<\/strong> dodaj\u0105 charakteru i pokazuj\u0105 dystans do codziennych obowi\u0105zk\u00f3w.<\/p>\n","protected":false},"excerpt":{"rendered":"<p><strong data-start=\"96\" data-end=\"157\">M\u0119ska bluza \u201eNic mi si\u0119 nie chce\u201d \u2013 wygodna i pe\u0142na luzu.<\/strong><br data-start=\"157\" data-end=\"160\" \/>Mi\u0119kka dzianina i wyrazisty nadruk zapewniaj\u0105 komfort podczas codziennych aktywno\u015bci i leniwych dni. \ud83d\ude34<\/p>\n","protected":false},"featured_media":1162,"comment_status":"open","ping_status":"closed","template":"","meta":{"site-sidebar-layout":"default","site-content-layout":"","ast-site-content-layout":"default","site-content-style":"default","site-sidebar-style":"default","ast-global-header-display":"","ast-banner-title-visibility":"","ast-main-header-display":"","ast-hfb-above-header-display":"","ast-hfb-below-header-display":"","ast-hfb-mobile-header-display":"","site-post-title":"","ast-breadcrumbs-content":"","ast-featured-img":"","footer-sml-layout":"","theme-transparent-header-meta":"default","adv-header-id-meta":"","stick-header-meta":"","header-above-stick-meta":"","header-main-stick-meta":"","header-below-stick-meta":"","astra-migrate-meta-layouts":"set","ast-page-background-enabled":"default","ast-page-background-meta":{"desktop":{"background-color":"var(--ast-global-color-5)","background-image":"","background-repeat":"repeat","background-position":"center center","background-size":"auto","background-attachment":"scroll","background-type":"","background-media":"","overlay-type":"","overlay-color":"","overlay-opacity":"","overlay-gradient":""},"tablet":{"background-color":"","background-image":"","background-repeat":"repeat","background-position":"center center","background-size":"auto","background-attachment":"scroll","background-type":"","background-media":"","overlay-type":"","overlay-color":"","overlay-opacity":"","overlay-gradient":""},"mobile":{"background-color":"","background-image":"","background-repeat":"repeat","background-position":"center center","background-size":"auto","background-attachment":"scroll","background-type":"","background-media":"","overlay-type":"","overlay-color":"","overlay-opacity":"","overlay-gradient":""}},"ast-content-background-meta":{"desktop":{"background-color":"var(--ast-global-color-4)","background-image":"","background-repeat":"repeat","background-position":"center center","background-size":"auto","background-attachment":"scroll","background-type":"","background-media":"","overlay-type":"","overlay-color":"","overlay-opacity":"","overlay-gradient":""},"tablet":{"background-color":"var(--ast-global-color-4)","background-image":"","background-repeat":"repeat","background-position":"center center","background-size":"auto","background-attachment":"scroll","background-type":"","background-media":"","overlay-type":"","overlay-color":"","overlay-opacity":"","overlay-gradient":""},"mobile":{"background-color":"var(--ast-global-color-4)","background-image":"","background-repeat":"repeat","background-position":"center center","background-size":"auto","background-attachment":"scroll","background-type":"","background-media":"","overlay-type":"","overlay-color":"","overlay-opacity":"","overlay-gradient":""}}},"product_brand":[],"product_cat":[47],"product_tag":[74,120,117,103,105,94,119],"class_list":{"0":"post-1161","1":"product","2":"type-product","3":"status-publish","4":"has-post-thumbnail","6":"product_cat-bluzy-bez-kaptura-bluzy-i-bluzy-z-kapturem-odziez-meska","7":"product_tag-bluza","8":"product_tag-bluza-bez-kaptura","9":"product_tag-bluza-meska","10":"product_tag-kot","11":"product_tag-koty","12":"product_tag-nic-mi-sie-nie-chce","13":"product_tag-odziez-meska","14":"desktop-align-left","15":"tablet-align-left","16":"mobile-align-left","18":"first","19":"instock","20":"taxable","21":"shipping-taxable","22":"purchasable","23":"product-type-variable","24":"wvs-archive-product-wrapper"},"_links":{"self":[{"href":"https:\/\/outfit.zikoway.pl\/index.php?rest_route=\/wp\/v2\/product\/1161","targetHints":{"allow":["GET"]}}],"collection":[{"href":"https:\/\/outfit.zikoway.pl\/index.php?rest_route=\/wp\/v2\/product"}],"about":[{"href":"https:\/\/outfit.zikoway.pl\/index.php?rest_route=\/wp\/v2\/types\/product"}],"replies":[{"embeddable":true,"href":"https:\/\/outfit.zikoway.pl\/index.php?rest_route=%2Fwp%2Fv2%2Fcomments&post=1161"}],"wp:featuredmedia":[{"embeddable":true,"href":"https:\/\/outfit.zikoway.pl\/index.php?rest_route=\/wp\/v2\/media\/1162"}],"wp:attachment":[{"href":"https:\/\/outfit.zikoway.pl\/index.php?rest_route=%2Fwp%2Fv2%2Fmedia&parent=1161"}],"wp:term":[{"taxonomy":"product_brand","embeddable":true,"href":"https:\/\/outfit.zikoway.pl\/index.php?rest_route=%2Fwp%2Fv2%2Fproduct_brand&post=1161"},{"taxonomy":"product_cat","embeddable":true,"href":"https:\/\/outfit.zikoway.pl\/index.php?rest_route=%2Fwp%2Fv2%2Fproduct_cat&post=1161"},{"taxonomy":"product_tag","embeddable":true,"href":"https:\/\/outfit.zikoway.pl\/index.php?rest_route=%2Fwp%2Fv2%2Fproduct_tag&post=1161"}],"curies":[{"name":"wp","href":"https:\/\/api.w.org\/{rel}","templated":true}]}}