{"id":1128,"date":"2025-11-01T11:47:01","date_gmt":"2025-11-01T10:47:01","guid":{"rendered":"https:\/\/outfit.zikoway.pl\/?post_type=product&#038;p=1128"},"modified":"2025-11-01T11:47:01","modified_gmt":"2025-11-01T10:47:01","slug":"spodnie-dresowe-damskie-nic-mi-sie-nie-chce","status":"publish","type":"product","link":"https:\/\/outfit.zikoway.pl\/?product=spodnie-dresowe-damskie-nic-mi-sie-nie-chce","title":{"rendered":"Spodnie dresowe damskie &#8222;Nic mi si\u0119 nie chce&#8221;"},"content":{"rendered":"<h3 data-start=\"91\" data-end=\"139\">\ud83d\udc56 Damskie dresy <strong data-start=\"112\" data-end=\"137\">\u201eNic mi si\u0119 nie chce\u201d<\/strong><\/h3>\n<p data-start=\"141\" data-end=\"394\">Wygodne, mi\u0119kkie i pe\u0142ne luzu \u2013 damskie dresy <strong data-start=\"187\" data-end=\"212\">\u201eNic mi si\u0119 nie chce\u201d<\/strong> to idealny wyb\u00f3r na leniwe dni, spacer, trening lub relaks w domu. \ud83d\ude0c<br data-start=\"282\" data-end=\"285\" \/>Wykonane z przyjemnej w dotyku, elastycznej dzianiny, zapewniaj\u0105 komfort i swobod\u0119 ruch\u00f3w przez ca\u0142y dzie\u0144.<\/p>\n<p data-start=\"396\" data-end=\"573\">Elastyczny pas, \u015bci\u0105gacze przy nogawkach i lu\u017any kr\u00f3j gwarantuj\u0105 idealne dopasowanie, a humorystyczny nadruk <strong data-start=\"505\" data-end=\"530\">\u201eNic mi si\u0119 nie chce\u201d<\/strong> dodaje stylu i dystansu do codzienno\u015bci.<\/p>\n","protected":false},"excerpt":{"rendered":"<p><strong data-start=\"86\" data-end=\"149\">Damskie dresy \u201eNic mi si\u0119 nie chce\u201d \u2013 wygodne i pe\u0142ne luzu.<\/strong><br data-start=\"149\" data-end=\"152\" \/>Mi\u0119kka dzianina, elastyczny pas i humorystyczny nadruk zapewniaj\u0105 komfort podczas leniwych dni i codziennych stylizacji. \ud83d\ude34<\/p>\n","protected":false},"featured_media":1129,"comment_status":"open","ping_status":"closed","template":"","meta":{"site-sidebar-layout":"default","site-content-layout":"","ast-site-content-layout":"default","site-content-style":"default","site-sidebar-style":"default","ast-global-header-display":"","ast-banner-title-visibility":"","ast-main-header-display":"","ast-hfb-above-header-display":"","ast-hfb-below-header-display":"","ast-hfb-mobile-header-display":"","site-post-title":"","ast-breadcrumbs-content":"","ast-featured-img":"","footer-sml-layout":"","theme-transparent-header-meta":"default","adv-header-id-meta":"","stick-header-meta":"","header-above-stick-meta":"","header-main-stick-meta":"","header-below-stick-meta":"","astra-migrate-meta-layouts":"set","ast-page-background-enabled":"default","ast-page-background-meta":{"desktop":{"background-color":"var(--ast-global-color-5)","background-image":"","background-repeat":"repeat","background-position":"center center","background-size":"auto","background-attachment":"scroll","background-type":"","background-media":"","overlay-type":"","overlay-color":"","overlay-opacity":"","overlay-gradient":""},"tablet":{"background-color":"","background-image":"","background-repeat":"repeat","background-position":"center center","background-size":"auto","background-attachment":"scroll","background-type":"","background-media":"","overlay-type":"","overlay-color":"","overlay-opacity":"","overlay-gradient":""},"mobile":{"background-color":"","background-image":"","background-repeat":"repeat","background-position":"center center","background-size":"auto","background-attachment":"scroll","background-type":"","background-media":"","overlay-type":"","overlay-color":"","overlay-opacity":"","overlay-gradient":""}},"ast-content-background-meta":{"desktop":{"background-color":"var(--ast-global-color-4)","background-image":"","background-repeat":"repeat","background-position":"center center","background-size":"auto","background-attachment":"scroll","background-type":"","background-media":"","overlay-type":"","overlay-color":"","overlay-opacity":"","overlay-gradient":""},"tablet":{"background-color":"var(--ast-global-color-4)","background-image":"","background-repeat":"repeat","background-position":"center center","background-size":"auto","background-attachment":"scroll","background-type":"","background-media":"","overlay-type":"","overlay-color":"","overlay-opacity":"","overlay-gradient":""},"mobile":{"background-color":"var(--ast-global-color-4)","background-image":"","background-repeat":"repeat","background-position":"center center","background-size":"auto","background-attachment":"scroll","background-type":"","background-media":"","overlay-type":"","overlay-color":"","overlay-opacity":"","overlay-gradient":""}}},"product_brand":[],"product_cat":[34],"product_tag":[103,105,94,110,114,115],"class_list":{"0":"post-1128","1":"product","2":"type-product","3":"status-publish","4":"has-post-thumbnail","6":"product_cat-spodnie-dresowe","7":"product_tag-kot","8":"product_tag-koty","9":"product_tag-nic-mi-sie-nie-chce","10":"product_tag-odziez-damska","11":"product_tag-spodnie","12":"product_tag-spodnie-dresowe","13":"desktop-align-left","14":"tablet-align-left","15":"mobile-align-left","17":"first","18":"instock","19":"taxable","20":"shipping-taxable","21":"purchasable","22":"product-type-variable","23":"wvs-archive-product-wrapper"},"_links":{"self":[{"href":"https:\/\/outfit.zikoway.pl\/index.php?rest_route=\/wp\/v2\/product\/1128","targetHints":{"allow":["GET"]}}],"collection":[{"href":"https:\/\/outfit.zikoway.pl\/index.php?rest_route=\/wp\/v2\/product"}],"about":[{"href":"https:\/\/outfit.zikoway.pl\/index.php?rest_route=\/wp\/v2\/types\/product"}],"replies":[{"embeddable":true,"href":"https:\/\/outfit.zikoway.pl\/index.php?rest_route=%2Fwp%2Fv2%2Fcomments&post=1128"}],"wp:featuredmedia":[{"embeddable":true,"href":"https:\/\/outfit.zikoway.pl\/index.php?rest_route=\/wp\/v2\/media\/1129"}],"wp:attachment":[{"href":"https:\/\/outfit.zikoway.pl\/index.php?rest_route=%2Fwp%2Fv2%2Fmedia&parent=1128"}],"wp:term":[{"taxonomy":"product_brand","embeddable":true,"href":"https:\/\/outfit.zikoway.pl\/index.php?rest_route=%2Fwp%2Fv2%2Fproduct_brand&post=1128"},{"taxonomy":"product_cat","embeddable":true,"href":"https:\/\/outfit.zikoway.pl\/index.php?rest_route=%2Fwp%2Fv2%2Fproduct_cat&post=1128"},{"taxonomy":"product_tag","embeddable":true,"href":"https:\/\/outfit.zikoway.pl\/index.php?rest_route=%2Fwp%2Fv2%2Fproduct_tag&post=1128"}],"curies":[{"name":"wp","href":"https:\/\/api.w.org\/{rel}","templated":true}]}}