{"id":1106,"date":"2025-11-01T11:36:04","date_gmt":"2025-11-01T10:36:04","guid":{"rendered":"https:\/\/outfit.zikoway.pl\/?post_type=product&#038;p=1106"},"modified":"2025-11-01T11:36:04","modified_gmt":"2025-11-01T10:36:04","slug":"spodenki-damskie-nic-mi-sie-nie-chce","status":"publish","type":"product","link":"https:\/\/outfit.zikoway.pl\/?product=spodenki-damskie-nic-mi-sie-nie-chce","title":{"rendered":"Spodenki damskie &#8222;Nic mi si\u0119 nie chce&#8221;"},"content":{"rendered":"<h3 data-start=\"88\" data-end=\"139\">\ud83e\ude73 Damskie spodenki <strong data-start=\"112\" data-end=\"137\">\u201eNic mi si\u0119 nie chce\u201d<\/strong><\/h3>\n<p data-start=\"141\" data-end=\"384\">Wygodne, lekkie i pe\u0142ne luzu \u2013 damskie spodenki <strong data-start=\"189\" data-end=\"214\">\u201eNic mi si\u0119 nie chce\u201d<\/strong> to idealny wyb\u00f3r na leniwe dni, letnie spacery czy relaks w domu. \ud83d\ude0c<br data-start=\"283\" data-end=\"286\" \/>Wykonane z mi\u0119kkiej, oddychaj\u0105cej tkaniny, zapewniaj\u0105 komfort i swobod\u0119 ruch\u00f3w przez ca\u0142y dzie\u0144.<\/p>\n<p data-start=\"386\" data-end=\"544\">Lu\u017any kr\u00f3j i elastyczny pas gwarantuj\u0105 wygodne dopasowanie, a nadruk <strong data-start=\"455\" data-end=\"480\">\u201eNic mi si\u0119 nie chce\u201d<\/strong> dodaje charakteru i odrobiny humoru do casualowej stylizacji.<\/p>\n","protected":false},"excerpt":{"rendered":"<p><strong data-start=\"88\" data-end=\"162\">Damskie spodenki \u201eNic mi si\u0119 nie chce\u201d \u2013 lekkie, wygodne i pe\u0142ne luzu.<\/strong><br data-start=\"162\" data-end=\"165\" \/>Mi\u0119kka tkanina i elastyczny pas zapewniaj\u0105 komfort podczas leniwych dni i casualowych stylizacji. \ud83d\ude34<\/p>\n","protected":false},"featured_media":1107,"comment_status":"open","ping_status":"closed","template":"","meta":{"site-sidebar-layout":"default","site-content-layout":"","ast-site-content-layout":"default","site-content-style":"default","site-sidebar-style":"default","ast-global-header-display":"","ast-banner-title-visibility":"","ast-main-header-display":"","ast-hfb-above-header-display":"","ast-hfb-below-header-display":"","ast-hfb-mobile-header-display":"","site-post-title":"","ast-breadcrumbs-content":"","ast-featured-img":"","footer-sml-layout":"","theme-transparent-header-meta":"default","adv-header-id-meta":"","stick-header-meta":"","header-above-stick-meta":"","header-main-stick-meta":"","header-below-stick-meta":"","astra-migrate-meta-layouts":"set","ast-page-background-enabled":"default","ast-page-background-meta":{"desktop":{"background-color":"var(--ast-global-color-5)","background-image":"","background-repeat":"repeat","background-position":"center center","background-size":"auto","background-attachment":"scroll","background-type":"","background-media":"","overlay-type":"","overlay-color":"","overlay-opacity":"","overlay-gradient":""},"tablet":{"background-color":"","background-image":"","background-repeat":"repeat","background-position":"center center","background-size":"auto","background-attachment":"scroll","background-type":"","background-media":"","overlay-type":"","overlay-color":"","overlay-opacity":"","overlay-gradient":""},"mobile":{"background-color":"","background-image":"","background-repeat":"repeat","background-position":"center center","background-size":"auto","background-attachment":"scroll","background-type":"","background-media":"","overlay-type":"","overlay-color":"","overlay-opacity":"","overlay-gradient":""}},"ast-content-background-meta":{"desktop":{"background-color":"var(--ast-global-color-4)","background-image":"","background-repeat":"repeat","background-position":"center center","background-size":"auto","background-attachment":"scroll","background-type":"","background-media":"","overlay-type":"","overlay-color":"","overlay-opacity":"","overlay-gradient":""},"tablet":{"background-color":"var(--ast-global-color-4)","background-image":"","background-repeat":"repeat","background-position":"center center","background-size":"auto","background-attachment":"scroll","background-type":"","background-media":"","overlay-type":"","overlay-color":"","overlay-opacity":"","overlay-gradient":""},"mobile":{"background-color":"var(--ast-global-color-4)","background-image":"","background-repeat":"repeat","background-position":"center center","background-size":"auto","background-attachment":"scroll","background-type":"","background-media":"","overlay-type":"","overlay-color":"","overlay-opacity":"","overlay-gradient":""}}},"product_brand":[],"product_cat":[33],"product_tag":[103,105,94,110,83],"class_list":{"0":"post-1106","1":"product","2":"type-product","3":"status-publish","4":"has-post-thumbnail","6":"product_cat-spodenki","7":"product_tag-kot","8":"product_tag-koty","9":"product_tag-nic-mi-sie-nie-chce","10":"product_tag-odziez-damska","11":"product_tag-spodenki","12":"desktop-align-left","13":"tablet-align-left","14":"mobile-align-left","16":"first","17":"instock","18":"taxable","19":"shipping-taxable","20":"purchasable","21":"product-type-variable","22":"wvs-archive-product-wrapper"},"_links":{"self":[{"href":"https:\/\/outfit.zikoway.pl\/index.php?rest_route=\/wp\/v2\/product\/1106","targetHints":{"allow":["GET"]}}],"collection":[{"href":"https:\/\/outfit.zikoway.pl\/index.php?rest_route=\/wp\/v2\/product"}],"about":[{"href":"https:\/\/outfit.zikoway.pl\/index.php?rest_route=\/wp\/v2\/types\/product"}],"replies":[{"embeddable":true,"href":"https:\/\/outfit.zikoway.pl\/index.php?rest_route=%2Fwp%2Fv2%2Fcomments&post=1106"}],"wp:featuredmedia":[{"embeddable":true,"href":"https:\/\/outfit.zikoway.pl\/index.php?rest_route=\/wp\/v2\/media\/1107"}],"wp:attachment":[{"href":"https:\/\/outfit.zikoway.pl\/index.php?rest_route=%2Fwp%2Fv2%2Fmedia&parent=1106"}],"wp:term":[{"taxonomy":"product_brand","embeddable":true,"href":"https:\/\/outfit.zikoway.pl\/index.php?rest_route=%2Fwp%2Fv2%2Fproduct_brand&post=1106"},{"taxonomy":"product_cat","embeddable":true,"href":"https:\/\/outfit.zikoway.pl\/index.php?rest_route=%2Fwp%2Fv2%2Fproduct_cat&post=1106"},{"taxonomy":"product_tag","embeddable":true,"href":"https:\/\/outfit.zikoway.pl\/index.php?rest_route=%2Fwp%2Fv2%2Fproduct_tag&post=1106"}],"curies":[{"name":"wp","href":"https:\/\/api.w.org\/{rel}","templated":true}]}}