{"id":1070,"date":"2025-11-01T10:47:43","date_gmt":"2025-11-01T09:47:43","guid":{"rendered":"https:\/\/outfit.zikoway.pl\/?post_type=product&#038;p=1070"},"modified":"2025-11-01T10:47:43","modified_gmt":"2025-11-01T09:47:43","slug":"sukienka-dresowa-z-kapturem-nic-mi-sie-nie-chce","status":"publish","type":"product","link":"https:\/\/outfit.zikoway.pl\/?product=sukienka-dresowa-z-kapturem-nic-mi-sie-nie-chce","title":{"rendered":"Sukienka dresowa z kapturem &#8222;Nic mi si\u0119 nie chce&#8221;"},"content":{"rendered":"<h3 data-start=\"113\" data-end=\"182\">\ud83d\ude34 Damska sukienka dresowa z kapturem <strong data-start=\"155\" data-end=\"180\">\u201eNic mi si\u0119 nie chce\u201d<\/strong><\/h3>\n<p data-start=\"184\" data-end=\"460\">Wygoda, styl i odrobina humoru w jednym! Sukienka dresowa <strong data-start=\"242\" data-end=\"267\">\u201eNic mi si\u0119 nie chce\u201d<\/strong> to idealny wyb\u00f3r na leniwe dni, weekendowy chill czy lu\u017ane wyj\u015bcia z przyjaci\u00f3\u0142mi.<br data-start=\"350\" data-end=\"353\" \/>Wykonana z mi\u0119kkiej, elastycznej dzianiny, otula komfortem i pozwala czu\u0107 si\u0119 swobodnie przez ca\u0142y dzie\u0144.<\/p>\n<p data-start=\"462\" data-end=\"616\">Lu\u017any kr\u00f3j z praktycznym kapturem i kieszeni\u0105 typu kangur podkre\u015bla casualowy charakter, a nadruk <strong data-start=\"560\" data-end=\"585\">\u201eNic mi si\u0119 nie chce\u201d<\/strong> dodaje jej uroku i dystansu.<\/p>\n","protected":false},"excerpt":{"rendered":"<p data-start=\"95\" data-end=\"276\"><strong data-start=\"95\" data-end=\"183\">Sukienka dresowa z kapturem \u201eNic mi si\u0119 nie chce\u201d \u2013 wygoda i luz w kobiecym wydaniu.<\/strong><br data-start=\"183\" data-end=\"186\" \/>Mi\u0119kka, ciep\u0142a i idealna na leniwe dni, \u0142\u0105czy styl casualowy z maksymalnym komfortem. \ud83d\ude34<\/p>\n","protected":false},"featured_media":1071,"comment_status":"open","ping_status":"closed","template":"","meta":{"site-sidebar-layout":"default","site-content-layout":"","ast-site-content-layout":"default","site-content-style":"default","site-sidebar-style":"default","ast-global-header-display":"","ast-banner-title-visibility":"","ast-main-header-display":"","ast-hfb-above-header-display":"","ast-hfb-below-header-display":"","ast-hfb-mobile-header-display":"","site-post-title":"","ast-breadcrumbs-content":"","ast-featured-img":"","footer-sml-layout":"","theme-transparent-header-meta":"default","adv-header-id-meta":"","stick-header-meta":"","header-above-stick-meta":"","header-main-stick-meta":"","header-below-stick-meta":"","astra-migrate-meta-layouts":"set","ast-page-background-enabled":"default","ast-page-background-meta":{"desktop":{"background-color":"var(--ast-global-color-5)","background-image":"","background-repeat":"repeat","background-position":"center center","background-size":"auto","background-attachment":"scroll","background-type":"","background-media":"","overlay-type":"","overlay-color":"","overlay-opacity":"","overlay-gradient":""},"tablet":{"background-color":"","background-image":"","background-repeat":"repeat","background-position":"center center","background-size":"auto","background-attachment":"scroll","background-type":"","background-media":"","overlay-type":"","overlay-color":"","overlay-opacity":"","overlay-gradient":""},"mobile":{"background-color":"","background-image":"","background-repeat":"repeat","background-position":"center center","background-size":"auto","background-attachment":"scroll","background-type":"","background-media":"","overlay-type":"","overlay-color":"","overlay-opacity":"","overlay-gradient":""}},"ast-content-background-meta":{"desktop":{"background-color":"var(--ast-global-color-4)","background-image":"","background-repeat":"repeat","background-position":"center center","background-size":"auto","background-attachment":"scroll","background-type":"","background-media":"","overlay-type":"","overlay-color":"","overlay-opacity":"","overlay-gradient":""},"tablet":{"background-color":"var(--ast-global-color-4)","background-image":"","background-repeat":"repeat","background-position":"center center","background-size":"auto","background-attachment":"scroll","background-type":"","background-media":"","overlay-type":"","overlay-color":"","overlay-opacity":"","overlay-gradient":""},"mobile":{"background-color":"var(--ast-global-color-4)","background-image":"","background-repeat":"repeat","background-position":"center center","background-size":"auto","background-attachment":"scroll","background-type":"","background-media":"","overlay-type":"","overlay-color":"","overlay-opacity":"","overlay-gradient":""}}},"product_brand":[],"product_cat":[31],"product_tag":[122,103,105,94,110,111],"class_list":{"0":"post-1070","1":"product","2":"type-product","3":"status-publish","4":"has-post-thumbnail","6":"product_cat-sukienki-dresowe-z-kapturem","7":"product_tag-dresy","8":"product_tag-kot","9":"product_tag-koty","10":"product_tag-nic-mi-sie-nie-chce","11":"product_tag-odziez-damska","12":"product_tag-sukienka","13":"desktop-align-left","14":"tablet-align-left","15":"mobile-align-left","17":"first","18":"instock","19":"taxable","20":"shipping-taxable","21":"purchasable","22":"product-type-variable","23":"wvs-archive-product-wrapper"},"_links":{"self":[{"href":"https:\/\/outfit.zikoway.pl\/index.php?rest_route=\/wp\/v2\/product\/1070","targetHints":{"allow":["GET"]}}],"collection":[{"href":"https:\/\/outfit.zikoway.pl\/index.php?rest_route=\/wp\/v2\/product"}],"about":[{"href":"https:\/\/outfit.zikoway.pl\/index.php?rest_route=\/wp\/v2\/types\/product"}],"replies":[{"embeddable":true,"href":"https:\/\/outfit.zikoway.pl\/index.php?rest_route=%2Fwp%2Fv2%2Fcomments&post=1070"}],"wp:featuredmedia":[{"embeddable":true,"href":"https:\/\/outfit.zikoway.pl\/index.php?rest_route=\/wp\/v2\/media\/1071"}],"wp:attachment":[{"href":"https:\/\/outfit.zikoway.pl\/index.php?rest_route=%2Fwp%2Fv2%2Fmedia&parent=1070"}],"wp:term":[{"taxonomy":"product_brand","embeddable":true,"href":"https:\/\/outfit.zikoway.pl\/index.php?rest_route=%2Fwp%2Fv2%2Fproduct_brand&post=1070"},{"taxonomy":"product_cat","embeddable":true,"href":"https:\/\/outfit.zikoway.pl\/index.php?rest_route=%2Fwp%2Fv2%2Fproduct_cat&post=1070"},{"taxonomy":"product_tag","embeddable":true,"href":"https:\/\/outfit.zikoway.pl\/index.php?rest_route=%2Fwp%2Fv2%2Fproduct_tag&post=1070"}],"curies":[{"name":"wp","href":"https:\/\/api.w.org\/{rel}","templated":true}]}}