{"id":1046,"date":"2025-11-01T10:35:45","date_gmt":"2025-11-01T09:35:45","guid":{"rendered":"https:\/\/outfit.zikoway.pl\/?post_type=product&#038;p=1046"},"modified":"2025-11-01T10:35:45","modified_gmt":"2025-11-01T09:35:45","slug":"bluza-damska-bez-kaptura-nic-mi-sie-nie-chce","status":"publish","type":"product","link":"https:\/\/outfit.zikoway.pl\/?product=bluza-damska-bez-kaptura-nic-mi-sie-nie-chce","title":{"rendered":"Bluza damska bez kaptura &#8222;Nic mi si\u0119 nie chce&#8221;"},"content":{"rendered":"<h3 data-start=\"97\" data-end=\"156\">\ud83d\ude34 Damska bluza bez kaptura <strong data-start=\"129\" data-end=\"154\">\u201eNic mi si\u0119 nie chce\u201d<\/strong><\/h3>\n<p data-start=\"158\" data-end=\"412\">Mi\u0119kka, wygodna i z przymru\u017ceniem oka \u2013 bluza <strong data-start=\"204\" data-end=\"229\">\u201eNic mi si\u0119 nie chce\u201d<\/strong> to idealny wyb\u00f3r na leniwe dni i spokojne wieczory.<br data-start=\"281\" data-end=\"284\" \/>Wykonana z przyjemnej w dotyku dzianiny, zapewnia komfort i ciep\u0142o, a lu\u017any kr\u00f3j sprawia, \u017ce \u015bwietnie le\u017cy na ka\u017cdej sylwetce.<\/p>\n<p data-start=\"414\" data-end=\"578\">Wyrazisty nadruk <strong data-start=\"431\" data-end=\"456\">\u201eNic mi si\u0119 nie chce\u201d<\/strong> dodaje charakteru i odrobiny humoru do codziennych stylizacji. Doskona\u0142a do noszenia w domu, na spacerze czy w podr\u00f3\u017cy.<\/p>\n","protected":false},"excerpt":{"rendered":"<p><strong data-start=\"93\" data-end=\"162\">Damska bluza \u201eNic mi si\u0119 nie chce\u201d \u2013 mi\u0119kka, wygodna i z humorem.<\/strong><br data-start=\"162\" data-end=\"165\" \/>Idealna na leniwe dni i codzienny luz, zapewnia komfort i \u015bwietny nastr\u00f3j ka\u017cdego dnia. \ud83d\ude34<\/p>\n","protected":false},"featured_media":1047,"comment_status":"open","ping_status":"closed","template":"","meta":{"site-sidebar-layout":"default","site-content-layout":"","ast-site-content-layout":"default","site-content-style":"default","site-sidebar-style":"default","ast-global-header-display":"","ast-banner-title-visibility":"","ast-main-header-display":"","ast-hfb-above-header-display":"","ast-hfb-below-header-display":"","ast-hfb-mobile-header-display":"","site-post-title":"","ast-breadcrumbs-content":"","ast-featured-img":"","footer-sml-layout":"","theme-transparent-header-meta":"default","adv-header-id-meta":"","stick-header-meta":"","header-above-stick-meta":"","header-main-stick-meta":"","header-below-stick-meta":"","astra-migrate-meta-layouts":"set","ast-page-background-enabled":"default","ast-page-background-meta":{"desktop":{"background-color":"var(--ast-global-color-5)","background-image":"","background-repeat":"repeat","background-position":"center center","background-size":"auto","background-attachment":"scroll","background-type":"","background-media":"","overlay-type":"","overlay-color":"","overlay-opacity":"","overlay-gradient":""},"tablet":{"background-color":"","background-image":"","background-repeat":"repeat","background-position":"center center","background-size":"auto","background-attachment":"scroll","background-type":"","background-media":"","overlay-type":"","overlay-color":"","overlay-opacity":"","overlay-gradient":""},"mobile":{"background-color":"","background-image":"","background-repeat":"repeat","background-position":"center center","background-size":"auto","background-attachment":"scroll","background-type":"","background-media":"","overlay-type":"","overlay-color":"","overlay-opacity":"","overlay-gradient":""}},"ast-content-background-meta":{"desktop":{"background-color":"var(--ast-global-color-4)","background-image":"","background-repeat":"repeat","background-position":"center center","background-size":"auto","background-attachment":"scroll","background-type":"","background-media":"","overlay-type":"","overlay-color":"","overlay-opacity":"","overlay-gradient":""},"tablet":{"background-color":"var(--ast-global-color-4)","background-image":"","background-repeat":"repeat","background-position":"center center","background-size":"auto","background-attachment":"scroll","background-type":"","background-media":"","overlay-type":"","overlay-color":"","overlay-opacity":"","overlay-gradient":""},"mobile":{"background-color":"var(--ast-global-color-4)","background-image":"","background-repeat":"repeat","background-position":"center center","background-size":"auto","background-attachment":"scroll","background-type":"","background-media":"","overlay-type":"","overlay-color":"","overlay-opacity":"","overlay-gradient":""}}},"product_brand":[],"product_cat":[29],"product_tag":[74,120,109,103,105,94,110],"class_list":{"0":"post-1046","1":"product","2":"type-product","3":"status-publish","4":"has-post-thumbnail","6":"product_cat-bluzy-bez-kaptura","7":"product_tag-bluza","8":"product_tag-bluza-bez-kaptura","9":"product_tag-bluza-damska","10":"product_tag-kot","11":"product_tag-koty","12":"product_tag-nic-mi-sie-nie-chce","13":"product_tag-odziez-damska","14":"desktop-align-left","15":"tablet-align-left","16":"mobile-align-left","18":"first","19":"instock","20":"taxable","21":"shipping-taxable","22":"purchasable","23":"product-type-variable","24":"wvs-archive-product-wrapper"},"_links":{"self":[{"href":"https:\/\/outfit.zikoway.pl\/index.php?rest_route=\/wp\/v2\/product\/1046","targetHints":{"allow":["GET"]}}],"collection":[{"href":"https:\/\/outfit.zikoway.pl\/index.php?rest_route=\/wp\/v2\/product"}],"about":[{"href":"https:\/\/outfit.zikoway.pl\/index.php?rest_route=\/wp\/v2\/types\/product"}],"replies":[{"embeddable":true,"href":"https:\/\/outfit.zikoway.pl\/index.php?rest_route=%2Fwp%2Fv2%2Fcomments&post=1046"}],"wp:featuredmedia":[{"embeddable":true,"href":"https:\/\/outfit.zikoway.pl\/index.php?rest_route=\/wp\/v2\/media\/1047"}],"wp:attachment":[{"href":"https:\/\/outfit.zikoway.pl\/index.php?rest_route=%2Fwp%2Fv2%2Fmedia&parent=1046"}],"wp:term":[{"taxonomy":"product_brand","embeddable":true,"href":"https:\/\/outfit.zikoway.pl\/index.php?rest_route=%2Fwp%2Fv2%2Fproduct_brand&post=1046"},{"taxonomy":"product_cat","embeddable":true,"href":"https:\/\/outfit.zikoway.pl\/index.php?rest_route=%2Fwp%2Fv2%2Fproduct_cat&post=1046"},{"taxonomy":"product_tag","embeddable":true,"href":"https:\/\/outfit.zikoway.pl\/index.php?rest_route=%2Fwp%2Fv2%2Fproduct_tag&post=1046"}],"curies":[{"name":"wp","href":"https:\/\/api.w.org\/{rel}","templated":true}]}}