{"id":1040,"date":"2025-11-01T10:19:35","date_gmt":"2025-11-01T09:19:35","guid":{"rendered":"https:\/\/outfit.zikoway.pl\/?post_type=product&#038;p=1040"},"modified":"2025-11-01T10:19:35","modified_gmt":"2025-11-01T09:19:35","slug":"bluza-damska-rozpinana-z-kapturem-nic-mi-sie-nie-chce","status":"publish","type":"product","link":"https:\/\/outfit.zikoway.pl\/?product=bluza-damska-rozpinana-z-kapturem-nic-mi-sie-nie-chce","title":{"rendered":"Bluza damska rozpinana z kapturem &#8222;Nic mi si\u0119 nie chce&#8221;"},"content":{"rendered":"<h3 data-start=\"152\" data-end=\"220\">\ud83d\ude34 Damska bluza rozpinana z kapturem <strong data-start=\"193\" data-end=\"218\">\u201eNic mi si\u0119 nie chce\u201d<\/strong><\/h3>\n<p data-start=\"222\" data-end=\"502\">Wygoda, styl i odrobina humoru w jednym! Bluza <strong data-start=\"269\" data-end=\"294\">\u201eNic mi si\u0119 nie chce\u201d<\/strong> to idealny wyb\u00f3r na leniwe dni, weekendowy chill i codzienne stylizacje.<br data-start=\"367\" data-end=\"370\" \/>Mi\u0119kka, ciep\u0142a dzianina otuli Ci\u0119 przyjemnie w ch\u0142odniejsze dni, a praktyczny zamek i kaptur z regulacj\u0105 zapewni\u0105 wygod\u0119 noszenia.<\/p>\n<p data-start=\"504\" data-end=\"655\">Wyrazisty nadruk <strong data-start=\"521\" data-end=\"546\">\u201eNic mi si\u0119 nie chce\u201d<\/strong> dodaje charakteru i pokazuje, \u017ce masz do siebie dystans. \u015awietnie pasuje do dres\u00f3w, jeans\u00f3w czy leggins\u00f3w.<\/p>\n","protected":false},"excerpt":{"rendered":"<p><strong data-start=\"107\" data-end=\"180\">Damska bluza rozpinana \u201eNic mi si\u0119 nie chce\u201d \u2013 wygoda i luz w jednym.<\/strong><br data-start=\"180\" data-end=\"183\" \/>Mi\u0119kka, ciep\u0142a i praktyczna, idealna na leniwe dni i codzienne stylizacje z odrobin\u0105 humoru.<\/p>\n","protected":false},"featured_media":1038,"comment_status":"open","ping_status":"closed","template":"","meta":{"site-sidebar-layout":"default","site-content-layout":"","ast-site-content-layout":"default","site-content-style":"default","site-sidebar-style":"default","ast-global-header-display":"","ast-banner-title-visibility":"","ast-main-header-display":"","ast-hfb-above-header-display":"","ast-hfb-below-header-display":"","ast-hfb-mobile-header-display":"","site-post-title":"","ast-breadcrumbs-content":"","ast-featured-img":"","footer-sml-layout":"","theme-transparent-header-meta":"default","adv-header-id-meta":"","stick-header-meta":"","header-above-stick-meta":"","header-main-stick-meta":"","header-below-stick-meta":"","astra-migrate-meta-layouts":"set","ast-page-background-enabled":"default","ast-page-background-meta":{"desktop":{"background-color":"var(--ast-global-color-5)","background-image":"","background-repeat":"repeat","background-position":"center center","background-size":"auto","background-attachment":"scroll","background-type":"","background-media":"","overlay-type":"","overlay-color":"","overlay-opacity":"","overlay-gradient":""},"tablet":{"background-color":"","background-image":"","background-repeat":"repeat","background-position":"center center","background-size":"auto","background-attachment":"scroll","background-type":"","background-media":"","overlay-type":"","overlay-color":"","overlay-opacity":"","overlay-gradient":""},"mobile":{"background-color":"","background-image":"","background-repeat":"repeat","background-position":"center center","background-size":"auto","background-attachment":"scroll","background-type":"","background-media":"","overlay-type":"","overlay-color":"","overlay-opacity":"","overlay-gradient":""}},"ast-content-background-meta":{"desktop":{"background-color":"var(--ast-global-color-4)","background-image":"","background-repeat":"repeat","background-position":"center center","background-size":"auto","background-attachment":"scroll","background-type":"","background-media":"","overlay-type":"","overlay-color":"","overlay-opacity":"","overlay-gradient":""},"tablet":{"background-color":"var(--ast-global-color-4)","background-image":"","background-repeat":"repeat","background-position":"center center","background-size":"auto","background-attachment":"scroll","background-type":"","background-media":"","overlay-type":"","overlay-color":"","overlay-opacity":"","overlay-gradient":""},"mobile":{"background-color":"var(--ast-global-color-4)","background-image":"","background-repeat":"repeat","background-position":"center center","background-size":"auto","background-attachment":"scroll","background-type":"","background-media":"","overlay-type":"","overlay-color":"","overlay-opacity":"","overlay-gradient":""}}},"product_brand":[],"product_cat":[30],"product_tag":[74,109,121,103,105,94,110],"class_list":{"0":"post-1040","1":"product","2":"type-product","3":"status-publish","4":"has-post-thumbnail","6":"product_cat-bluzy-rozpinane-z-kapturem","7":"product_tag-bluza","8":"product_tag-bluza-damska","9":"product_tag-bluza-rozpinana-z-kapturem","10":"product_tag-kot","11":"product_tag-koty","12":"product_tag-nic-mi-sie-nie-chce","13":"product_tag-odziez-damska","14":"desktop-align-left","15":"tablet-align-left","16":"mobile-align-left","18":"first","19":"instock","20":"taxable","21":"shipping-taxable","22":"purchasable","23":"product-type-variable","24":"wvs-archive-product-wrapper"},"_links":{"self":[{"href":"https:\/\/outfit.zikoway.pl\/index.php?rest_route=\/wp\/v2\/product\/1040","targetHints":{"allow":["GET"]}}],"collection":[{"href":"https:\/\/outfit.zikoway.pl\/index.php?rest_route=\/wp\/v2\/product"}],"about":[{"href":"https:\/\/outfit.zikoway.pl\/index.php?rest_route=\/wp\/v2\/types\/product"}],"replies":[{"embeddable":true,"href":"https:\/\/outfit.zikoway.pl\/index.php?rest_route=%2Fwp%2Fv2%2Fcomments&post=1040"}],"wp:featuredmedia":[{"embeddable":true,"href":"https:\/\/outfit.zikoway.pl\/index.php?rest_route=\/wp\/v2\/media\/1038"}],"wp:attachment":[{"href":"https:\/\/outfit.zikoway.pl\/index.php?rest_route=%2Fwp%2Fv2%2Fmedia&parent=1040"}],"wp:term":[{"taxonomy":"product_brand","embeddable":true,"href":"https:\/\/outfit.zikoway.pl\/index.php?rest_route=%2Fwp%2Fv2%2Fproduct_brand&post=1040"},{"taxonomy":"product_cat","embeddable":true,"href":"https:\/\/outfit.zikoway.pl\/index.php?rest_route=%2Fwp%2Fv2%2Fproduct_cat&post=1040"},{"taxonomy":"product_tag","embeddable":true,"href":"https:\/\/outfit.zikoway.pl\/index.php?rest_route=%2Fwp%2Fv2%2Fproduct_tag&post=1040"}],"curies":[{"name":"wp","href":"https:\/\/api.w.org\/{rel}","templated":true}]}}