{"id":1529,"date":"2025-11-05T10:53:39","date_gmt":"2025-11-05T09:53:39","guid":{"rendered":"https:\/\/outfit.zikoway.pl\/?page_id=1529"},"modified":"2025-11-05T11:28:09","modified_gmt":"2025-11-05T10:28:09","slug":"o-nas","status":"publish","type":"page","link":"https:\/\/outfit.zikoway.pl\/?page_id=1529","title":{"rendered":"O nas"},"content":{"rendered":"\t\t<div data-elementor-type=\"wp-page\" data-elementor-id=\"1529\" class=\"elementor elementor-1529\" data-elementor-post-type=\"page\">\n\t\t\t\t<div class=\"elementor-element elementor-element-d8e2e20 e-con-full e-flex e-con e-parent\" data-id=\"d8e2e20\" data-element_type=\"container\" data-settings=\"{&quot;background_background&quot;:&quot;classic&quot;,&quot;_ob_use_container_extras&quot;:&quot;no&quot;,&quot;_ob_column_hoveranimator&quot;:&quot;no&quot;,&quot;_ob_glider_is_slider&quot;:&quot;no&quot;,&quot;_ob_column_has_pseudo&quot;:&quot;no&quot;}\">\n\t\t\t\t<\/div>\n\t\t<div class=\"elementor-element elementor-element-5db902b e-con-full e-flex e-con e-parent\" data-id=\"5db902b\" data-element_type=\"container\" data-settings=\"{&quot;_ob_use_container_extras&quot;:&quot;no&quot;,&quot;_ob_column_hoveranimator&quot;:&quot;no&quot;,&quot;_ob_glider_is_slider&quot;:&quot;no&quot;,&quot;_ob_column_has_pseudo&quot;:&quot;no&quot;}\">\n\t\t\t\t<div class=\"elementor-element elementor-element-7b6d19c ob-harakiri-inherit ob-has-background-overlay elementor-widget elementor-widget-heading\" data-id=\"7b6d19c\" data-element_type=\"widget\" data-settings=\"{&quot;_ob_use_harakiri&quot;:&quot;yes&quot;,&quot;_ob_harakiri_writing_mode&quot;:&quot;inherit&quot;,&quot;_ob_harakiri_text_clip&quot;:&quot;none&quot;,&quot;_ob_perspektive_use&quot;:&quot;no&quot;,&quot;_ob_poopart_use&quot;:&quot;yes&quot;,&quot;_ob_shadough_use&quot;:&quot;no&quot;,&quot;_ob_allow_hoveranimator&quot;:&quot;no&quot;,&quot;_ob_widget_stalker_use&quot;:&quot;no&quot;}\" data-widget_type=\"heading.default\">\n\t\t\t\t\t<h2 class=\"elementor-heading-title elementor-size-default\">W skr\u00f3cie o nas<\/h2>\t\t\t\t<\/div>\n\t\t\t\t<\/div>\n\t\t<div class=\"elementor-element elementor-element-4fcb023 e-con-full e-flex e-con e-parent\" data-id=\"4fcb023\" data-element_type=\"container\" data-settings=\"{&quot;_ob_use_container_extras&quot;:&quot;no&quot;,&quot;_ob_column_hoveranimator&quot;:&quot;no&quot;,&quot;_ob_glider_is_slider&quot;:&quot;no&quot;,&quot;_ob_column_has_pseudo&quot;:&quot;no&quot;}\">\n\t\t<div class=\"elementor-element elementor-element-121df21 e-con-full e-flex e-con e-child\" data-id=\"121df21\" data-element_type=\"container\" data-settings=\"{&quot;background_background&quot;:&quot;classic&quot;,&quot;_ob_use_container_extras&quot;:&quot;no&quot;,&quot;_ob_column_hoveranimator&quot;:&quot;no&quot;,&quot;_ob_glider_is_slider&quot;:&quot;no&quot;,&quot;_ob_column_has_pseudo&quot;:&quot;no&quot;}\">\n\t\t\t\t<div class=\"elementor-element elementor-element-05b604b ob-has-background-overlay elementor-widget elementor-widget-image\" data-id=\"05b604b\" data-element_type=\"widget\" data-settings=\"{&quot;_ob_photomorph_use&quot;:&quot;no&quot;,&quot;_ob_perspektive_use&quot;:&quot;no&quot;,&quot;_ob_poopart_use&quot;:&quot;yes&quot;,&quot;_ob_shadough_use&quot;:&quot;no&quot;,&quot;_ob_allow_hoveranimator&quot;:&quot;no&quot;,&quot;_ob_widget_stalker_use&quot;:&quot;no&quot;}\" data-widget_type=\"image.default\">\n\t\t\t\t\t\t\t\t\t\t\t\t\t\t\t<img fetchpriority=\"high\" decoding=\"async\" width=\"600\" height=\"800\" src=\"https:\/\/outfit.zikoway.pl\/wp-content\/uploads\/2025\/11\/O-NAS-600-x-800-px.png\" class=\"attachment-large size-large wp-image-1533 wvs-archive-product-image\" alt=\"\" srcset=\"https:\/\/outfit.zikoway.pl\/wp-content\/uploads\/2025\/11\/O-NAS-600-x-800-px.png 600w, https:\/\/outfit.zikoway.pl\/wp-content\/uploads\/2025\/11\/O-NAS-600-x-800-px-225x300.png 225w, https:\/\/outfit.zikoway.pl\/wp-content\/uploads\/2025\/11\/O-NAS-600-x-800-px-64x85.png 64w\" sizes=\"(max-width: 600px) 100vw, 600px\" \/>\t\t\t\t\t\t\t\t\t\t\t\t\t\t\t<\/div>\n\t\t\t\t<\/div>\n\t\t<div class=\"elementor-element elementor-element-9ccc798 e-con-full e-flex e-con e-child\" data-id=\"9ccc798\" data-element_type=\"container\" data-settings=\"{&quot;_ob_use_container_extras&quot;:&quot;no&quot;,&quot;_ob_column_hoveranimator&quot;:&quot;no&quot;,&quot;_ob_glider_is_slider&quot;:&quot;no&quot;,&quot;_ob_column_has_pseudo&quot;:&quot;no&quot;}\">\n\t\t\t\t<div class=\"elementor-element elementor-element-bf0bf3e ob-harakiri-inherit ob-has-background-overlay elementor-widget elementor-widget-text-editor\" data-id=\"bf0bf3e\" data-element_type=\"widget\" data-settings=\"{&quot;_ob_use_harakiri&quot;:&quot;yes&quot;,&quot;_ob_harakiri_writing_mode&quot;:&quot;inherit&quot;,&quot;_ob_postman_use&quot;:&quot;no&quot;,&quot;_ob_perspektive_use&quot;:&quot;no&quot;,&quot;_ob_poopart_use&quot;:&quot;yes&quot;,&quot;_ob_shadough_use&quot;:&quot;no&quot;,&quot;_ob_allow_hoveranimator&quot;:&quot;no&quot;,&quot;_ob_widget_stalker_use&quot;:&quot;no&quot;}\" data-widget_type=\"text-editor.default\">\n\t\t\t\t\t\t\t\t\t<p data-start=\"105\" data-end=\"513\"><strong data-start=\"105\" data-end=\"122\">Kim jeste\u015bmy?<\/strong><br data-start=\"122\" data-end=\"125\" \/>Jeste\u015bmy m\u0142od\u0105, dynamiczn\u0105 mark\u0105 odzie\u017cow\u0105, kt\u00f3ra \u0142\u0105czy pasj\u0119 do mody z mo\u017cliwo\u015bciami nowoczesnej technologii druku. Specjalizujemy si\u0119 w <strong data-start=\"263\" data-end=\"290\">odzie\u017cy print-on-demand<\/strong>, co pozwala nam tworzy\u0107 oryginalne wzory na koszulkach, bluzach, spodniach i dodatkach, bez potrzeby magazynowania gotowego towaru. Dzi\u0119ki temu ka\u017cdy produkt jest \u015bwie\u017cy, wyj\u0105tkowy i tworzony z my\u015bl\u0105 o naszych klientach.<\/p><p data-start=\"515\" data-end=\"537\"><strong data-start=\"515\" data-end=\"535\">Co nas wyr\u00f3\u017cnia?<\/strong><\/p><ul data-start=\"538\" data-end=\"928\"><li data-start=\"538\" data-end=\"697\"><p data-start=\"540\" data-end=\"697\"><strong data-start=\"540\" data-end=\"571\">Indywidualizm i kreatywno\u015b\u0107<\/strong> \u2013 nasze wzory powstaj\u0105 w odpowiedzi na aktualne trendy i potrzeby rynku, a ka\u017cdy projekt mo\u017cna dopasowa\u0107 do w\u0142asnego stylu.<\/p><\/li><li data-start=\"698\" data-end=\"802\"><p data-start=\"700\" data-end=\"802\"><strong data-start=\"700\" data-end=\"722\">\u015awiadoma produkcja<\/strong> \u2013 dzi\u0119ki modelowi print-on-demand minimalizujemy odpady i dbamy o \u015brodowisko.<\/p><\/li><li data-start=\"803\" data-end=\"928\"><p data-start=\"805\" data-end=\"928\"><strong data-start=\"805\" data-end=\"825\">Jako\u015b\u0107 i komfort<\/strong> \u2013 stawiamy na materia\u0142y przyjazne dla sk\u00f3ry i trwa\u0142y nadruk, aby ka\u017cdy produkt s\u0142u\u017cy\u0142 jak najd\u0142u\u017cej.<\/p><\/li><\/ul><p data-start=\"930\" data-end=\"1152\"><strong data-start=\"930\" data-end=\"945\">Nasza misja<\/strong><br data-start=\"945\" data-end=\"948\" \/>Chcemy, aby moda by\u0142a dost\u0119pna dla ka\u017cdego, a jednocze\u015bnie pozwala\u0142a wyrazi\u0107 w\u0142asn\u0105 osobowo\u015b\u0107 i pasj\u0119. Nasze produkty maj\u0105 inspirowa\u0107, wyr\u00f3\u017cnia\u0107 i wprowadza\u0107 nut\u0119 kreatywno\u015bci do codziennych stylizacji.<\/p>\t\t\t\t\t\t\t\t<\/div>\n\t\t\t\t<\/div>\n\t\t\t\t<\/div>\n\t\t\t\t<\/div>\n\t\t","protected":false},"excerpt":{"rendered":"<p>W skr\u00f3cie o nas Kim jeste\u015bmy?Jeste\u015bmy m\u0142od\u0105, dynamiczn\u0105 mark\u0105 odzie\u017cow\u0105, kt\u00f3ra \u0142\u0105czy pasj\u0119 do mody z mo\u017cliwo\u015bciami nowoczesnej technologii druku. [&hellip;]<\/p>\n","protected":false},"author":1,"featured_media":0,"parent":0,"menu_order":0,"comment_status":"closed","ping_status":"closed","template":"","meta":{"site-sidebar-layout":"no-sidebar","site-content-layout":"","ast-site-content-layout":"full-width-container","site-content-style":"default","site-sidebar-style":"default","ast-global-header-display":"","ast-banner-title-visibility":"","ast-main-header-display":"","ast-hfb-above-header-display":"","ast-hfb-below-header-display":"","ast-hfb-mobile-header-display":"","site-post-title":"disabled","ast-breadcrumbs-content":"","ast-featured-img":"disabled","footer-sml-layout":"","theme-transparent-header-meta":"","adv-header-id-meta":"","stick-header-meta":"","header-above-stick-meta":"","header-main-stick-meta":"","header-below-stick-meta":"","astra-migrate-meta-layouts":"default","ast-page-background-enabled":"default","ast-page-background-meta":{"desktop":{"background-color":"var(--ast-global-color-5)","background-image":"","background-repeat":"repeat","background-position":"center center","background-size":"auto","background-attachment":"scroll","background-type":"","background-media":"","overlay-type":"","overlay-color":"","overlay-opacity":"","overlay-gradient":""},"tablet":{"background-color":"","background-image":"","background-repeat":"repeat","background-position":"center center","background-size":"auto","background-attachment":"scroll","background-type":"","background-media":"","overlay-type":"","overlay-color":"","overlay-opacity":"","overlay-gradient":""},"mobile":{"background-color":"","background-image":"","background-repeat":"repeat","background-position":"center center","background-size":"auto","background-attachment":"scroll","background-type":"","background-media":"","overlay-type":"","overlay-color":"","overlay-opacity":"","overlay-gradient":""}},"ast-content-background-meta":{"desktop":{"background-color":"var(--ast-global-color-4)","background-image":"","background-repeat":"repeat","background-position":"center center","background-size":"auto","background-attachment":"scroll","background-type":"","background-media":"","overlay-type":"","overlay-color":"","overlay-opacity":"","overlay-gradient":""},"tablet":{"background-color":"var(--ast-global-color-4)","background-image":"","background-repeat":"repeat","background-position":"center center","background-size":"auto","background-attachment":"scroll","background-type":"","background-media":"","overlay-type":"","overlay-color":"","overlay-opacity":"","overlay-gradient":""},"mobile":{"background-color":"var(--ast-global-color-4)","background-image":"","background-repeat":"repeat","background-position":"center center","background-size":"auto","background-attachment":"scroll","background-type":"","background-media":"","overlay-type":"","overlay-color":"","overlay-opacity":"","overlay-gradient":""}},"footnotes":""},"class_list":["post-1529","page","type-page","status-publish","hentry"],"_links":{"self":[{"href":"https:\/\/outfit.zikoway.pl\/index.php?rest_route=\/wp\/v2\/pages\/1529","targetHints":{"allow":["GET"]}}],"collection":[{"href":"https:\/\/outfit.zikoway.pl\/index.php?rest_route=\/wp\/v2\/pages"}],"about":[{"href":"https:\/\/outfit.zikoway.pl\/index.php?rest_route=\/wp\/v2\/types\/page"}],"author":[{"embeddable":true,"href":"https:\/\/outfit.zikoway.pl\/index.php?rest_route=\/wp\/v2\/users\/1"}],"replies":[{"embeddable":true,"href":"https:\/\/outfit.zikoway.pl\/index.php?rest_route=%2Fwp%2Fv2%2Fcomments&post=1529"}],"version-history":[{"count":7,"href":"https:\/\/outfit.zikoway.pl\/index.php?rest_route=\/wp\/v2\/pages\/1529\/revisions"}],"predecessor-version":[{"id":1539,"href":"https:\/\/outfit.zikoway.pl\/index.php?rest_route=\/wp\/v2\/pages\/1529\/revisions\/1539"}],"wp:attachment":[{"href":"https:\/\/outfit.zikoway.pl\/index.php?rest_route=%2Fwp%2Fv2%2Fmedia&parent=1529"}],"curies":[{"name":"wp","href":"https:\/\/api.w.org\/{rel}","templated":true}]}}